{"id":21147,"date":"2026-02-03T16:43:02","date_gmt":"2026-02-04T00:43:02","guid":{"rendered":"https:\/\/mr66givry2.onrocket.site\/spendenmoeglichkeiten\/"},"modified":"2026-03-25T11:22:40","modified_gmt":"2026-03-25T18:22:40","slug":"spendenmoeglichkeiten","status":"publish","type":"page","link":"https:\/\/myotonic.org\/de\/mitmachen\/spendenmoeglichkeiten\/","title":{"rendered":"Spendenm\u00f6glichkeiten"},"content":{"rendered":"\t\t<div data-elementor-type=\"wp-page\" data-elementor-id=\"21147\" class=\"elementor elementor-21147 elementor-18052\" data-elementor-post-type=\"page\">\n\t\t\t\t<div class=\"elementor-element elementor-element-79e9f44 e-flex e-con-boxed e-con e-parent\" data-id=\"79e9f44\" data-element_type=\"container\" data-e-type=\"container\" data-settings=\"{&quot;background_background&quot;:&quot;classic&quot;}\">\n\t\t\t\t\t<div class=\"e-con-inner\">\n\t\t<div class=\"elementor-element elementor-element-007326f e-con-full e-flex e-con e-child\" data-id=\"007326f\" data-element_type=\"container\" data-e-type=\"container\">\n\t\t\t\t<div class=\"elementor-element elementor-element-ae51a2f elementor-align-left elementor-widget elementor-widget-breadcrumbs\" data-id=\"ae51a2f\" data-element_type=\"widget\" data-e-type=\"widget\" data-widget_type=\"breadcrumbs.default\">\n\t\t\t\t<div class=\"elementor-widget-container\">\n\t\t\t\t\t<nav><\/nav>\t\t\t\t<\/div>\n\t\t\t\t<\/div>\n\t\t\t\t<div class=\"elementor-element elementor-element-fb1c6d1 elementor-widget__width-initial elementor-widget elementor-widget-heading\" data-id=\"fb1c6d1\" data-element_type=\"widget\" data-e-type=\"widget\" data-widget_type=\"heading.default\">\n\t\t\t\t<div class=\"elementor-widget-container\">\n\t\t\t\t\t<h1 class=\"elementor-heading-title elementor-size-default\">Spendenm\u00f6glichkeiten<\/h1>\t\t\t\t<\/div>\n\t\t\t\t<\/div>\n\t\t\t\t<div class=\"elementor-element elementor-element-e9761e5 elementor-widget__width-initial elementor-widget elementor-widget-heading\" data-id=\"e9761e5\" data-element_type=\"widget\" data-e-type=\"widget\" data-widget_type=\"heading.default\">\n\t\t\t\t<div class=\"elementor-widget-container\">\n\t\t\t\t\t<p class=\"elementor-heading-title elementor-size-default\">Entdecken Sie die vielf\u00e4ltigen M\u00f6glichkeiten, wie Sie einen bedeutenden Unterschied machen k\u00f6nnen. Helfen Sie, das Leben der Menschen mit myotoner Dystrophie zu retten und zu verbessern.<\/p>\t\t\t\t<\/div>\n\t\t\t\t<\/div>\n\t\t\t\t<div class=\"elementor-element elementor-element-d459f7b elementor-widget elementor-widget-button\" data-id=\"d459f7b\" data-element_type=\"widget\" data-e-type=\"widget\" data-widget_type=\"button.default\">\n\t\t\t\t<div class=\"elementor-widget-container\">\n\t\t\t\t\t\t\t\t\t<div class=\"elementor-button-wrapper\">\n\t\t\t\t\t<a class=\"elementor-button elementor-button-link elementor-size-sm\" href=\"#learn-more\">\n\t\t\t\t\t\t<span class=\"elementor-button-content-wrapper\">\n\t\t\t\t\t\t\t\t\t<span class=\"elementor-button-text\">Scrollen Sie, um mehr zu erfahren<\/span>\n\t\t\t\t\t<\/span>\n\t\t\t\t\t<\/a>\n\t\t\t\t<\/div>\n\t\t\t\t\t\t\t\t<\/div>\n\t\t\t\t<\/div>\n\t\t\t\t<\/div>\n\t\t<div class=\"elementor-element elementor-element-c2c2eb1 e-con-full e-flex e-con e-child\" data-id=\"c2c2eb1\" data-element_type=\"container\" data-e-type=\"container\">\n\t\t\t\t<div class=\"elementor-element elementor-element-2fba568 elementor-widget-tablet__width-initial elementor-widget elementor-widget-image\" data-id=\"2fba568\" data-element_type=\"widget\" data-e-type=\"widget\" data-widget_type=\"image.default\">\n\t\t\t\t<div class=\"elementor-widget-container\">\n\t\t\t\t\t\t\t\t\t\t\t\t\t\t\t<img fetchpriority=\"high\" decoding=\"async\" width=\"800\" height=\"534\" src=\"https:\/\/myotonic.org\/wp-content\/uploads\/ways-to-give-img.jpg\" class=\"attachment-large size-large wp-image-21079\" alt=\"\" srcset=\"https:\/\/myotonic.org\/wp-content\/uploads\/ways-to-give-img.jpg 1000w, https:\/\/myotonic.org\/wp-content\/uploads\/ways-to-give-img-300x200.jpg 300w, https:\/\/myotonic.org\/wp-content\/uploads\/ways-to-give-img-768x512.jpg 768w\" sizes=\"(max-width: 800px) 100vw, 800px\" \/>\t\t\t\t\t\t\t\t\t\t\t\t\t\t\t<\/div>\n\t\t\t\t<\/div>\n\t\t\t\t<\/div>\n\t\t\t\t\t<\/div>\n\t\t\t\t<\/div>\n\t\t<div class=\"elementor-element elementor-element-5c7e6e0 e-flex e-con-boxed e-con e-parent\" data-id=\"5c7e6e0\" data-element_type=\"container\" data-e-type=\"container\" id=\"learn-more\">\n\t\t\t\t\t<div class=\"e-con-inner\">\n\t\t<div class=\"elementor-element elementor-element-86825a5 e-con-full e-flex e-con e-child\" data-id=\"86825a5\" data-element_type=\"container\" data-e-type=\"container\">\n\t\t\t\t<div class=\"elementor-element elementor-element-c7b812c elementor-widget-tablet__width-initial elementor-widget elementor-widget-image\" data-id=\"c7b812c\" data-element_type=\"widget\" data-e-type=\"widget\" data-widget_type=\"image.default\">\n\t\t\t\t<div class=\"elementor-widget-container\">\n\t\t\t\t\t\t\t\t\t\t\t\t\t\t\t<img decoding=\"async\" width=\"800\" height=\"534\" src=\"https:\/\/myotonic.org\/wp-content\/uploads\/donate-featured-1-1024x683.jpg\" class=\"attachment-large size-large wp-image-21149\" alt=\"\" srcset=\"https:\/\/myotonic.org\/wp-content\/uploads\/donate-featured-1-1024x683.jpg 1024w, https:\/\/myotonic.org\/wp-content\/uploads\/donate-featured-1-300x200.jpg 300w, https:\/\/myotonic.org\/wp-content\/uploads\/donate-featured-1-768x512.jpg 768w, https:\/\/myotonic.org\/wp-content\/uploads\/donate-featured-1.jpg 1300w\" sizes=\"(max-width: 800px) 100vw, 800px\" \/>\t\t\t\t\t\t\t\t\t\t\t\t\t\t\t<\/div>\n\t\t\t\t<\/div>\n\t\t\t\t<\/div>\n\t\t<div class=\"elementor-element elementor-element-792a87a e-con-full e-flex e-con e-child\" data-id=\"792a87a\" data-element_type=\"container\" data-e-type=\"container\">\n\t\t\t\t<div class=\"elementor-element elementor-element-9da3e5c elementor-widget-laptop__width-initial elementor-widget__width-initial elementor-widget elementor-widget-heading\" data-id=\"9da3e5c\" data-element_type=\"widget\" data-e-type=\"widget\" data-widget_type=\"heading.default\">\n\t\t\t\t<div class=\"elementor-widget-container\">\n\t\t\t\t\t<h2 class=\"elementor-heading-title elementor-size-default\">Spenden Sie an die Stiftung<\/h2>\t\t\t\t<\/div>\n\t\t\t\t<\/div>\n\t\t\t\t<div class=\"elementor-element elementor-element-73c2eb9 elementor-widget-tablet__width-initial elementor-widget__width-initial elementor-widget elementor-widget-text-editor\" data-id=\"73c2eb9\" data-element_type=\"widget\" data-e-type=\"widget\" data-widget_type=\"text-editor.default\">\n\t\t\t\t<div class=\"elementor-widget-container\">\n\t\t\t\t\t\t\t\t\t<p>Ihre Spende an die Myotonic Dystrophy Foundation f\u00f6rdert unsere Mission \u2013 Gemeinschaft, F\u00fcrsorge und Heilung.<\/p>\t\t\t\t\t\t\t\t<\/div>\n\t\t\t\t<\/div>\n\t\t\t\t<div class=\"elementor-element elementor-element-1327c65 elementor-mobile-align-center elementor-icon-list--layout-traditional elementor-list-item-link-full_width elementor-widget elementor-widget-icon-list\" data-id=\"1327c65\" data-element_type=\"widget\" data-e-type=\"widget\" data-widget_type=\"icon-list.default\">\n\t\t\t\t<div class=\"elementor-widget-container\">\n\t\t\t\t\t\t\t<ul class=\"elementor-icon-list-items\">\n\t\t\t\t\t\t\t<li class=\"elementor-icon-list-item\">\n\t\t\t\t\t\t\t\t\t\t<span class=\"elementor-icon-list-text\">Spenden Sie online oder per Post<\/span>\n\t\t\t\t\t\t\t\t\t<\/li>\n\t\t\t\t\t\t\t\t<li class=\"elementor-icon-list-item\">\n\t\t\t\t\t\t\t\t\t\t<span class=\"elementor-icon-list-text\">Spenden Sie im Gedenken an oder zu Ehren einer besonderen Person<\/span>\n\t\t\t\t\t\t\t\t\t<\/li>\n\t\t\t\t\t\t\t\t<li class=\"elementor-icon-list-item\">\n\t\t\t\t\t\t\t\t\t\t<span class=\"elementor-icon-list-text\">Spenden Sie Ihren K\u00f6rper der Wissenschaft, um die Forschung und zuk\u00fcnftige Behandlungen voranzutreiben<\/span>\n\t\t\t\t\t\t\t\t\t<\/li>\n\t\t\t\t\t\t<\/ul>\n\t\t\t\t\t\t<\/div>\n\t\t\t\t<\/div>\n\t\t\t\t<div class=\"elementor-element elementor-element-f58b398 elementor-widget elementor-widget-button\" data-id=\"f58b398\" data-element_type=\"widget\" data-e-type=\"widget\" data-widget_type=\"button.default\">\n\t\t\t\t<div class=\"elementor-widget-container\">\n\t\t\t\t\t\t\t\t\t<div class=\"elementor-button-wrapper\">\n\t\t\t\t\t<a class=\"elementor-button elementor-button-link elementor-size-sm\" href=\"https:\/\/myotonic.org\/de\/spenden\/\">\n\t\t\t\t\t\t<span class=\"elementor-button-content-wrapper\">\n\t\t\t\t\t\t\t\t\t<span class=\"elementor-button-text\">Mehr erfahren<\/span>\n\t\t\t\t\t<\/span>\n\t\t\t\t\t<\/a>\n\t\t\t\t<\/div>\n\t\t\t\t\t\t\t\t<\/div>\n\t\t\t\t<\/div>\n\t\t\t\t<\/div>\n\t\t\t\t\t<\/div>\n\t\t\t\t<\/div>\n\t\t<div class=\"elementor-element elementor-element-79c9886 e-flex e-con-boxed e-con e-parent\" data-id=\"79c9886\" data-element_type=\"container\" data-e-type=\"container\">\n\t\t\t\t\t<div class=\"e-con-inner\">\n\t\t<div class=\"elementor-element elementor-element-1e85f0b e-con-full e-flex e-con e-child\" data-id=\"1e85f0b\" data-element_type=\"container\" data-e-type=\"container\">\n\t\t\t\t<div class=\"elementor-element elementor-element-c79d26b elementor-widget-laptop__width-initial elementor-widget__width-initial elementor-widget elementor-widget-heading\" data-id=\"c79d26b\" data-element_type=\"widget\" data-e-type=\"widget\" data-widget_type=\"heading.default\">\n\t\t\t\t<div class=\"elementor-widget-container\">\n\t\t\t\t\t<h2 class=\"elementor-heading-title elementor-size-default\">Starten Sie eine Spendenaktion<\/h2>\t\t\t\t<\/div>\n\t\t\t\t<\/div>\n\t\t\t\t<div class=\"elementor-element elementor-element-0f1d5f1 elementor-widget-tablet__width-initial elementor-widget__width-initial elementor-widget elementor-widget-text-editor\" data-id=\"0f1d5f1\" data-element_type=\"widget\" data-e-type=\"widget\" data-widget_type=\"text-editor.default\">\n\t\t\t\t<div class=\"elementor-widget-container\">\n\t\t\t\t\t\t\t\t\t<p>Starten Sie eine pers\u00f6nliche oder gemeinschaftliche Kampagne und verbreiten Sie das Bewusstsein f\u00fcr myotoner Dystrophie. <\/p>\t\t\t\t\t\t\t\t<\/div>\n\t\t\t\t<\/div>\n\t\t\t\t<div class=\"elementor-element elementor-element-1b02a1a elementor-mobile-align-center elementor-icon-list--layout-traditional elementor-list-item-link-full_width elementor-widget elementor-widget-icon-list\" data-id=\"1b02a1a\" data-element_type=\"widget\" data-e-type=\"widget\" data-widget_type=\"icon-list.default\">\n\t\t\t\t<div class=\"elementor-widget-container\">\n\t\t\t\t\t\t\t<ul class=\"elementor-icon-list-items\">\n\t\t\t\t\t\t\t<li class=\"elementor-icon-list-item\">\n\t\t\t\t\t\t\t\t\t\t<span class=\"elementor-icon-list-text\">Geburtstags- oder Meilenstein-Spendenaktionen zur Feier eines besonderen Anlasses<\/span>\n\t\t\t\t\t\t\t\t\t<\/li>\n\t\t\t\t\t\t\t\t<li class=\"elementor-icon-list-item\">\n\t\t\t\t\t\t\t\t\t\t<span class=\"elementor-icon-list-text\">Gemeinschaftstreffen und Gedenkfeiern, die Menschen zusammenbringen<\/span>\n\t\t\t\t\t\t\t\t\t<\/li>\n\t\t\t\t\t\t\t\t<li class=\"elementor-icon-list-item\">\n\t\t\t\t\t\t\t\t\t\t<span class=\"elementor-icon-list-text\">Starten Sie eine DIY-Kampagne, indem Sie eine personalisierte Spendenaktion erstellen, die Ihre Leidenschaften widerspiegelt<\/span>\n\t\t\t\t\t\t\t\t\t<\/li>\n\t\t\t\t\t\t<\/ul>\n\t\t\t\t\t\t<\/div>\n\t\t\t\t<\/div>\n\t\t\t\t<div class=\"elementor-element elementor-element-de30a37 elementor-widget elementor-widget-button\" data-id=\"de30a37\" data-element_type=\"widget\" data-e-type=\"widget\" data-widget_type=\"button.default\">\n\t\t\t\t<div class=\"elementor-widget-container\">\n\t\t\t\t\t\t\t\t\t<div class=\"elementor-button-wrapper\">\n\t\t\t\t\t<a class=\"elementor-button elementor-button-link elementor-size-sm\" href=\"https:\/\/myotonic.org\/de\/mitmachen\/spenden-sammeln\/\">\n\t\t\t\t\t\t<span class=\"elementor-button-content-wrapper\">\n\t\t\t\t\t\t\t\t\t<span class=\"elementor-button-text\">Spenden sammeln<\/span>\n\t\t\t\t\t<\/span>\n\t\t\t\t\t<\/a>\n\t\t\t\t<\/div>\n\t\t\t\t\t\t\t\t<\/div>\n\t\t\t\t<\/div>\n\t\t\t\t<\/div>\n\t\t<div class=\"elementor-element elementor-element-3addef3 e-con-full e-flex e-con e-child\" data-id=\"3addef3\" data-element_type=\"container\" data-e-type=\"container\">\n\t\t\t\t<div class=\"elementor-element elementor-element-b97cc5f elementor-widget-tablet__width-initial elementor-widget elementor-widget-image\" data-id=\"b97cc5f\" data-element_type=\"widget\" data-e-type=\"widget\" data-widget_type=\"image.default\">\n\t\t\t\t<div class=\"elementor-widget-container\">\n\t\t\t\t\t\t\t\t\t\t\t\t\t\t\t<img decoding=\"async\" width=\"800\" height=\"534\" src=\"https:\/\/myotonic.org\/wp-content\/uploads\/ways-to-give-fundraiser.jpg\" class=\"attachment-large size-large wp-image-21148\" alt=\"\" srcset=\"https:\/\/myotonic.org\/wp-content\/uploads\/ways-to-give-fundraiser.jpg 800w, https:\/\/myotonic.org\/wp-content\/uploads\/ways-to-give-fundraiser-300x200.jpg 300w, https:\/\/myotonic.org\/wp-content\/uploads\/ways-to-give-fundraiser-768x513.jpg 768w\" sizes=\"(max-width: 800px) 100vw, 800px\" \/>\t\t\t\t\t\t\t\t\t\t\t\t\t\t\t<\/div>\n\t\t\t\t<\/div>\n\t\t\t\t<\/div>\n\t\t\t\t\t<\/div>\n\t\t\t\t<\/div>\n\t\t<div class=\"elementor-element elementor-element-a6cef86 e-flex e-con-boxed e-con e-parent\" data-id=\"a6cef86\" data-element_type=\"container\" data-e-type=\"container\">\n\t\t\t\t\t<div class=\"e-con-inner\">\n\t\t<div class=\"elementor-element elementor-element-5fd4e02 e-con-full e-flex e-con e-child\" data-id=\"5fd4e02\" data-element_type=\"container\" data-e-type=\"container\">\n\t\t<div class=\"elementor-element elementor-element-46d0ecd e-con-full e-flex e-con e-child\" data-id=\"46d0ecd\" data-element_type=\"container\" data-e-type=\"container\">\n\t\t\t\t<div class=\"elementor-element elementor-element-874216c elementor-widget__width-initial elementor-widget elementor-widget-heading\" data-id=\"874216c\" data-element_type=\"widget\" data-e-type=\"widget\" data-widget_type=\"heading.default\">\n\t\t\t\t<div class=\"elementor-widget-container\">\n\t\t\t\t\t<h2 class=\"elementor-heading-title elementor-size-default\">Unternehmensspenden &amp; Partnerschaften<\/h2>\t\t\t\t<\/div>\n\t\t\t\t<\/div>\n\t\t\t\t<\/div>\n\t\t\t\t<div class=\"elementor-element elementor-element-062b209 elementor-widget-tablet__width-initial elementor-widget__width-initial elementor-widget elementor-widget-text-editor\" data-id=\"062b209\" data-element_type=\"widget\" data-e-type=\"widget\" data-widget_type=\"text-editor.default\">\n\t\t\t\t<div class=\"elementor-widget-container\">\n\t\t\t\t\t\t\t\t\t<p>Kontaktieren Sie MDF telefonisch unter 415-800-7777 oder per E-Mail unter <a href=\"mailto:development@myotonic.org\"><strong>development@myotonic.org<\/strong><\/a>, um mehr \u00fcber Unternehmensspenden und Partnerschaften zu erfahren.<\/p>\t\t\t\t\t\t\t\t<\/div>\n\t\t\t\t<\/div>\n\t\t\t\t<\/div>\n\t\t\t\t\t<\/div>\n\t\t\t\t<\/div>\n\t\t<div class=\"elementor-element elementor-element-9c00d26 e-flex e-con-boxed e-con e-parent\" data-id=\"9c00d26\" data-element_type=\"container\" data-e-type=\"container\" data-settings=\"{&quot;background_background&quot;:&quot;classic&quot;}\">\n\t\t\t\t\t<div class=\"e-con-inner\">\n\t\t\t\t<div class=\"elementor-element elementor-element-76e05b0 elementor-widget elementor-widget-heading\" data-id=\"76e05b0\" data-element_type=\"widget\" data-e-type=\"widget\" data-widget_type=\"heading.default\">\n\t\t\t\t<div class=\"elementor-widget-container\">\n\t\t\t\t\t<h2 class=\"elementor-heading-title elementor-size-default\">Weitere Spendenm\u00f6glichkeiten<\/h2>\t\t\t\t<\/div>\n\t\t\t\t<\/div>\n\t\t<div class=\"elementor-element elementor-element-4ee9c4e e-con-full e-flex e-con e-child\" data-id=\"4ee9c4e\" data-element_type=\"container\" data-e-type=\"container\">\n\t\t<a class=\"elementor-element elementor-element-59aeb50 e-con-full e-flex e-con e-child\" data-id=\"59aeb50\" data-element_type=\"container\" data-e-type=\"container\" data-settings=\"{&quot;background_background&quot;:&quot;classic&quot;}\" href=\"https:\/\/myotonic.org\/get-involved\/volunteer\/\">\n\t\t<div class=\"elementor-element elementor-element-dcfb4c6 e-con-full e-flex e-con e-child\" data-id=\"dcfb4c6\" data-element_type=\"container\" data-e-type=\"container\">\n\t\t\t\t<div class=\"elementor-element elementor-element-d564dd6 elementor-widget elementor-widget-heading\" data-id=\"d564dd6\" data-element_type=\"widget\" data-e-type=\"widget\" data-widget_type=\"heading.default\">\n\t\t\t\t<div class=\"elementor-widget-container\">\n\t\t\t\t\t<h3 class=\"elementor-heading-title elementor-size-default\">Freiwillig engagieren<\/h3>\t\t\t\t<\/div>\n\t\t\t\t<\/div>\n\t\t\t\t<div class=\"elementor-element elementor-element-bc964c0 elementor-widget elementor-widget-heading\" data-id=\"bc964c0\" data-element_type=\"widget\" data-e-type=\"widget\" data-widget_type=\"heading.default\">\n\t\t\t\t<div class=\"elementor-widget-container\">\n\t\t\t\t\t<p class=\"elementor-heading-title elementor-size-default\">St\u00e4rken Sie Programme, unterst\u00fctzen Sie Familien und f\u00f6rdern Sie die Mission f\u00fcr die DM-Gemeinschaft.<\/p>\t\t\t\t<\/div>\n\t\t\t\t<\/div>\n\t\t\t\t<\/div>\n\t\t\t\t<div class=\"elementor-element elementor-element-d022362 elementor-widget-tablet__width-initial elementor-widget-mobile__width-inherit elementor-widget elementor-widget-image\" data-id=\"d022362\" data-element_type=\"widget\" data-e-type=\"widget\" data-widget_type=\"image.default\">\n\t\t\t\t<div class=\"elementor-widget-container\">\n\t\t\t\t\t\t\t\t\t\t\t\t\t\t\t<img loading=\"lazy\" decoding=\"async\" width=\"800\" height=\"534\" src=\"https:\/\/myotonic.org\/wp-content\/uploads\/volunteer-featured-1024x683.jpg\" class=\"attachment-large size-large wp-image-21150\" alt=\"\" srcset=\"https:\/\/myotonic.org\/wp-content\/uploads\/volunteer-featured-1024x683.jpg 1024w, https:\/\/myotonic.org\/wp-content\/uploads\/volunteer-featured-300x200.jpg 300w, https:\/\/myotonic.org\/wp-content\/uploads\/volunteer-featured-768x512.jpg 768w, https:\/\/myotonic.org\/wp-content\/uploads\/volunteer-featured.jpg 1300w\" sizes=\"(max-width: 800px) 100vw, 800px\" \/>\t\t\t\t\t\t\t\t\t\t\t\t\t\t\t<\/div>\n\t\t\t\t<\/div>\n\t\t\t\t<\/a>\n\t\t<a class=\"elementor-element elementor-element-bcdbdf2 e-con-full e-flex e-con e-child\" data-id=\"bcdbdf2\" data-element_type=\"container\" data-e-type=\"container\" data-settings=\"{&quot;background_background&quot;:&quot;classic&quot;}\" href=\"https:\/\/myotonic.org\/events\/\">\n\t\t<div class=\"elementor-element elementor-element-ac8d478 e-con-full e-flex e-con e-child\" data-id=\"ac8d478\" data-element_type=\"container\" data-e-type=\"container\">\n\t\t\t\t<div class=\"elementor-element elementor-element-3e83acd elementor-widget elementor-widget-heading\" data-id=\"3e83acd\" data-element_type=\"widget\" data-e-type=\"widget\" data-widget_type=\"heading.default\">\n\t\t\t\t<div class=\"elementor-widget-container\">\n\t\t\t\t\t<h3 class=\"elementor-heading-title elementor-size-default\">Nehmen Sie an einer Veranstaltung teil<\/h3>\t\t\t\t<\/div>\n\t\t\t\t<\/div>\n\t\t\t\t<div class=\"elementor-element elementor-element-ee29424 elementor-widget elementor-widget-heading\" data-id=\"ee29424\" data-element_type=\"widget\" data-e-type=\"widget\" data-widget_type=\"heading.default\">\n\t\t\t\t<div class=\"elementor-widget-container\">\n\t\t\t\t\t<p class=\"elementor-heading-title elementor-size-default\">Nehmen Sie an Veranstaltungen teil, die das Bewusstsein sch\u00e4rfen und Verbindungen aufbauen.<\/p>\t\t\t\t<\/div>\n\t\t\t\t<\/div>\n\t\t\t\t<\/div>\n\t\t\t\t<div class=\"elementor-element elementor-element-e99fe1c elementor-widget-tablet__width-initial elementor-widget-mobile__width-inherit elementor-widget elementor-widget-image\" data-id=\"e99fe1c\" data-element_type=\"widget\" data-e-type=\"widget\" data-widget_type=\"image.default\">\n\t\t\t\t<div class=\"elementor-widget-container\">\n\t\t\t\t\t\t\t\t\t\t\t\t\t\t\t<img loading=\"lazy\" decoding=\"async\" width=\"800\" height=\"534\" src=\"https:\/\/myotonic.org\/wp-content\/uploads\/events-img.jpg\" class=\"attachment-large size-large wp-image-21007\" alt=\"\" srcset=\"https:\/\/myotonic.org\/wp-content\/uploads\/events-img.jpg 1000w, https:\/\/myotonic.org\/wp-content\/uploads\/events-img-300x200.jpg 300w, https:\/\/myotonic.org\/wp-content\/uploads\/events-img-768x512.jpg 768w\" sizes=\"(max-width: 800px) 100vw, 800px\" \/>\t\t\t\t\t\t\t\t\t\t\t\t\t\t\t<\/div>\n\t\t\t\t<\/div>\n\t\t\t\t<\/a>\n\t\t<a class=\"elementor-element elementor-element-f9bf040 e-con-full e-flex e-con e-child\" data-id=\"f9bf040\" data-element_type=\"container\" data-e-type=\"container\" data-settings=\"{&quot;background_background&quot;:&quot;classic&quot;}\" href=\"https:\/\/myotonic.org\/get-involved\/advocate\/\">\n\t\t<div class=\"elementor-element elementor-element-9c76550 e-con-full e-flex e-con e-child\" data-id=\"9c76550\" data-element_type=\"container\" data-e-type=\"container\">\n\t\t\t\t<div class=\"elementor-element elementor-element-af3b2c1 elementor-widget elementor-widget-heading\" data-id=\"af3b2c1\" data-element_type=\"widget\" data-e-type=\"widget\" data-widget_type=\"heading.default\">\n\t\t\t\t<div class=\"elementor-widget-container\">\n\t\t\t\t\t<h3 class=\"elementor-heading-title elementor-size-default\">Sich einsetzen<\/h3>\t\t\t\t<\/div>\n\t\t\t\t<\/div>\n\t\t\t\t<div class=\"elementor-element elementor-element-40443a2 elementor-widget elementor-widget-heading\" data-id=\"40443a2\" data-element_type=\"widget\" data-e-type=\"widget\" data-widget_type=\"heading.default\">\n\t\t\t\t<div class=\"elementor-widget-container\">\n\t\t\t\t\t<p class=\"elementor-heading-title elementor-size-default\">F\u00f6rdern Sie Richtlinien und Finanzierungen, die den Fortschritt bei myotoner Dystrophie beschleunigen.<\/p>\t\t\t\t<\/div>\n\t\t\t\t<\/div>\n\t\t\t\t<\/div>\n\t\t\t\t<div class=\"elementor-element elementor-element-cb83de8 elementor-widget-tablet__width-initial elementor-widget-mobile__width-inherit elementor-widget elementor-widget-image\" data-id=\"cb83de8\" data-element_type=\"widget\" data-e-type=\"widget\" data-widget_type=\"image.default\">\n\t\t\t\t<div class=\"elementor-widget-container\">\n\t\t\t\t\t\t\t\t\t\t\t\t\t\t\t<img loading=\"lazy\" decoding=\"async\" width=\"800\" height=\"534\" src=\"https:\/\/myotonic.org\/wp-content\/uploads\/advocate-img-1024x683.jpg\" class=\"attachment-large size-large wp-image-21012\" alt=\"\" srcset=\"https:\/\/myotonic.org\/wp-content\/uploads\/advocate-img-1024x683.jpg 1024w, https:\/\/myotonic.org\/wp-content\/uploads\/advocate-img-300x200.jpg 300w, https:\/\/myotonic.org\/wp-content\/uploads\/advocate-img-768x512.jpg 768w, https:\/\/myotonic.org\/wp-content\/uploads\/advocate-img.jpg 1300w\" sizes=\"(max-width: 800px) 100vw, 800px\" \/>\t\t\t\t\t\t\t\t\t\t\t\t\t\t\t<\/div>\n\t\t\t\t<\/div>\n\t\t\t\t<\/a>\n\t\t\t\t<\/div>\n\t\t\t\t\t<\/div>\n\t\t\t\t<\/div>\n\t\t\t\t<\/div>\n\t\t","protected":false},"excerpt":{"rendered":"<p>Spendenm\u00f6glichkeiten Entdecken Sie die vielf\u00e4ltigen M\u00f6glichkeiten, wie Sie einen bedeutenden Unterschied machen k\u00f6nnen. Helfen Sie, das Leben der Menschen mit myotoner Dystrophie zu retten und zu verbessern. Scrollen Sie, um mehr zu erfahren Spenden Sie an die Stiftung Ihre Spende an die Myotonic Dystrophy Foundation f\u00f6rdert unsere Mission \u2013 Gemeinschaft, F\u00fcrsorge und Heilung. Spenden Sie [&hellip;]<\/p>\n","protected":false},"author":7,"featured_media":0,"parent":21830,"menu_order":0,"comment_status":"closed","ping_status":"closed","template":"","meta":{"footnotes":""},"class_list":["post-21147","page","type-page","status-publish","hentry"],"_links":{"self":[{"href":"https:\/\/myotonic.org\/de\/wp-json\/wp\/v2\/pages\/21147","targetHints":{"allow":["GET"]}}],"collection":[{"href":"https:\/\/myotonic.org\/de\/wp-json\/wp\/v2\/pages"}],"about":[{"href":"https:\/\/myotonic.org\/de\/wp-json\/wp\/v2\/types\/page"}],"author":[{"embeddable":true,"href":"https:\/\/myotonic.org\/de\/wp-json\/wp\/v2\/users\/7"}],"replies":[{"embeddable":true,"href":"https:\/\/myotonic.org\/de\/wp-json\/wp\/v2\/comments?post=21147"}],"version-history":[{"count":0,"href":"https:\/\/myotonic.org\/de\/wp-json\/wp\/v2\/pages\/21147\/revisions"}],"up":[{"embeddable":true,"href":"https:\/\/myotonic.org\/de\/wp-json\/wp\/v2\/pages\/21830"}],"wp:attachment":[{"href":"https:\/\/myotonic.org\/de\/wp-json\/wp\/v2\/media?parent=21147"}],"curies":[{"name":"wp","href":"https:\/\/api.w.org\/{rel}","templated":true}]}}