{"id":21211,"date":"2025-12-11T14:31:58","date_gmt":"2025-12-11T22:31:58","guid":{"rendered":"https:\/\/mr66givry2.onrocket.site\/unsere-geschichte\/"},"modified":"2026-03-24T20:40:44","modified_gmt":"2026-03-25T03:40:44","slug":"unsere-geschichte","status":"publish","type":"page","link":"https:\/\/myotonic.org\/de\/unsere-geschichte\/","title":{"rendered":"Unsere Geschichte"},"content":{"rendered":"\t\t<div data-elementor-type=\"wp-page\" data-elementor-id=\"21211\" class=\"elementor elementor-21211 elementor-9318\" data-elementor-post-type=\"page\">\n\t\t\t\t<div class=\"elementor-element elementor-element-1ddcc50 e-flex e-con-boxed e-con e-parent\" data-id=\"1ddcc50\" data-element_type=\"container\" data-e-type=\"container\" data-settings=\"{&quot;background_background&quot;:&quot;classic&quot;}\">\n\t\t\t\t\t<div class=\"e-con-inner\">\n\t\t<div class=\"elementor-element elementor-element-abbe7da e-con-full e-flex e-con e-child\" data-id=\"abbe7da\" data-element_type=\"container\" data-e-type=\"container\">\n\t\t\t\t<div class=\"elementor-element elementor-element-66560da elementor-align-left elementor-widget elementor-widget-breadcrumbs\" data-id=\"66560da\" data-element_type=\"widget\" data-e-type=\"widget\" data-widget_type=\"breadcrumbs.default\">\n\t\t\t\t<div class=\"elementor-widget-container\">\n\t\t\t\t\t<nav><\/nav>\t\t\t\t<\/div>\n\t\t\t\t<\/div>\n\t\t\t\t<div class=\"elementor-element elementor-element-14bca7b elementor-widget__width-initial elementor-widget elementor-widget-heading\" data-id=\"14bca7b\" data-element_type=\"widget\" data-e-type=\"widget\" data-widget_type=\"heading.default\">\n\t\t\t\t<div class=\"elementor-widget-container\">\n\t\t\t\t\t<h1 class=\"elementor-heading-title elementor-size-default\">Geschichte der Stiftung<\/h1>\t\t\t\t<\/div>\n\t\t\t\t<\/div>\n\t\t\t\t<div class=\"elementor-element elementor-element-4df8c07 elementor-widget-laptop__width-initial elementor-widget__width-initial elementor-widget elementor-widget-heading\" data-id=\"4df8c07\" data-element_type=\"widget\" data-e-type=\"widget\" data-widget_type=\"heading.default\">\n\t\t\t\t<div class=\"elementor-widget-container\">\n\t\t\t\t\t<p class=\"elementor-heading-title elementor-size-default\">St\u00e4rkung der DM-Gemeinschaft durch Unterst\u00fctzung, Pflege, Interessenvertretung und Forschung, die uns Behandlungen und einer Heilung n\u00e4her bringt.<\/p>\t\t\t\t<\/div>\n\t\t\t\t<\/div>\n\t\t<div class=\"elementor-element elementor-element-7ffa2e4 e-con-full e-flex e-con e-child\" data-id=\"7ffa2e4\" data-element_type=\"container\" data-e-type=\"container\">\n\t\t\t\t<div class=\"elementor-element elementor-element-ed818fb elementor-widget elementor-widget-button\" data-id=\"ed818fb\" data-element_type=\"widget\" data-e-type=\"widget\" data-widget_type=\"button.default\">\n\t\t\t\t<div class=\"elementor-widget-container\">\n\t\t\t\t\t\t\t\t\t<div class=\"elementor-button-wrapper\">\n\t\t\t\t\t<a class=\"elementor-button elementor-button-link elementor-size-sm\" href=\"#learn-more\">\n\t\t\t\t\t\t<span class=\"elementor-button-content-wrapper\">\n\t\t\t\t\t\t\t\t\t<span class=\"elementor-button-text\">Scrollen Sie, um mehr zu erfahren<\/span>\n\t\t\t\t\t<\/span>\n\t\t\t\t\t<\/a>\n\t\t\t\t<\/div>\n\t\t\t\t\t\t\t\t<\/div>\n\t\t\t\t<\/div>\n\t\t\t\t<\/div>\n\t\t\t\t<\/div>\n\t\t<div class=\"elementor-element elementor-element-5f00799 e-con-full e-flex e-con e-child\" data-id=\"5f00799\" data-element_type=\"container\" data-e-type=\"container\">\n\t\t\t\t<div class=\"elementor-element elementor-element-30f2150 elementor-widget-tablet__width-initial elementor-widget elementor-widget-image\" data-id=\"30f2150\" data-element_type=\"widget\" data-e-type=\"widget\" data-widget_type=\"image.default\">\n\t\t\t\t<div class=\"elementor-widget-container\">\n\t\t\t\t\t\t\t\t\t\t\t\t\t\t\t<img fetchpriority=\"high\" decoding=\"async\" width=\"800\" height=\"534\" src=\"https:\/\/myotonic.org\/wp-content\/uploads\/history-featured-1024x683.jpg\" class=\"attachment-large size-large wp-image-21201\" alt=\"\" srcset=\"https:\/\/myotonic.org\/wp-content\/uploads\/history-featured-1024x683.jpg 1024w, https:\/\/myotonic.org\/wp-content\/uploads\/history-featured-300x200.jpg 300w, https:\/\/myotonic.org\/wp-content\/uploads\/history-featured-768x512.jpg 768w, https:\/\/myotonic.org\/wp-content\/uploads\/history-featured.jpg 1300w\" sizes=\"(max-width: 800px) 100vw, 800px\" \/>\t\t\t\t\t\t\t\t\t\t\t\t\t\t\t<\/div>\n\t\t\t\t<\/div>\n\t\t\t\t<\/div>\n\t\t\t\t\t<\/div>\n\t\t\t\t<\/div>\n\t\t<div class=\"elementor-element elementor-element-5e908c1 e-flex e-con-boxed e-con e-parent\" data-id=\"5e908c1\" data-element_type=\"container\" data-e-type=\"container\" id=\"learn-more\">\n\t\t\t\t\t<div class=\"e-con-inner\">\n\t\t<div class=\"elementor-element elementor-element-071f147 e-con-full e-flex e-con e-child\" data-id=\"071f147\" data-element_type=\"container\" data-e-type=\"container\">\n\t\t\t\t<div class=\"elementor-element elementor-element-503bca1 elementor-widget-tablet__width-initial elementor-widget elementor-widget-image\" data-id=\"503bca1\" data-element_type=\"widget\" data-e-type=\"widget\" data-widget_type=\"image.default\">\n\t\t\t\t<div class=\"elementor-widget-container\">\n\t\t\t\t\t\t\t\t\t\t\t\t\t\t\t<img decoding=\"async\" width=\"800\" height=\"534\" src=\"https:\/\/myotonic.org\/wp-content\/uploads\/community-and-cure-img-1024x683.jpg\" class=\"attachment-large size-large wp-image-21202\" alt=\"\" srcset=\"https:\/\/myotonic.org\/wp-content\/uploads\/community-and-cure-img-1024x683.jpg 1024w, https:\/\/myotonic.org\/wp-content\/uploads\/community-and-cure-img-300x200.jpg 300w, https:\/\/myotonic.org\/wp-content\/uploads\/community-and-cure-img-768x512.jpg 768w, https:\/\/myotonic.org\/wp-content\/uploads\/community-and-cure-img.jpg 1300w\" sizes=\"(max-width: 800px) 100vw, 800px\" \/>\t\t\t\t\t\t\t\t\t\t\t\t\t\t\t<\/div>\n\t\t\t\t<\/div>\n\t\t\t\t<\/div>\n\t\t<div class=\"elementor-element elementor-element-0fd324b e-con-full e-flex e-con e-child\" data-id=\"0fd324b\" data-element_type=\"container\" data-e-type=\"container\">\n\t\t\t\t<div class=\"elementor-element elementor-element-eca5df6 elementor-widget-laptop__width-initial elementor-widget-tablet__width-inherit elementor-widget elementor-widget-heading\" data-id=\"eca5df6\" data-element_type=\"widget\" data-e-type=\"widget\" data-widget_type=\"heading.default\">\n\t\t\t\t<div class=\"elementor-widget-container\">\n\t\t\t\t\t<h2 class=\"elementor-heading-title elementor-size-default\">Gemeinschaft, Pflege und Heilung<\/h2>\t\t\t\t<\/div>\n\t\t\t\t<\/div>\n\t\t\t\t<div class=\"elementor-element elementor-element-a729be6 elementor-widget-tablet__width-initial elementor-widget elementor-widget-text-editor\" data-id=\"a729be6\" data-element_type=\"widget\" data-e-type=\"widget\" data-widget_type=\"text-editor.default\">\n\t\t\t\t<div class=\"elementor-widget-container\">\n\t\t\t\t\t\t\t\t\t<p>Die Myotonic Dystrophy Foundation (MDF) wurde 2007 in Kalifornien als gemeinn\u00fctzige Organisation nach 501(c)(3) gegr\u00fcndet. Von Anfang an konzentrierte sich unsere Mission \u201ePflege und Heilung\u201c darauf, Menschen mit myotoner Dystrophie (DM), ihre Familien und Betreuer mit vertrauensw\u00fcrdigen Informationen, Unterst\u00fctzung und untereinander zu vernetzen. Unser urspr\u00fcngliches Logo mit zwei sich sch\u00fcttelnden H\u00e4nden spiegelte die Gemeinschaft, das Vertrauen und den Respekt wider, die unsere Arbeit weiterhin leiten.  <\/p><p data-start=\"601\" data-end=\"951\">Heute ist die MDF die weltweit gr\u00f6\u00dfte Patientenvertretung mit Schwerpunkt auf myotoner Dystrophie und betreut Tausende von Einzelpersonen und Familien in mehr als 139 L\u00e4ndern. Gemeinsam mit unserer Gemeinschaft und unseren Unterst\u00fctzern haben wir mehr als 39 Millionen $ gesammelt und investiert, um die Versorgung zu verbessern, die Forschung voranzutreiben und die Entwicklung neuer Behandlungen f\u00fcr DM zu unterst\u00fctzen. <\/p>\t\t\t\t\t\t\t\t<\/div>\n\t\t\t\t<\/div>\n\t\t\t\t<div class=\"elementor-element elementor-element-dc8ddab elementor-widget elementor-widget-button\" data-id=\"dc8ddab\" data-element_type=\"widget\" data-e-type=\"widget\" data-widget_type=\"button.default\">\n\t\t\t\t<div class=\"elementor-widget-container\">\n\t\t\t\t\t\t\t\t\t<div class=\"elementor-button-wrapper\">\n\t\t\t\t\t<a class=\"elementor-button elementor-button-link elementor-size-sm\" href=\"https:\/\/myotonic.org\/de\/unsere-wirkung\/\">\n\t\t\t\t\t\t<span class=\"elementor-button-content-wrapper\">\n\t\t\t\t\t\t\t\t\t<span class=\"elementor-button-text\">Erfahren Sie mehr \u00fcber unsere Wirkung<\/span>\n\t\t\t\t\t<\/span>\n\t\t\t\t\t<\/a>\n\t\t\t\t<\/div>\n\t\t\t\t\t\t\t\t<\/div>\n\t\t\t\t<\/div>\n\t\t\t\t<\/div>\n\t\t\t\t\t<\/div>\n\t\t\t\t<\/div>\n\t\t<div class=\"elementor-element elementor-element-57e89a0 e-flex e-con-boxed e-con e-parent\" data-id=\"57e89a0\" data-element_type=\"container\" data-e-type=\"container\">\n\t\t\t\t\t<div class=\"e-con-inner\">\n\t\t<div class=\"elementor-element elementor-element-c3a0d66 e-con-full e-flex e-con e-child\" data-id=\"c3a0d66\" data-element_type=\"container\" data-e-type=\"container\">\n\t\t\t\t<div class=\"elementor-element elementor-element-60b777e elementor-widget-laptop__width-initial elementor-widget elementor-widget-heading\" data-id=\"60b777e\" data-element_type=\"widget\" data-e-type=\"widget\" data-widget_type=\"heading.default\">\n\t\t\t\t<div class=\"elementor-widget-container\">\n\t\t\t\t\t<h2 class=\"elementor-heading-title elementor-size-default\">Geschichte unseres Namens und unserer Marke<\/h2>\t\t\t\t<\/div>\n\t\t\t\t<\/div>\n\t\t\t\t<div class=\"elementor-element elementor-element-bae9e23 elementor-widget-tablet__width-initial elementor-widget elementor-widget-text-editor\" data-id=\"bae9e23\" data-element_type=\"widget\" data-e-type=\"widget\" data-widget_type=\"text-editor.default\">\n\t\t\t\t<div class=\"elementor-widget-container\">\n\t\t\t\t\t\t\t\t\t<p>Im September 2019 starteten wir eine Initiative mit dem Ziel, die Myotonic Dystrophy Foundation (MDF) besser zu differenzieren, indem wir den Namen der Organisation auf \u201eMyotonic\u201c verk\u00fcrzten. Unser Ziel war es, die Marke der Organisation weiterzuentwickeln, um unseren herzlichen, einladenden Ansatz hervorzuheben und dabei zu helfen, die myotone Dystrophie von anderen seltenen Krankheiten abzugrenzen. <\/p><p>Nach Umfragen in der Gemeinschaft und zahlreichen Interviews mit Interessenvertretern aus allen Bereichen des \u00d6kosystems der Stiftung wurde deutlich, dass die Annahme des Namens \u201eMyotonic\u201c nicht die urspr\u00fcnglich beabsichtigte Wirkung erzielte. Es gibt eine Pr\u00e4ferenz f\u00fcr den urspr\u00fcnglichen Namen \u201eMyotonic Dystrophy Foundation\u201c gegen\u00fcber \u201eMyotonic\u201c. Dieser Prozess hat die St\u00e4rke und Bedeutung des vollst\u00e4ndigen Namens der Organisation unterstrichen, sodass wir 2020 unser Logo aktualisiert haben und stolz zu unserem urspr\u00fcnglichen Namen zur\u00fcckgekehrt sind: der <b>Myotonic Dystrophy Foundation.<\/b>  <\/p>\t\t\t\t\t\t\t\t<\/div>\n\t\t\t\t<\/div>\n\t\t\t\t<\/div>\n\t\t<div class=\"elementor-element elementor-element-7846c95 e-con-full e-flex e-con e-child\" data-id=\"7846c95\" data-element_type=\"container\" data-e-type=\"container\">\n\t\t\t\t<div class=\"elementor-element elementor-element-784e500 elementor-widget-tablet__width-initial elementor-widget elementor-widget-image\" data-id=\"784e500\" data-element_type=\"widget\" data-e-type=\"widget\" data-widget_type=\"image.default\">\n\t\t\t\t<div class=\"elementor-widget-container\">\n\t\t\t\t\t\t\t\t\t\t\t\t\t\t\t<img decoding=\"async\" width=\"800\" height=\"534\" src=\"https:\/\/myotonic.org\/wp-content\/uploads\/history-of-name-and-brand-mdf-1024x683.jpg\" class=\"attachment-large size-large wp-image-21203\" alt=\"\" srcset=\"https:\/\/myotonic.org\/wp-content\/uploads\/history-of-name-and-brand-mdf-1024x683.jpg 1024w, https:\/\/myotonic.org\/wp-content\/uploads\/history-of-name-and-brand-mdf-300x200.jpg 300w, https:\/\/myotonic.org\/wp-content\/uploads\/history-of-name-and-brand-mdf-768x512.jpg 768w, https:\/\/myotonic.org\/wp-content\/uploads\/history-of-name-and-brand-mdf.jpg 1300w\" sizes=\"(max-width: 800px) 100vw, 800px\" \/>\t\t\t\t\t\t\t\t\t\t\t\t\t\t\t<\/div>\n\t\t\t\t<\/div>\n\t\t\t\t<\/div>\n\t\t\t\t\t<\/div>\n\t\t\t\t<\/div>\n\t\t<div class=\"elementor-element elementor-element-f9846a7 e-flex e-con-boxed e-con e-parent\" data-id=\"f9846a7\" data-element_type=\"container\" data-e-type=\"container\">\n\t\t\t\t\t<div class=\"e-con-inner\">\n\t\t<div class=\"elementor-element elementor-element-34f6e8e e-con-full e-flex e-con e-child\" data-id=\"34f6e8e\" data-element_type=\"container\" data-e-type=\"container\">\n\t\t\t\t<div class=\"elementor-element elementor-element-feaa8a6 elementor-widget-tablet__width-initial elementor-widget elementor-widget-image\" data-id=\"feaa8a6\" data-element_type=\"widget\" data-e-type=\"widget\" data-widget_type=\"image.default\">\n\t\t\t\t<div class=\"elementor-widget-container\">\n\t\t\t\t\t\t\t\t\t\t\t\t\t\t\t<img loading=\"lazy\" decoding=\"async\" width=\"800\" height=\"534\" src=\"https:\/\/myotonic.org\/wp-content\/uploads\/mdf-uk-img-1024x683.jpg\" class=\"attachment-large size-large wp-image-21204\" alt=\"\" srcset=\"https:\/\/myotonic.org\/wp-content\/uploads\/mdf-uk-img-1024x683.jpg 1024w, https:\/\/myotonic.org\/wp-content\/uploads\/mdf-uk-img-300x200.jpg 300w, https:\/\/myotonic.org\/wp-content\/uploads\/mdf-uk-img-768x512.jpg 768w, https:\/\/myotonic.org\/wp-content\/uploads\/mdf-uk-img.jpg 1300w\" sizes=\"(max-width: 800px) 100vw, 800px\" \/>\t\t\t\t\t\t\t\t\t\t\t\t\t\t\t<\/div>\n\t\t\t\t<\/div>\n\t\t\t\t<\/div>\n\t\t<div class=\"elementor-element elementor-element-9212b6b e-con-full e-flex e-con e-child\" data-id=\"9212b6b\" data-element_type=\"container\" data-e-type=\"container\">\n\t\t\t\t<div class=\"elementor-element elementor-element-145c68f elementor-widget-laptop__width-initial elementor-widget-tablet__width-initial elementor-widget__width-initial elementor-widget elementor-widget-heading\" data-id=\"145c68f\" data-element_type=\"widget\" data-e-type=\"widget\" data-widget_type=\"heading.default\">\n\t\t\t\t<div class=\"elementor-widget-container\">\n\t\t\t\t\t<h2 class=\"elementor-heading-title elementor-size-default\">\u00dcber MDF UK (ehemals Wyck Foundation)<\/h2>\t\t\t\t<\/div>\n\t\t\t\t<\/div>\n\t\t\t\t<div class=\"elementor-element elementor-element-62939bc elementor-widget-tablet__width-initial elementor-widget elementor-widget-text-editor\" data-id=\"62939bc\" data-element_type=\"widget\" data-e-type=\"widget\" data-widget_type=\"text-editor.default\">\n\t\t\t\t<div class=\"elementor-widget-container\">\n\t\t\t\t\t\t\t\t\t<p><strong>Im Dezember 2024 trafen die Treuh\u00e4nder der Myotonic Dystrophy Foundation UK (MDF UK) nach neun wirkungsvollen Jahren die schwierige Entscheidung, den Betrieb einzustellen, da sie der \u00dcberzeugung waren, dass dies im besten Interesse der Wohlt\u00e4tigkeitsorganisation und ihrer Mission sei.<\/strong><\/p><p>Die MDF UK, die urspr\u00fcnglich 2015 als <em>Wyck Foundation<\/em> gegr\u00fcndet wurde, entstand in London durch eine engagierte Gruppe von Einzelpersonen, die sich f\u00fcr die Unterst\u00fctzung globaler Bem\u00fchungen zur Verbesserung der Lebensqualit\u00e4t von Menschen mit myotoner Dystrophie (DM) einsetzten. Von Anfang an konzentrierte sich die MDF UK darauf, die Entdeckung von Behandlungen zu beschleunigen und Fortschritte in der Versorgung und Forschung bei DM voranzutreiben. <\/p>\t\t\t\t\t\t\t\t<\/div>\n\t\t\t\t<\/div>\n\t\t\t\t<div class=\"elementor-element elementor-element-75e58e0 elementor-widget elementor-widget-button\" data-id=\"75e58e0\" data-element_type=\"widget\" data-e-type=\"widget\" data-widget_type=\"button.default\">\n\t\t\t\t<div class=\"elementor-widget-container\">\n\t\t\t\t\t\t\t\t\t<div class=\"elementor-button-wrapper\">\n\t\t\t\t\t<a class=\"elementor-button elementor-button-link elementor-size-sm\" href=\"https:\/\/myotonic.org\/de\/unsere-geschichte\/mdf-uk\/\">\n\t\t\t\t\t\t<span class=\"elementor-button-content-wrapper\">\n\t\t\t\t\t\t\t\t\t<span class=\"elementor-button-text\">Investitionen der MDF UK in die DM-Forschung <\/span>\n\t\t\t\t\t<\/span>\n\t\t\t\t\t<\/a>\n\t\t\t\t<\/div>\n\t\t\t\t\t\t\t\t<\/div>\n\t\t\t\t<\/div>\n\t\t\t\t<\/div>\n\t\t\t\t\t<\/div>\n\t\t\t\t<\/div>\n\t\t<div class=\"elementor-element elementor-element-8c40345 e-con-full e-flex e-con e-parent\" data-id=\"8c40345\" data-element_type=\"container\" data-e-type=\"container\">\n\t\t\t\t<div class=\"elementor-element elementor-element-d58b2c1 elementor-widget elementor-widget-template\" data-id=\"d58b2c1\" data-element_type=\"widget\" data-e-type=\"widget\" data-widget_type=\"template.default\">\n\t\t\t\t<div class=\"elementor-widget-container\">\n\t\t\t\t\t\t\t<div class=\"elementor-template\">\n\t\t\t\t\t<div data-elementor-type=\"container\" data-elementor-id=\"21923\" class=\"elementor elementor-21923 elementor-9327 elementor-9327\" data-elementor-post-type=\"elementor_library\">\n\t\t\t\t<div class=\"elementor-element elementor-element-4da26a03 e-flex e-con-boxed e-con e-parent\" data-id=\"4da26a03\" data-element_type=\"container\" data-e-type=\"container\" data-settings=\"{&quot;background_background&quot;:&quot;classic&quot;}\">\n\t\t\t\t\t<div class=\"e-con-inner\">\n\t\t\t\t<div class=\"elementor-element elementor-element-7c7106fb elementor-widget elementor-widget-heading\" data-id=\"7c7106fb\" data-element_type=\"widget\" data-e-type=\"widget\" data-widget_type=\"heading.default\">\n\t\t\t\t<div class=\"elementor-widget-container\">\n\t\t\t\t\t<h2 class=\"elementor-heading-title elementor-size-default\">Helfen Sie uns, etwas zu bewirken<\/h2>\t\t\t\t<\/div>\n\t\t\t\t<\/div>\n\t\t<div class=\"elementor-element elementor-element-1761fd93 e-con-full e-flex e-con e-child\" data-id=\"1761fd93\" data-element_type=\"container\" data-e-type=\"container\">\n\t\t<a class=\"elementor-element elementor-element-2ecd0645 e-con-full e-flex e-con e-child\" data-id=\"2ecd0645\" data-element_type=\"container\" data-e-type=\"container\" data-settings=\"{&quot;background_background&quot;:&quot;classic&quot;}\" href=\"https:\/\/myotonic.org\/get-involved\/advocate\/\">\n\t\t<div class=\"elementor-element elementor-element-52a30c89 e-con-full e-flex e-con e-child\" data-id=\"52a30c89\" data-element_type=\"container\" data-e-type=\"container\">\n\t\t\t\t<div class=\"elementor-element elementor-element-5360b2a6 elementor-widget elementor-widget-heading\" data-id=\"5360b2a6\" data-element_type=\"widget\" data-e-type=\"widget\" data-widget_type=\"heading.default\">\n\t\t\t\t<div class=\"elementor-widget-container\">\n\t\t\t\t\t<h2 class=\"elementor-heading-title elementor-size-default\">Sich einsetzen<\/h2>\t\t\t\t<\/div>\n\t\t\t\t<\/div>\n\t\t\t\t<div class=\"elementor-element elementor-element-34f989c4 elementor-widget elementor-widget-heading\" data-id=\"34f989c4\" data-element_type=\"widget\" data-e-type=\"widget\" data-widget_type=\"heading.default\">\n\t\t\t\t<div class=\"elementor-widget-container\">\n\t\t\t\t\t<p class=\"elementor-heading-title elementor-size-default\">Helfen Sie, politische Ver\u00e4nderungen voranzutreiben und den Fortschritt f\u00fcr Menschen, die mit DM leben, zu beschleunigen.<\/p>\t\t\t\t<\/div>\n\t\t\t\t<\/div>\n\t\t\t\t<\/div>\n\t\t\t\t<div class=\"elementor-element elementor-element-29d67350 elementor-widget elementor-widget-image\" data-id=\"29d67350\" data-element_type=\"widget\" data-e-type=\"widget\" data-widget_type=\"image.default\">\n\t\t\t\t<div class=\"elementor-widget-container\">\n\t\t\t\t\t\t\t\t\t\t\t\t\t\t\t<img loading=\"lazy\" decoding=\"async\" width=\"800\" height=\"534\" src=\"https:\/\/myotonic.org\/wp-content\/uploads\/advocate-img-1024x683.jpg\" class=\"attachment-large size-large wp-image-21012\" alt=\"\" srcset=\"https:\/\/myotonic.org\/wp-content\/uploads\/advocate-img-1024x683.jpg 1024w, https:\/\/myotonic.org\/wp-content\/uploads\/advocate-img-300x200.jpg 300w, https:\/\/myotonic.org\/wp-content\/uploads\/advocate-img-768x512.jpg 768w, https:\/\/myotonic.org\/wp-content\/uploads\/advocate-img.jpg 1300w\" sizes=\"(max-width: 800px) 100vw, 800px\" \/>\t\t\t\t\t\t\t\t\t\t\t\t\t\t\t<\/div>\n\t\t\t\t<\/div>\n\t\t\t\t<\/a>\n\t\t<a class=\"elementor-element elementor-element-2486fb71 e-con-full e-flex e-con e-child\" data-id=\"2486fb71\" data-element_type=\"container\" data-e-type=\"container\" data-settings=\"{&quot;background_background&quot;:&quot;classic&quot;}\" href=\"https:\/\/myotonic.org\/get-involved\/fundraise\/\">\n\t\t<div class=\"elementor-element elementor-element-396ded59 e-con-full e-flex e-con e-child\" data-id=\"396ded59\" data-element_type=\"container\" data-e-type=\"container\">\n\t\t\t\t<div class=\"elementor-element elementor-element-290f4cc elementor-widget elementor-widget-heading\" data-id=\"290f4cc\" data-element_type=\"widget\" data-e-type=\"widget\" data-widget_type=\"heading.default\">\n\t\t\t\t<div class=\"elementor-widget-container\">\n\t\t\t\t\t<h2 class=\"elementor-heading-title elementor-size-default\">Spenden sammeln<\/h2>\t\t\t\t<\/div>\n\t\t\t\t<\/div>\n\t\t\t\t<div class=\"elementor-element elementor-element-6f7d9f2e elementor-widget elementor-widget-heading\" data-id=\"6f7d9f2e\" data-element_type=\"widget\" data-e-type=\"widget\" data-widget_type=\"heading.default\">\n\t\t\t\t<div class=\"elementor-widget-container\">\n\t\t\t\t\t<p class=\"elementor-heading-title elementor-size-default\">Mobilisieren Sie Ihre Community, um wichtige Ressourcen und lebensver\u00e4ndernde Forschung zu unterst\u00fctzen.<\/p>\t\t\t\t<\/div>\n\t\t\t\t<\/div>\n\t\t\t\t<\/div>\n\t\t\t\t<div class=\"elementor-element elementor-element-61b60249 elementor-widget elementor-widget-image\" data-id=\"61b60249\" data-element_type=\"widget\" data-e-type=\"widget\" data-widget_type=\"image.default\">\n\t\t\t\t<div class=\"elementor-widget-container\">\n\t\t\t\t\t\t\t\t\t\t\t\t\t\t\t<img loading=\"lazy\" decoding=\"async\" width=\"800\" height=\"534\" src=\"https:\/\/myotonic.org\/wp-content\/uploads\/fundraise-img-1024x683.jpg\" class=\"attachment-large size-large wp-image-21013\" alt=\"\" srcset=\"https:\/\/myotonic.org\/wp-content\/uploads\/fundraise-img-1024x683.jpg 1024w, https:\/\/myotonic.org\/wp-content\/uploads\/fundraise-img-300x200.jpg 300w, https:\/\/myotonic.org\/wp-content\/uploads\/fundraise-img-768x512.jpg 768w, https:\/\/myotonic.org\/wp-content\/uploads\/fundraise-img.jpg 1300w\" sizes=\"(max-width: 800px) 100vw, 800px\" \/>\t\t\t\t\t\t\t\t\t\t\t\t\t\t\t<\/div>\n\t\t\t\t<\/div>\n\t\t\t\t<\/a>\n\t\t<a class=\"elementor-element elementor-element-4e985d8c e-con-full e-flex e-con e-child\" data-id=\"4e985d8c\" data-element_type=\"container\" data-e-type=\"container\" data-settings=\"{&quot;background_background&quot;:&quot;classic&quot;}\" href=\"https:\/\/myotonic.org\/get-involved\/volunteer\/\">\n\t\t<div class=\"elementor-element elementor-element-53a424cc e-con-full e-flex e-con e-child\" data-id=\"53a424cc\" data-element_type=\"container\" data-e-type=\"container\">\n\t\t\t\t<div class=\"elementor-element elementor-element-43553be6 elementor-widget elementor-widget-heading\" data-id=\"43553be6\" data-element_type=\"widget\" data-e-type=\"widget\" data-widget_type=\"heading.default\">\n\t\t\t\t<div class=\"elementor-widget-container\">\n\t\t\t\t\t<h2 class=\"elementor-heading-title elementor-size-default\">Freiwillig engagieren<\/h2>\t\t\t\t<\/div>\n\t\t\t\t<\/div>\n\t\t\t\t<div class=\"elementor-element elementor-element-7d78d57c elementor-widget elementor-widget-heading\" data-id=\"7d78d57c\" data-element_type=\"widget\" data-e-type=\"widget\" data-widget_type=\"heading.default\">\n\t\t\t\t<div class=\"elementor-widget-container\">\n\t\t\t\t\t<p class=\"elementor-heading-title elementor-size-default\">Werden Sie Teil unseres Teams von Freiwilligen, die der Gemeinschaft Verbindung und Unterst\u00fctzung bringen.<\/p>\t\t\t\t<\/div>\n\t\t\t\t<\/div>\n\t\t\t\t<\/div>\n\t\t\t\t<div class=\"elementor-element elementor-element-5187d97a elementor-widget elementor-widget-image\" data-id=\"5187d97a\" data-element_type=\"widget\" data-e-type=\"widget\" data-widget_type=\"image.default\">\n\t\t\t\t<div class=\"elementor-widget-container\">\n\t\t\t\t\t\t\t\t\t\t\t\t\t\t\t<img loading=\"lazy\" decoding=\"async\" width=\"800\" height=\"534\" src=\"https:\/\/myotonic.org\/wp-content\/uploads\/volenteer-img-1024x683.jpg\" class=\"attachment-large size-large wp-image-21014\" alt=\"\" srcset=\"https:\/\/myotonic.org\/wp-content\/uploads\/volenteer-img-1024x683.jpg 1024w, https:\/\/myotonic.org\/wp-content\/uploads\/volenteer-img-300x200.jpg 300w, https:\/\/myotonic.org\/wp-content\/uploads\/volenteer-img-768x512.jpg 768w, https:\/\/myotonic.org\/wp-content\/uploads\/volenteer-img.jpg 1300w\" sizes=\"(max-width: 800px) 100vw, 800px\" \/>\t\t\t\t\t\t\t\t\t\t\t\t\t\t\t<\/div>\n\t\t\t\t<\/div>\n\t\t\t\t<\/a>\n\t\t\t\t<\/div>\n\t\t\t\t\t<\/div>\n\t\t\t\t<\/div>\n\t\t\t\t<\/div>\n\t\t\t\t<\/div>\n\t\t\t\t\t\t<\/div>\n\t\t\t\t<\/div>\n\t\t\t\t<\/div>\n\t\t\t\t<\/div>\n\t\t","protected":false},"excerpt":{"rendered":"<p>Geschichte der Stiftung St\u00e4rkung der DM-Gemeinschaft durch Unterst\u00fctzung, Pflege, Interessenvertretung und Forschung, die uns Behandlungen und einer Heilung n\u00e4her bringt. Scrollen Sie, um mehr zu erfahren Gemeinschaft, Pflege und Heilung Die Myotonic Dystrophy Foundation (MDF) wurde 2007 in Kalifornien als gemeinn\u00fctzige Organisation nach 501(c)(3) gegr\u00fcndet. Von Anfang an konzentrierte sich unsere Mission \u201ePflege und Heilung\u201c [&hellip;]<\/p>\n","protected":false},"author":7,"featured_media":0,"parent":0,"menu_order":21,"comment_status":"closed","ping_status":"closed","template":"","meta":{"footnotes":""},"class_list":["post-21211","page","type-page","status-publish","hentry"],"_links":{"self":[{"href":"https:\/\/myotonic.org\/de\/wp-json\/wp\/v2\/pages\/21211","targetHints":{"allow":["GET"]}}],"collection":[{"href":"https:\/\/myotonic.org\/de\/wp-json\/wp\/v2\/pages"}],"about":[{"href":"https:\/\/myotonic.org\/de\/wp-json\/wp\/v2\/types\/page"}],"author":[{"embeddable":true,"href":"https:\/\/myotonic.org\/de\/wp-json\/wp\/v2\/users\/7"}],"replies":[{"embeddable":true,"href":"https:\/\/myotonic.org\/de\/wp-json\/wp\/v2\/comments?post=21211"}],"version-history":[{"count":0,"href":"https:\/\/myotonic.org\/de\/wp-json\/wp\/v2\/pages\/21211\/revisions"}],"wp:attachment":[{"href":"https:\/\/myotonic.org\/de\/wp-json\/wp\/v2\/media?parent=21211"}],"curies":[{"name":"wp","href":"https:\/\/api.w.org\/{rel}","templated":true}]}}