{"id":21603,"date":"2026-01-07T14:14:47","date_gmt":"2026-01-07T22:14:47","guid":{"rendered":"https:\/\/mr66givry2.onrocket.site\/wie-sich-dm-auf-den-koerper-auswirkt\/immunsystem\/"},"modified":"2026-01-07T14:14:47","modified_gmt":"2026-01-07T22:14:47","slug":"immunsystem","status":"publish","type":"page","link":"https:\/\/myotonic.org\/de\/wie-sich-dm-auf-den-koerper-auswirkt\/immunsystem\/","title":{"rendered":"Immunsystem"},"content":{"rendered":"<h2>Antik\u00f6rper<\/h2>\n<p>Die myotone Dystrophie ist mit einer leichten Reduktion der Immunglobulinmenge im Blut (Hypogammaglobulin\u00e4mie) verbunden. Die Antik\u00f6rperproduktion ist normal, jedoch verbleiben die Antik\u00f6rper nicht so lange im Kreislauf, weshalb die Menge im Blut zu jedem Zeitpunkt etwas reduziert ist. Die mit der myotonen Dystrophie verbundene Reduktion von Immunglobulin scheint gut vertr\u00e4glich zu sein. Bisher gibt es keine eindeutigen Beweise daf\u00fcr, dass diese Ver\u00e4nderung mit einer erh\u00f6hten Infektionsh\u00e4ufigkeit verbunden ist.   <\/p>\n<h2>Tumoren<\/h2>\n<p>Menschen mit myotoner Dystrophie DM1 haben eine erh\u00f6hte H\u00e4ufigkeit von Pilomatrixomen, einer Art gutartiger Hauttumoren. Diese Art von Tumor ist in der Allgemeinbev\u00f6lkerung selten, aber bei Menschen mit myotoner Dystrophie DM1 recht h\u00e4ufig. (Es wurde keine Assoziation zwischen Pilomatrixomen und DM2 berichtet).  <\/p>\n<p>Pilomatrixome treten oft im Kopf- oder Halsbereich auf und f\u00fchlen sich wie feste Knoten direkt unter der Hautoberfl\u00e4che an. Diese Tumoren sind gutartig und k\u00f6nnen durch chirurgische Entfernung geheilt werden. Einige Forscher haben vorgeschlagen, dass DM1 auch mit einer erh\u00f6hten H\u00e4ufigkeit anderer Tumorarten, wie Tumoren der Nebenschilddr\u00fcsen, der Hypophyse oder des Thymus, verbunden sein k\u00f6nnte. Zum jetzigen Zeitpunkt gibt es jedoch keine eindeutigen Beweise, die diese Idee st\u00fctzen.   <\/p>\n","protected":false},"excerpt":{"rendered":"<p>Wie DM die Immunantwort und die allgemeine Widerstandsf\u00e4higkeit beeinflussen kann.<\/p>\n","protected":false},"author":7,"featured_media":21604,"parent":21416,"menu_order":5,"comment_status":"closed","ping_status":"closed","template":"","meta":{"footnotes":""},"class_list":["post-21603","page","type-page","status-publish","has-post-thumbnail","hentry"],"_links":{"self":[{"href":"https:\/\/myotonic.org\/de\/wp-json\/wp\/v2\/pages\/21603","targetHints":{"allow":["GET"]}}],"collection":[{"href":"https:\/\/myotonic.org\/de\/wp-json\/wp\/v2\/pages"}],"about":[{"href":"https:\/\/myotonic.org\/de\/wp-json\/wp\/v2\/types\/page"}],"author":[{"embeddable":true,"href":"https:\/\/myotonic.org\/de\/wp-json\/wp\/v2\/users\/7"}],"replies":[{"embeddable":true,"href":"https:\/\/myotonic.org\/de\/wp-json\/wp\/v2\/comments?post=21603"}],"version-history":[{"count":0,"href":"https:\/\/myotonic.org\/de\/wp-json\/wp\/v2\/pages\/21603\/revisions"}],"up":[{"embeddable":true,"href":"https:\/\/myotonic.org\/de\/wp-json\/wp\/v2\/pages\/21416"}],"wp:featuredmedia":[{"embeddable":true,"href":"https:\/\/myotonic.org\/de\/wp-json\/wp\/v2\/media\/21604"}],"wp:attachment":[{"href":"https:\/\/myotonic.org\/de\/wp-json\/wp\/v2\/media?parent=21603"}],"curies":[{"name":"wp","href":"https:\/\/api.w.org\/{rel}","templated":true}]}}