{"id":21640,"date":"2026-01-07T14:17:24","date_gmt":"2026-01-07T22:17:24","guid":{"rendered":"https:\/\/mr66givry2.onrocket.site\/wie-sich-dm-auf-den-koerper-auswirkt\/endokrin\/"},"modified":"2026-01-07T14:17:24","modified_gmt":"2026-01-07T22:17:24","slug":"endokrin","status":"publish","type":"page","link":"https:\/\/myotonic.org\/de\/wie-sich-dm-auf-den-koerper-auswirkt\/endokrin\/","title":{"rendered":"Endokrin"},"content":{"rendered":"<h2>Endokrines System \u2013 DM1<\/h2>\n<h3>Muster:<\/h3>\n<ul>\n<li>Endokrine und metabolische Anomalien bei myotoner Dystrophie Typ 1 (DM1) sind gut dokumentiert.<\/li>\n<li>Hyperinsulin\u00e4mie nach Glukoseaufnahme zeigt Glukose- und glykiertes H\u00e4moglobin (HbA1c)-Werte, die typisch f\u00fcr Pr\u00e4diabetes oder eine gest\u00f6rte Glukosetoleranz sind.<\/li>\n<li>Erh\u00f6hte Inzidenz von Schilddr\u00fcsen-, Nebenschilddr\u00fcsen- und Gonadenfunktionsst\u00f6rungen, zusammen mit abnormalen Blutspiegeln einiger Nebennierenhormone.<\/li>\n<li>Gonadeninsuffizienz tr\u00e4gt zu Problemen wie erektiler Dysfunktion, Unfruchtbarkeit und verminderter ovarieller Reserve bei.<\/li>\n<li>Frauen k\u00f6nnen eine verminderte Fruchtbarkeit, spontane Fehlgeburten und Totgeburten erleben, und sie k\u00f6nnen eine etwas h\u00f6here Rate an \u00fcberm\u00e4\u00dfig schmerzhaften und unregelm\u00e4\u00dfigen Menstruationen haben als die Allgemeinbev\u00f6lkerung.<\/li>\n<\/ul>\n<h3>Symptome:<\/h3>\n<ul>\n<li>Schmerzhafte oder unregelm\u00e4\u00dfige Menstruation.<\/li>\n<li>Erektile Dysfunktion.<\/li>\n<\/ul>\n<h3>Diagnose:<\/h3>\n<ul>\n<li>Besprechen Sie die folgenden Tests mit Ihrem Arzt:\n<ul>\n<li>Leberenzyme und Bilirubinwerte.<\/li>\n<li>Schilddr\u00fcsenfunktion \u2013 TSH- und freie T4-Werte.<\/li>\n<li>Hyperlipid\u00e4mie.<\/li>\n<li>Anamnese bez\u00fcglich Reproduktion und Fertilit\u00e4t\/Infertilit\u00e4t \u2013 unregelm\u00e4\u00dfige Menstruation; Ovarialzysten; Endometriose.<\/li>\n<\/ul>\n<\/li>\n<\/ul>\n<h3>Behandlung:<\/h3>\n<ul>\n<li>\u00dcberweisung an einen Gyn\u00e4kologen bei Bedarf.<\/li>\n<li>Familienplanung.<\/li>\n<li>\u00dcberweisung an einen genetischen Berater oder andere Spezialisten, falls angezeigt.<\/li>\n<li>Minoxidil (Regaine) gegen Haarausfall.<\/li>\n<li>Lebensstil\u00e4nderungen in Bezug auf Ern\u00e4hrung und Bewegung sowie die angemessene Anwendung von Medikamenten zur Normalisierung des Blutzucker- und Insulinspiegels zur Behandlung der Insulinresistenz.<\/li>\n<li>Ber\u00fccksichtigen Sie m\u00f6gliche kardiovaskul\u00e4re Nebenwirkungen bei einigen Medikamenten gegen erektile Dysfunktion.<\/li>\n<\/ul>\n<h2>Endokrines System \u2013 DM2<\/h2>\n<h3>Muster:<\/h3>\n<ul>\n<li>Die gleiche H\u00e4ufigkeit von Typ-1- oder Typ-2-Diabetes ist im Vergleich zur altersentsprechenden Allgemeinbev\u00f6lkerung vorhanden, aber weitere Studien sind notwendig, um die Genauigkeit dieses Eindrucks zu belegen.<\/li>\n<li>DM2 kann zu Ver\u00e4nderungen in der Regulation der Schilddr\u00fcsen-, Nebennieren- und Gonadenhormonspiegel f\u00fchren.<\/li>\n<li>Hypothyreose verschlimmert DM2.<\/li>\n<li>Einige berichteten \u00fcber Probleme mit der sexuellen Funktion.<\/li>\n<li>Erh\u00f6hung der Leberenzyme.<\/li>\n<\/ul>\n<h3>Symptome:<\/h3>\n<ul>\n<li>Schwankende Schmerz- und M\u00fcdigkeitsniveaus.<\/li>\n<li>Muskelschw\u00e4che und unregelm\u00e4\u00dfige Muskelsteifheit.<\/li>\n<li>Schmerzhafte oder unregelm\u00e4\u00dfige Menstruation.<\/li>\n<li>Anzeichen\/Symptome von Hypothyreose\/Hyperthyreose.<\/li>\n<\/ul>\n<h3>Diagnose:<\/h3>\n<ul>\n<li>Besprechen Sie die folgenden Tests mit Ihrem Arzt:\n<ul>\n<li>Schilddr\u00fcsenfunktion \u2013 TSH- und freie T4-Werte.<\/li>\n<li>Leberenzyme und Bilirubinwerte.<\/li>\n<li>Hyperlipid\u00e4mie durch Testung der Serumlipidspiegel.<\/li>\n<li>Sexualhormone bei Frauen, Glukosespiegel, HbA1c, PTH, Vitamin D.<\/li>\n<\/ul>\n<\/li>\n<\/ul>\n<h3>Behandlung:<\/h3>\n<ul>\n<li>\u00dcberweisung an einen Gyn\u00e4kologen bei Bedarf.<\/li>\n<li>Lebensstil\u00e4nderungen in Bezug auf Ern\u00e4hrung und Bewegung.<\/li>\n<li>Angemessene Anwendung von Medikamenten zur Normalisierung des Blutzucker- und Insulinspiegels zur Behandlung der Insulinresistenz.<\/li>\n<li>Statine bei Bedarf aufgrund eines erh\u00f6hten kardiovaskul\u00e4ren Risikos.<\/li>\n<\/ul>\n<h2>Endokrines System \u2013 CDM<\/h2>\n<h3>Muster:<\/h3>\n<ul>\n<li>Endokrinologische Manifestationen der Krankheit sind bei Erwachsenen mit DM1 gut beschrieben, wurden aber bei Kindern selten berichtet.<\/li>\n<li>Berichte, die das Vorhandensein von Schilddr\u00fcsenfunktionsst\u00f6rungen im Kindesalter beschreiben, existieren, sind aber nicht sehr h\u00e4ufig.<\/li>\n<\/ul>\n<h3>Symptome:<\/h3>\n<ul>\n<li>Insulinresistenz.<\/li>\n<li>Hypothyreose.<\/li>\n<li>Hyperparathyreoidismus.<\/li>\n<li>Andere endokrine und metabolische Symptome, die im Erwachsenenalter auftreten, mit zunehmendem Alter.<\/li>\n<li>Ausbleiben der Menstruation oder Kr\u00e4mpfe und Schmerzen w\u00e4hrend der Menstruation.<\/li>\n<li>Erektile Dysfunktion bei M\u00e4nnern.<\/li>\n<\/ul>\n<h3>Diagnose:<\/h3>\n<ul>\n<li>Besprechen Sie die folgenden Tests mit Ihrem Arzt:\n<ul>\n<li>Detaillierte k\u00f6rperliche Untersuchung zur \u00dcberpr\u00fcfung von Komplikationen des Fortpflanzungssystems.<\/li>\n<li>Schilddr\u00fcsenstimulierendes Hormon (TSH) und freier T4-Spiegel.<\/li>\n<li>N\u00fcchtern-Blutlipide, Plasmaglukose, Leberenzyme, Bilirubinwerte.<\/li>\n<\/ul>\n<\/li>\n<\/ul>\n","protected":false},"excerpt":{"rendered":"<p>Hormonungleichgewichte, die den Stoffwechsel und die Energie beeinflussen k\u00f6nnen.<\/p>\n","protected":false},"author":7,"featured_media":21641,"parent":21416,"menu_order":10,"comment_status":"closed","ping_status":"closed","template":"","meta":{"footnotes":""},"class_list":["post-21640","page","type-page","status-publish","has-post-thumbnail","hentry"],"_links":{"self":[{"href":"https:\/\/myotonic.org\/de\/wp-json\/wp\/v2\/pages\/21640","targetHints":{"allow":["GET"]}}],"collection":[{"href":"https:\/\/myotonic.org\/de\/wp-json\/wp\/v2\/pages"}],"about":[{"href":"https:\/\/myotonic.org\/de\/wp-json\/wp\/v2\/types\/page"}],"author":[{"embeddable":true,"href":"https:\/\/myotonic.org\/de\/wp-json\/wp\/v2\/users\/7"}],"replies":[{"embeddable":true,"href":"https:\/\/myotonic.org\/de\/wp-json\/wp\/v2\/comments?post=21640"}],"version-history":[{"count":0,"href":"https:\/\/myotonic.org\/de\/wp-json\/wp\/v2\/pages\/21640\/revisions"}],"up":[{"embeddable":true,"href":"https:\/\/myotonic.org\/de\/wp-json\/wp\/v2\/pages\/21416"}],"wp:featuredmedia":[{"embeddable":true,"href":"https:\/\/myotonic.org\/de\/wp-json\/wp\/v2\/media\/21641"}],"wp:attachment":[{"href":"https:\/\/myotonic.org\/de\/wp-json\/wp\/v2\/media?parent=21640"}],"curies":[{"name":"wp","href":"https:\/\/api.w.org\/{rel}","templated":true}]}}