{"id":21654,"date":"2026-01-07T14:16:28","date_gmt":"2026-01-07T22:16:28","guid":{"rendered":"https:\/\/mr66givry2.onrocket.site\/wie-sich-dm-auf-den-koerper-auswirkt\/atemsystem\/"},"modified":"2026-01-07T14:16:28","modified_gmt":"2026-01-07T22:16:28","slug":"atemsystem","status":"publish","type":"page","link":"https:\/\/myotonic.org\/de\/wie-sich-dm-auf-den-koerper-auswirkt\/atemsystem\/","title":{"rendered":"Atemsystem"},"content":{"rendered":"<h2>Atemsystem \u2013 DM1<\/h2>\n<h3>Muster:<\/h3>\n<ul>\n<li>Ausgepr\u00e4gte Atemprobleme, die durch Muskelschw\u00e4che des Zwerchfells, der Bauch- und Zwischenrippenmuskulatur sowie durch Myotonie dieser Muskeln entstehen k\u00f6nnen.<\/li>\n<li>Niedriger Sauerstoffgehalt im Blut und erh\u00f6hte Kohlendioxidwerte im Blut.<\/li>\n<li>Chronische Atembeeintr\u00e4chtigung ist die Hauptursache f\u00fcr Sterblichkeit und Morbidit\u00e4t bei DM1.<\/li>\n<\/ul>\n<h3>Symptome:<\/h3>\n<ul>\n<li>Ausgepr\u00e4gte Tagesschl\u00e4frigkeit (EDS).<\/li>\n<li>Unzureichender Luftstrom w\u00e4hrend des Schlafs.<\/li>\n<li>Schw\u00e4che der Atem- und Schluckmuskulatur.<\/li>\n<li>Aspiration von Essen und Trinken, Speichel, Nasensekret und Magenfl\u00fcssigkeit.<\/li>\n<li>Allgemeinan\u00e4sthesie und Schmerzmittel, insbesondere Opiate, verursachen h\u00e4ufig Atemversagen.<\/li>\n<li>Ineffektiver Husten.<\/li>\n<li>Wiederkehrende Brustkorbinfektionen.<\/li>\n<li>Morgendliche Kopfschmerzen, Apnoe, Schnarchen.<\/li>\n<\/ul>\n<h3>Diagnose:<\/h3>\n<ul>\n<li>Besprechen Sie die folgenden Untersuchungen mit Ihrer \u00c4rztin\/Ihrem Arzt.<\/li>\n<li>Forcierte Vitalkapazit\u00e4t (FVC) und forciertes exspiratorisches Volumen.<\/li>\n<li>Beurteilung der Atemmuskelkraft.<\/li>\n<li>Schlafuntersuchung.<\/li>\n<li>Sekret-Clearance-Kapazit\u00e4t.<\/li>\n<\/ul>\n<h3>Behandlung:<\/h3>\n<ul>\n<li>Sorgf\u00e4ltiges perioperatives Management.<\/li>\n<li>Impfungen gegen Influenza und Pneumonie, sofern keine Kontraindikationen vorliegen.<\/li>\n<li>Hustenassistenz und mechanische Beatmung (bei Bedarf).<\/li>\n<li>Bei Bedarf Konsultationen durch Atemtherapie- und Pneumologie-Teams.<\/li>\n<li>Techniken zur Atemwegsreinigung und zur Rekrutierung des Lungenvolumens (z. B. Breath Stacking, abdominaler Drucksto\u00df, die Weste und der mechanische Insufflator\/Exsufflator).<\/li>\n<li>Nichtinvasive Positivdruckbeatmung (NIV) bei respiratorischer Insuffizienz.<\/li>\n<li>Notfall-Medizinwarnsysteme.<\/li>\n<\/ul>\n<h2>Atemsystem \u2013 DM2<\/h2>\n<h3>Muster:<\/h3>\n<ul>\n<li>Ausgepr\u00e4gte Atemprobleme, die durch Muskelschw\u00e4che des Zwerchfells, der Bauch- und Zwischenrippenmuskulatur sowie durch Myotonie dieser Muskeln entstehen k\u00f6nnen.<\/li>\n<li>Geringe Ventilationskraft, niedriger Sauerstoffgehalt im Blut und erh\u00f6hte Kohlendioxidwerte im Blut.<\/li>\n<\/ul>\n<h3>Symptome:<\/h3>\n<ul>\n<li>M\u00fcdigkeit, ausgepr\u00e4gte Tagesschl\u00e4frigkeit (EDS) und Atemversagen.<\/li>\n<li>Unzureichender Luftstrom w\u00e4hrend des Schlafs kann zu gest\u00f6rtem Schlaf beitragen.<\/li>\n<li>Schw\u00e4che der Schluck- und Atemmuskulatur.<\/li>\n<li>Aspiration von Essen und Trinken, Speichel, Nasensekret und Magenfl\u00fcssigkeit.<\/li>\n<li>Allgemeinan\u00e4sthesie und intraven\u00f6se Schmerzmittel, insbesondere Opiate, k\u00f6nnen Atemversagen verursachen.<\/li>\n<li>Ineffektiver Husten.<\/li>\n<li>Wiederkehrende Lungeninfektionen.<\/li>\n<li>H\u00e4ufige Brustkorbinfektionen.<\/li>\n<li>Morgendliche Kopfschmerzen, Apnoe, M\u00fcdigkeit und Schnarchen.<\/li>\n<\/ul>\n<h3>Diagnose:<\/h3>\n<ul>\n<li>Besprechen Sie die folgenden Untersuchungen mit Ihrer \u00c4rztin\/Ihrem Arzt:\n<ul>\n<li>Schlafuntersuchung<\/li>\n<li>Atemtests<\/li>\n<li>Sekret-Clearance-Kapazit\u00e4t<\/li>\n<\/ul>\n<\/li>\n<\/ul>\n<h3>Behandlung:<\/h3>\n<ul>\n<li>Sorgf\u00e4ltiges perioperatives Management.<\/li>\n<li>Impfungen gegen Influenza und Pneumonie, sofern keine Kontraindikationen vorliegen.<\/li>\n<li>Hustenassistenz und mechanische Beatmung (bei Bedarf).<\/li>\n<li>Bei Bedarf Konsultationen durch Atemtherapie- und Pneumologie-Teams.<\/li>\n<li>Techniken zur Atemwegsreinigung und zur Rekrutierung des Lungenvolumens (z. B. Breath Stacking, abdominaler Drucksto\u00df, die Weste).<\/li>\n<li>N\u00e4chtliche Beatmungsunterst\u00fctzung und Beatmung rund um die Uhr.<\/li>\n<li>Zus\u00e4tzliche Sauerstoffgabe.<\/li>\n<li>Notfall-Medizinwarnsysteme.<\/li>\n<\/ul>\n<h2>Atemsystem \u2013 CDM<\/h2>\n<h3>Muster:<\/h3>\n<ul>\n<li>Die meisten Kinder mit im Kindesalter beginnender myotoner Dystrophie haben eine normale Atemfunktion und nur wenige Atemprobleme. Das Spektrum des Schweregrads ist jedoch breit, und einige Kinder mit DM1 k\u00f6nnen erhebliche Atemprobleme haben, die durch Muskelschw\u00e4che des Zwerchfells, der Bauch- und Zwischenrippenmuskulatur entstehen. <\/li>\n<li>Schw\u00e4che ist bei CDM h\u00e4ufig, und Atemversagen in der Neugeborenenperiode ist oft ein Leitsymptom und eine wesentliche Ursache f\u00fcr Morbidit\u00e4t.<\/li>\n<\/ul>\n<h3>Symptome:<\/h3>\n<ul>\n<li>Schw\u00e4che der inspiratorischen und exspiratorischen Muskulatur.<\/li>\n<li>Beeintr\u00e4chtigte Sekret-Clearance.<\/li>\n<li>Lungeninfektionen und Aspiration von Material in die Lunge.<\/li>\n<li>Ausgepr\u00e4gte Tagesschl\u00e4frigkeit (EDS) und Atemversagen.<\/li>\n<li>Gest\u00f6rter Schlaf, morgendliche Kopfschmerzen, Apnoe und Schnarchen.<\/li>\n<li>Restless-Legs-Syndrom.<\/li>\n<li>Ineffektiver Husten.<\/li>\n<\/ul>\n<h3>Diagnose:<\/h3>\n<ul>\n<li>Besprechen Sie die folgenden Untersuchungen mit Ihrer \u00c4rztin\/Ihrem Arzt:\n<ul>\n<li>Forcierte Vitalkapazit\u00e4t (FVC) und forciertes exspiratorisches Volumen<\/li>\n<li>Test der nasalen inspiratorischen Schn\u00fcffeldruckmessung (SNIP)<\/li>\n<li>N\u00e4chtliche Oximetrie bei Schnarchen, n\u00e4chtlich unterbrochenem Schlaf, morgendlichen Kopfschmerzen oder ausgepr\u00e4gter Tagesschl\u00e4frigkeit<\/li>\n<li>Peak-Expiratory-Flow beim Husten<\/li>\n<li>Schlafuntersuchung bei Symptomen wie Schnarchen, n\u00e4chtlich unterbrochenem Schlaf, morgendlichen Kopfschmerzen oder ausgepr\u00e4gter Tagesschl\u00e4frigkeit<\/li>\n<li>Sekret-Clearance-Kapazit\u00e4t und weitere Atemwegsbeurteilungen vor einer Operation<\/li>\n<\/ul>\n<\/li>\n<\/ul>\n<h3>Behandlung:<\/h3>\n<ul>\n<li>Impfungen gegen Influenza und Pneumokokken-Pneumonie.<\/li>\n<li>Standardmedizinische Therapie so fr\u00fch wie m\u00f6glich bei Atemwegsinfektionen, einschlie\u00dflich Hustenassistenz und mechanischer Beatmung nach Bedarf.<\/li>\n<li>Konsultationen durch Atemtherapie- und Pneumologie-Team.<\/li>\n<li>Techniken zur Hustenassistenz (z. B. Air Stacking, abdominaler Drucksto\u00df und Hustenmaschine).<\/li>\n<li>Nichtinvasive Positivdruckbeatmung (NIV) bei respiratorischer Insuffizienz.<\/li>\n<li>Notfall-Medizinwarnsysteme oder Karten f\u00fcr das Portemonnaie.<\/li>\n<\/ul>\n","protected":false},"excerpt":{"rendered":"<p>Atem-, Lungenfunktions- und schlafbezogene Atemprobleme.<\/p>\n","protected":false},"author":7,"featured_media":21655,"parent":21416,"menu_order":4,"comment_status":"closed","ping_status":"closed","template":"","meta":{"footnotes":""},"class_list":["post-21654","page","type-page","status-publish","has-post-thumbnail","hentry"],"_links":{"self":[{"href":"https:\/\/myotonic.org\/de\/wp-json\/wp\/v2\/pages\/21654","targetHints":{"allow":["GET"]}}],"collection":[{"href":"https:\/\/myotonic.org\/de\/wp-json\/wp\/v2\/pages"}],"about":[{"href":"https:\/\/myotonic.org\/de\/wp-json\/wp\/v2\/types\/page"}],"author":[{"embeddable":true,"href":"https:\/\/myotonic.org\/de\/wp-json\/wp\/v2\/users\/7"}],"replies":[{"embeddable":true,"href":"https:\/\/myotonic.org\/de\/wp-json\/wp\/v2\/comments?post=21654"}],"version-history":[{"count":0,"href":"https:\/\/myotonic.org\/de\/wp-json\/wp\/v2\/pages\/21654\/revisions"}],"up":[{"embeddable":true,"href":"https:\/\/myotonic.org\/de\/wp-json\/wp\/v2\/pages\/21416"}],"wp:featuredmedia":[{"embeddable":true,"href":"https:\/\/myotonic.org\/de\/wp-json\/wp\/v2\/media\/21655"}],"wp:attachment":[{"href":"https:\/\/myotonic.org\/de\/wp-json\/wp\/v2\/media?parent=21654"}],"curies":[{"name":"wp","href":"https:\/\/api.w.org\/{rel}","templated":true}]}}