{"id":21209,"date":"2025-12-11T14:31:58","date_gmt":"2025-12-11T22:31:58","guid":{"rendered":"https:\/\/mr66givry2.onrocket.site\/nuestra-historia\/"},"modified":"2026-03-24T20:39:25","modified_gmt":"2026-03-25T03:39:25","slug":"nuestra-historia","status":"publish","type":"page","link":"https:\/\/myotonic.org\/es\/nuestra-historia\/","title":{"rendered":"Nuestra historia"},"content":{"rendered":"\t\t<div data-elementor-type=\"wp-page\" data-elementor-id=\"21209\" class=\"elementor elementor-21209 elementor-9318\" data-elementor-post-type=\"page\">\n\t\t\t\t<div class=\"elementor-element elementor-element-1ddcc50 e-flex e-con-boxed e-con e-parent\" data-id=\"1ddcc50\" data-element_type=\"container\" data-e-type=\"container\" data-settings=\"{&quot;background_background&quot;:&quot;classic&quot;}\">\n\t\t\t\t\t<div class=\"e-con-inner\">\n\t\t<div class=\"elementor-element elementor-element-abbe7da e-con-full e-flex e-con e-child\" data-id=\"abbe7da\" data-element_type=\"container\" data-e-type=\"container\">\n\t\t\t\t<div class=\"elementor-element elementor-element-66560da elementor-align-left elementor-widget elementor-widget-breadcrumbs\" data-id=\"66560da\" data-element_type=\"widget\" data-e-type=\"widget\" data-widget_type=\"breadcrumbs.default\">\n\t\t\t\t<div class=\"elementor-widget-container\">\n\t\t\t\t\t<nav><\/nav>\t\t\t\t<\/div>\n\t\t\t\t<\/div>\n\t\t\t\t<div class=\"elementor-element elementor-element-14bca7b elementor-widget__width-initial elementor-widget elementor-widget-heading\" data-id=\"14bca7b\" data-element_type=\"widget\" data-e-type=\"widget\" data-widget_type=\"heading.default\">\n\t\t\t\t<div class=\"elementor-widget-container\">\n\t\t\t\t\t<h1 class=\"elementor-heading-title elementor-size-default\">Historia de la fundaci\u00f3n<\/h1>\t\t\t\t<\/div>\n\t\t\t\t<\/div>\n\t\t\t\t<div class=\"elementor-element elementor-element-4df8c07 elementor-widget-laptop__width-initial elementor-widget__width-initial elementor-widget elementor-widget-heading\" data-id=\"4df8c07\" data-element_type=\"widget\" data-e-type=\"widget\" data-widget_type=\"heading.default\">\n\t\t\t\t<div class=\"elementor-widget-container\">\n\t\t\t\t\t<p class=\"elementor-heading-title elementor-size-default\">Fortalecer la comunidad de la DM mediante el apoyo, la atenci\u00f3n, la defensa y la investigaci\u00f3n, acerc\u00e1ndonos a tratamientos y a una cura.<\/p>\t\t\t\t<\/div>\n\t\t\t\t<\/div>\n\t\t<div class=\"elementor-element elementor-element-7ffa2e4 e-con-full e-flex e-con e-child\" data-id=\"7ffa2e4\" data-element_type=\"container\" data-e-type=\"container\">\n\t\t\t\t<div class=\"elementor-element elementor-element-ed818fb elementor-widget elementor-widget-button\" data-id=\"ed818fb\" data-element_type=\"widget\" data-e-type=\"widget\" data-widget_type=\"button.default\">\n\t\t\t\t<div class=\"elementor-widget-container\">\n\t\t\t\t\t\t\t\t\t<div class=\"elementor-button-wrapper\">\n\t\t\t\t\t<a class=\"elementor-button elementor-button-link elementor-size-sm\" href=\"#learn-more\">\n\t\t\t\t\t\t<span class=\"elementor-button-content-wrapper\">\n\t\t\t\t\t\t\t\t\t<span class=\"elementor-button-text\">Despl\u00e1zate hacia abajo para obtener m\u00e1s informaci\u00f3n.<\/span>\n\t\t\t\t\t<\/span>\n\t\t\t\t\t<\/a>\n\t\t\t\t<\/div>\n\t\t\t\t\t\t\t\t<\/div>\n\t\t\t\t<\/div>\n\t\t\t\t<\/div>\n\t\t\t\t<\/div>\n\t\t<div class=\"elementor-element elementor-element-5f00799 e-con-full e-flex e-con e-child\" data-id=\"5f00799\" data-element_type=\"container\" data-e-type=\"container\">\n\t\t\t\t<div class=\"elementor-element elementor-element-30f2150 elementor-widget-tablet__width-initial elementor-widget elementor-widget-image\" data-id=\"30f2150\" data-element_type=\"widget\" data-e-type=\"widget\" data-widget_type=\"image.default\">\n\t\t\t\t<div class=\"elementor-widget-container\">\n\t\t\t\t\t\t\t\t\t\t\t\t\t\t\t<img fetchpriority=\"high\" decoding=\"async\" width=\"800\" height=\"534\" src=\"https:\/\/myotonic.org\/wp-content\/uploads\/history-featured-1024x683.jpg\" class=\"attachment-large size-large wp-image-21205\" alt=\"\" srcset=\"https:\/\/myotonic.org\/wp-content\/uploads\/history-featured-1024x683.jpg 1024w, https:\/\/myotonic.org\/wp-content\/uploads\/history-featured-300x200.jpg 300w, https:\/\/myotonic.org\/wp-content\/uploads\/history-featured-768x512.jpg 768w, https:\/\/myotonic.org\/wp-content\/uploads\/history-featured.jpg 1300w\" sizes=\"(max-width: 800px) 100vw, 800px\" \/>\t\t\t\t\t\t\t\t\t\t\t\t\t\t\t<\/div>\n\t\t\t\t<\/div>\n\t\t\t\t<\/div>\n\t\t\t\t\t<\/div>\n\t\t\t\t<\/div>\n\t\t<div class=\"elementor-element elementor-element-5e908c1 e-flex e-con-boxed e-con e-parent\" data-id=\"5e908c1\" data-element_type=\"container\" data-e-type=\"container\" id=\"learn-more\">\n\t\t\t\t\t<div class=\"e-con-inner\">\n\t\t<div class=\"elementor-element elementor-element-071f147 e-con-full e-flex e-con e-child\" data-id=\"071f147\" data-element_type=\"container\" data-e-type=\"container\">\n\t\t\t\t<div class=\"elementor-element elementor-element-503bca1 elementor-widget-tablet__width-initial elementor-widget elementor-widget-image\" data-id=\"503bca1\" data-element_type=\"widget\" data-e-type=\"widget\" data-widget_type=\"image.default\">\n\t\t\t\t<div class=\"elementor-widget-container\">\n\t\t\t\t\t\t\t\t\t\t\t\t\t\t\t<img decoding=\"async\" width=\"800\" height=\"534\" src=\"https:\/\/myotonic.org\/wp-content\/uploads\/community-and-cure-img-1024x683.jpg\" class=\"attachment-large size-large wp-image-21206\" alt=\"\" srcset=\"https:\/\/myotonic.org\/wp-content\/uploads\/community-and-cure-img-1024x683.jpg 1024w, https:\/\/myotonic.org\/wp-content\/uploads\/community-and-cure-img-300x200.jpg 300w, https:\/\/myotonic.org\/wp-content\/uploads\/community-and-cure-img-768x512.jpg 768w, https:\/\/myotonic.org\/wp-content\/uploads\/community-and-cure-img.jpg 1300w\" sizes=\"(max-width: 800px) 100vw, 800px\" \/>\t\t\t\t\t\t\t\t\t\t\t\t\t\t\t<\/div>\n\t\t\t\t<\/div>\n\t\t\t\t<\/div>\n\t\t<div class=\"elementor-element elementor-element-0fd324b e-con-full e-flex e-con e-child\" data-id=\"0fd324b\" data-element_type=\"container\" data-e-type=\"container\">\n\t\t\t\t<div class=\"elementor-element elementor-element-eca5df6 elementor-widget-laptop__width-initial elementor-widget-tablet__width-inherit elementor-widget elementor-widget-heading\" data-id=\"eca5df6\" data-element_type=\"widget\" data-e-type=\"widget\" data-widget_type=\"heading.default\">\n\t\t\t\t<div class=\"elementor-widget-container\">\n\t\t\t\t\t<h2 class=\"elementor-heading-title elementor-size-default\">Comunidad, Cuidado y una Cura<\/h2>\t\t\t\t<\/div>\n\t\t\t\t<\/div>\n\t\t\t\t<div class=\"elementor-element elementor-element-a729be6 elementor-widget-tablet__width-initial elementor-widget elementor-widget-text-editor\" data-id=\"a729be6\" data-element_type=\"widget\" data-e-type=\"widget\" data-widget_type=\"text-editor.default\">\n\t\t\t\t<div class=\"elementor-widget-container\">\n\t\t\t\t\t\t\t\t\t<p>La Myotonic Dystrophy Foundation (MDF) se fund\u00f3 en California en 2007 como una organizaci\u00f3n sin \u00e1nimo de lucro 501(c)(3). Desde el principio, nuestra misi\u00f3n de \u201catenci\u00f3n y una cura\u201d se ha centrado en conectar a las personas que viven con distrofia miot\u00f3nica (DM), a sus familias y a sus cuidadores con informaci\u00f3n fiable, apoyo y entre s\u00ed. Nuestro logotipo original de dos manos estrech\u00e1ndose reflejaba la comunidad, la confianza y el respeto que siguen guiando nuestro trabajo.  <\/p><p data-start=\"601\" data-end=\"951\">Hoy en d\u00eda, la MDF es la organizaci\u00f3n de defensa del paciente centrada en la distrofia miot\u00f3nica m\u00e1s grande del mundo, prestando servicio a miles de personas y familias en m\u00e1s de 139 pa\u00edses. Con nuestra comunidad y nuestros colaboradores, hemos recaudado e invertido m\u00e1s de 39 millones de d\u00f3lares para mejorar la atenci\u00f3n, avanzar en la investigaci\u00f3n y apoyar el desarrollo de nuevos tratamientos para la DM. <\/p>\t\t\t\t\t\t\t\t<\/div>\n\t\t\t\t<\/div>\n\t\t\t\t<div class=\"elementor-element elementor-element-dc8ddab elementor-widget elementor-widget-button\" data-id=\"dc8ddab\" data-element_type=\"widget\" data-e-type=\"widget\" data-widget_type=\"button.default\">\n\t\t\t\t<div class=\"elementor-widget-container\">\n\t\t\t\t\t\t\t\t\t<div class=\"elementor-button-wrapper\">\n\t\t\t\t\t<a class=\"elementor-button elementor-button-link elementor-size-sm\" href=\"https:\/\/myotonic.org\/es\/nuestro-impacto\/\">\n\t\t\t\t\t\t<span class=\"elementor-button-content-wrapper\">\n\t\t\t\t\t\t\t\t\t<span class=\"elementor-button-text\">M\u00e1s informaci\u00f3n sobre nuestro impacto<\/span>\n\t\t\t\t\t<\/span>\n\t\t\t\t\t<\/a>\n\t\t\t\t<\/div>\n\t\t\t\t\t\t\t\t<\/div>\n\t\t\t\t<\/div>\n\t\t\t\t<\/div>\n\t\t\t\t\t<\/div>\n\t\t\t\t<\/div>\n\t\t<div class=\"elementor-element elementor-element-57e89a0 e-flex e-con-boxed e-con e-parent\" data-id=\"57e89a0\" data-element_type=\"container\" data-e-type=\"container\">\n\t\t\t\t\t<div class=\"e-con-inner\">\n\t\t<div class=\"elementor-element elementor-element-c3a0d66 e-con-full e-flex e-con e-child\" data-id=\"c3a0d66\" data-element_type=\"container\" data-e-type=\"container\">\n\t\t\t\t<div class=\"elementor-element elementor-element-60b777e elementor-widget-laptop__width-initial elementor-widget elementor-widget-heading\" data-id=\"60b777e\" data-element_type=\"widget\" data-e-type=\"widget\" data-widget_type=\"heading.default\">\n\t\t\t\t<div class=\"elementor-widget-container\">\n\t\t\t\t\t<h2 class=\"elementor-heading-title elementor-size-default\">Historia de nuestro nombre y marca<\/h2>\t\t\t\t<\/div>\n\t\t\t\t<\/div>\n\t\t\t\t<div class=\"elementor-element elementor-element-bae9e23 elementor-widget-tablet__width-initial elementor-widget elementor-widget-text-editor\" data-id=\"bae9e23\" data-element_type=\"widget\" data-e-type=\"widget\" data-widget_type=\"text-editor.default\">\n\t\t\t\t<div class=\"elementor-widget-container\">\n\t\t\t\t\t\t\t\t\t<p>En septiembre de 2019, lanzamos una iniciativa con el objetivo de diferenciar mejor la Myotonic Dystrophy Foundation (MDF) acortando el nombre de la organizaci\u00f3n a Myotonic. Nuestro objetivo era evolucionar la marca de la organizaci\u00f3n para destacar nuestro enfoque c\u00e1lido y acogedor, as\u00ed como ayudar a distinguir la distrofia miot\u00f3nica de otras enfermedades raras. <\/p><p>Tras encuestas a la comunidad y numerosas entrevistas con las partes interesadas de todas las \u00e1reas del ecosistema de la Fundaci\u00f3n, se hizo evidente que la adopci\u00f3n del nombre Myotonic no estaba teniendo el impacto previsto originalmente. Existe una preferencia por el nombre original de la organizaci\u00f3n, \u201cMyotonic Dystrophy Foundation\u201d, frente a \u201cMyotonic\u201d. Este proceso ha puesto de manifiesto la fuerza y la importancia del nombre completo de la organizaci\u00f3n, por lo que en 2020 actualizamos nuestro logotipo y volvimos con orgullo a nuestro nombre original: la <b>Myotonic Dystrophy Foundation.<\/b>  <\/p>\t\t\t\t\t\t\t\t<\/div>\n\t\t\t\t<\/div>\n\t\t\t\t<\/div>\n\t\t<div class=\"elementor-element elementor-element-7846c95 e-con-full e-flex e-con e-child\" data-id=\"7846c95\" data-element_type=\"container\" data-e-type=\"container\">\n\t\t\t\t<div class=\"elementor-element elementor-element-784e500 elementor-widget-tablet__width-initial elementor-widget elementor-widget-image\" data-id=\"784e500\" data-element_type=\"widget\" data-e-type=\"widget\" data-widget_type=\"image.default\">\n\t\t\t\t<div class=\"elementor-widget-container\">\n\t\t\t\t\t\t\t\t\t\t\t\t\t\t\t<img decoding=\"async\" width=\"800\" height=\"534\" src=\"https:\/\/myotonic.org\/wp-content\/uploads\/history-of-name-and-brand-mdf-1024x683.jpg\" class=\"attachment-large size-large wp-image-21207\" alt=\"\" srcset=\"https:\/\/myotonic.org\/wp-content\/uploads\/history-of-name-and-brand-mdf-1024x683.jpg 1024w, https:\/\/myotonic.org\/wp-content\/uploads\/history-of-name-and-brand-mdf-300x200.jpg 300w, https:\/\/myotonic.org\/wp-content\/uploads\/history-of-name-and-brand-mdf-768x512.jpg 768w, https:\/\/myotonic.org\/wp-content\/uploads\/history-of-name-and-brand-mdf.jpg 1300w\" sizes=\"(max-width: 800px) 100vw, 800px\" \/>\t\t\t\t\t\t\t\t\t\t\t\t\t\t\t<\/div>\n\t\t\t\t<\/div>\n\t\t\t\t<\/div>\n\t\t\t\t\t<\/div>\n\t\t\t\t<\/div>\n\t\t<div class=\"elementor-element elementor-element-f9846a7 e-flex e-con-boxed e-con e-parent\" data-id=\"f9846a7\" data-element_type=\"container\" data-e-type=\"container\">\n\t\t\t\t\t<div class=\"e-con-inner\">\n\t\t<div class=\"elementor-element elementor-element-34f6e8e e-con-full e-flex e-con e-child\" data-id=\"34f6e8e\" data-element_type=\"container\" data-e-type=\"container\">\n\t\t\t\t<div class=\"elementor-element elementor-element-feaa8a6 elementor-widget-tablet__width-initial elementor-widget elementor-widget-image\" data-id=\"feaa8a6\" data-element_type=\"widget\" data-e-type=\"widget\" data-widget_type=\"image.default\">\n\t\t\t\t<div class=\"elementor-widget-container\">\n\t\t\t\t\t\t\t\t\t\t\t\t\t\t\t<img loading=\"lazy\" decoding=\"async\" width=\"800\" height=\"534\" src=\"https:\/\/myotonic.org\/wp-content\/uploads\/mdf-uk-img-1024x683.jpg\" class=\"attachment-large size-large wp-image-21208\" alt=\"\" srcset=\"https:\/\/myotonic.org\/wp-content\/uploads\/mdf-uk-img-1024x683.jpg 1024w, https:\/\/myotonic.org\/wp-content\/uploads\/mdf-uk-img-300x200.jpg 300w, https:\/\/myotonic.org\/wp-content\/uploads\/mdf-uk-img-768x512.jpg 768w, https:\/\/myotonic.org\/wp-content\/uploads\/mdf-uk-img.jpg 1300w\" sizes=\"(max-width: 800px) 100vw, 800px\" \/>\t\t\t\t\t\t\t\t\t\t\t\t\t\t\t<\/div>\n\t\t\t\t<\/div>\n\t\t\t\t<\/div>\n\t\t<div class=\"elementor-element elementor-element-9212b6b e-con-full e-flex e-con e-child\" data-id=\"9212b6b\" data-element_type=\"container\" data-e-type=\"container\">\n\t\t\t\t<div class=\"elementor-element elementor-element-145c68f elementor-widget-laptop__width-initial elementor-widget-tablet__width-initial elementor-widget__width-initial elementor-widget elementor-widget-heading\" data-id=\"145c68f\" data-element_type=\"widget\" data-e-type=\"widget\" data-widget_type=\"heading.default\">\n\t\t\t\t<div class=\"elementor-widget-container\">\n\t\t\t\t\t<h2 class=\"elementor-heading-title elementor-size-default\">Acerca de MDF UK (anteriormente la Wyck Foundation)<\/h2>\t\t\t\t<\/div>\n\t\t\t\t<\/div>\n\t\t\t\t<div class=\"elementor-element elementor-element-62939bc elementor-widget-tablet__width-initial elementor-widget elementor-widget-text-editor\" data-id=\"62939bc\" data-element_type=\"widget\" data-e-type=\"widget\" data-widget_type=\"text-editor.default\">\n\t\t\t\t<div class=\"elementor-widget-container\">\n\t\t\t\t\t\t\t\t\t<p><strong>En diciembre de 2024, despu\u00e9s de nueve a\u00f1os de gran impacto, los fideicomisarios de Myotonic Dystrophy Foundation UK (MDF UK) tomaron la dif\u00edcil decisi\u00f3n de cesar sus operaciones, creyendo que era lo mejor para la organizaci\u00f3n ben\u00e9fica y su misi\u00f3n.<\/strong><\/p><p>La MDF UK, establecida originalmente en 2015 como la <em>Wyck Foundation,<\/em> fue fundada en Londres por un grupo de personas dedicadas a apoyar los esfuerzos globales para mejorar la calidad de vida de quienes viven con distrofia miot\u00f3nica (DM). Desde su inicio, la MDF UK se centr\u00f3 en acelerar el descubrimiento de tratamientos e impulsar los avances en la atenci\u00f3n y la investigaci\u00f3n de la DM. <\/p>\t\t\t\t\t\t\t\t<\/div>\n\t\t\t\t<\/div>\n\t\t\t\t<div class=\"elementor-element elementor-element-75e58e0 elementor-widget elementor-widget-button\" data-id=\"75e58e0\" data-element_type=\"widget\" data-e-type=\"widget\" data-widget_type=\"button.default\">\n\t\t\t\t<div class=\"elementor-widget-container\">\n\t\t\t\t\t\t\t\t\t<div class=\"elementor-button-wrapper\">\n\t\t\t\t\t<a class=\"elementor-button elementor-button-link elementor-size-sm\" href=\"https:\/\/myotonic.org\/es\/nuestra-historia\/mdf-uk\/\">\n\t\t\t\t\t\t<span class=\"elementor-button-content-wrapper\">\n\t\t\t\t\t\t\t\t\t<span class=\"elementor-button-text\">Inversiones de MDF UK en investigaci\u00f3n de la DM <\/span>\n\t\t\t\t\t<\/span>\n\t\t\t\t\t<\/a>\n\t\t\t\t<\/div>\n\t\t\t\t\t\t\t\t<\/div>\n\t\t\t\t<\/div>\n\t\t\t\t<\/div>\n\t\t\t\t\t<\/div>\n\t\t\t\t<\/div>\n\t\t<div class=\"elementor-element elementor-element-8c40345 e-con-full e-flex e-con e-parent\" data-id=\"8c40345\" data-element_type=\"container\" data-e-type=\"container\">\n\t\t\t\t<div class=\"elementor-element elementor-element-d58b2c1 elementor-widget elementor-widget-template\" data-id=\"d58b2c1\" data-element_type=\"widget\" data-e-type=\"widget\" data-widget_type=\"template.default\">\n\t\t\t\t<div class=\"elementor-widget-container\">\n\t\t\t\t\t\t\t<div class=\"elementor-template\">\n\t\t\t\t\t<div data-elementor-type=\"container\" data-elementor-id=\"21920\" class=\"elementor elementor-21920 elementor-9327 elementor-9327\" data-elementor-post-type=\"elementor_library\">\n\t\t\t\t<div class=\"elementor-element elementor-element-4da26a03 e-flex e-con-boxed e-con e-parent\" data-id=\"4da26a03\" data-element_type=\"container\" data-e-type=\"container\" data-settings=\"{&quot;background_background&quot;:&quot;classic&quot;}\">\n\t\t\t\t\t<div class=\"e-con-inner\">\n\t\t\t\t<div class=\"elementor-element elementor-element-7c7106fb elementor-widget elementor-widget-heading\" data-id=\"7c7106fb\" data-element_type=\"widget\" data-e-type=\"widget\" data-widget_type=\"heading.default\">\n\t\t\t\t<div class=\"elementor-widget-container\">\n\t\t\t\t\t<h2 class=\"elementor-heading-title elementor-size-default\">\u00danase a nosotros para marcar la diferencia<\/h2>\t\t\t\t<\/div>\n\t\t\t\t<\/div>\n\t\t<div class=\"elementor-element elementor-element-1761fd93 e-con-full e-flex e-con e-child\" data-id=\"1761fd93\" data-element_type=\"container\" data-e-type=\"container\">\n\t\t<a class=\"elementor-element elementor-element-2ecd0645 e-con-full e-flex e-con e-child\" data-id=\"2ecd0645\" data-element_type=\"container\" data-e-type=\"container\" data-settings=\"{&quot;background_background&quot;:&quot;classic&quot;}\" href=\"https:\/\/myotonic.org\/get-involved\/advocate\/\">\n\t\t<div class=\"elementor-element elementor-element-52a30c89 e-con-full e-flex e-con e-child\" data-id=\"52a30c89\" data-element_type=\"container\" data-e-type=\"container\">\n\t\t\t\t<div class=\"elementor-element elementor-element-5360b2a6 elementor-widget elementor-widget-heading\" data-id=\"5360b2a6\" data-element_type=\"widget\" data-e-type=\"widget\" data-widget_type=\"heading.default\">\n\t\t\t\t<div class=\"elementor-widget-container\">\n\t\t\t\t\t<h2 class=\"elementor-heading-title elementor-size-default\">Abogue<\/h2>\t\t\t\t<\/div>\n\t\t\t\t<\/div>\n\t\t\t\t<div class=\"elementor-element elementor-element-34f989c4 elementor-widget elementor-widget-heading\" data-id=\"34f989c4\" data-element_type=\"widget\" data-e-type=\"widget\" data-widget_type=\"heading.default\">\n\t\t\t\t<div class=\"elementor-widget-container\">\n\t\t\t\t\t<p class=\"elementor-heading-title elementor-size-default\">Ayude a impulsar cambios en las pol\u00edticas y a acelerar el progreso para las personas que viven con DM.<\/p>\t\t\t\t<\/div>\n\t\t\t\t<\/div>\n\t\t\t\t<\/div>\n\t\t\t\t<div class=\"elementor-element elementor-element-29d67350 elementor-widget elementor-widget-image\" data-id=\"29d67350\" data-element_type=\"widget\" data-e-type=\"widget\" data-widget_type=\"image.default\">\n\t\t\t\t<div class=\"elementor-widget-container\">\n\t\t\t\t\t\t\t\t\t\t\t\t\t\t\t<img loading=\"lazy\" decoding=\"async\" width=\"800\" height=\"534\" src=\"https:\/\/myotonic.org\/wp-content\/uploads\/advocate-img-1024x683.jpg\" class=\"attachment-large size-large wp-image-20979\" alt=\"\" srcset=\"https:\/\/myotonic.org\/wp-content\/uploads\/advocate-img-1024x683.jpg 1024w, https:\/\/myotonic.org\/wp-content\/uploads\/advocate-img-300x200.jpg 300w, https:\/\/myotonic.org\/wp-content\/uploads\/advocate-img-768x512.jpg 768w, https:\/\/myotonic.org\/wp-content\/uploads\/advocate-img.jpg 1300w\" sizes=\"(max-width: 800px) 100vw, 800px\" \/>\t\t\t\t\t\t\t\t\t\t\t\t\t\t\t<\/div>\n\t\t\t\t<\/div>\n\t\t\t\t<\/a>\n\t\t<a class=\"elementor-element elementor-element-2486fb71 e-con-full e-flex e-con e-child\" data-id=\"2486fb71\" data-element_type=\"container\" data-e-type=\"container\" data-settings=\"{&quot;background_background&quot;:&quot;classic&quot;}\" href=\"https:\/\/myotonic.org\/get-involved\/fundraise\/\">\n\t\t<div class=\"elementor-element elementor-element-396ded59 e-con-full e-flex e-con e-child\" data-id=\"396ded59\" data-element_type=\"container\" data-e-type=\"container\">\n\t\t\t\t<div class=\"elementor-element elementor-element-290f4cc elementor-widget elementor-widget-heading\" data-id=\"290f4cc\" data-element_type=\"widget\" data-e-type=\"widget\" data-widget_type=\"heading.default\">\n\t\t\t\t<div class=\"elementor-widget-container\">\n\t\t\t\t\t<h2 class=\"elementor-heading-title elementor-size-default\">Recaude fondos<\/h2>\t\t\t\t<\/div>\n\t\t\t\t<\/div>\n\t\t\t\t<div class=\"elementor-element elementor-element-6f7d9f2e elementor-widget elementor-widget-heading\" data-id=\"6f7d9f2e\" data-element_type=\"widget\" data-e-type=\"widget\" data-widget_type=\"heading.default\">\n\t\t\t\t<div class=\"elementor-widget-container\">\n\t\t\t\t\t<p class=\"elementor-heading-title elementor-size-default\">Movilice a su comunidad para apoyar recursos vitales e investigaciones que cambian vidas.<\/p>\t\t\t\t<\/div>\n\t\t\t\t<\/div>\n\t\t\t\t<\/div>\n\t\t\t\t<div class=\"elementor-element elementor-element-61b60249 elementor-widget elementor-widget-image\" data-id=\"61b60249\" data-element_type=\"widget\" data-e-type=\"widget\" data-widget_type=\"image.default\">\n\t\t\t\t<div class=\"elementor-widget-container\">\n\t\t\t\t\t\t\t\t\t\t\t\t\t\t\t<img loading=\"lazy\" decoding=\"async\" width=\"800\" height=\"534\" src=\"https:\/\/myotonic.org\/wp-content\/uploads\/fundraise-img-1024x683.jpg\" class=\"attachment-large size-large wp-image-20980\" alt=\"\" srcset=\"https:\/\/myotonic.org\/wp-content\/uploads\/fundraise-img-1024x683.jpg 1024w, https:\/\/myotonic.org\/wp-content\/uploads\/fundraise-img-300x200.jpg 300w, https:\/\/myotonic.org\/wp-content\/uploads\/fundraise-img-768x512.jpg 768w, https:\/\/myotonic.org\/wp-content\/uploads\/fundraise-img.jpg 1300w\" sizes=\"(max-width: 800px) 100vw, 800px\" \/>\t\t\t\t\t\t\t\t\t\t\t\t\t\t\t<\/div>\n\t\t\t\t<\/div>\n\t\t\t\t<\/a>\n\t\t<a class=\"elementor-element elementor-element-4e985d8c e-con-full e-flex e-con e-child\" data-id=\"4e985d8c\" data-element_type=\"container\" data-e-type=\"container\" data-settings=\"{&quot;background_background&quot;:&quot;classic&quot;}\" href=\"https:\/\/myotonic.org\/get-involved\/volunteer\/\">\n\t\t<div class=\"elementor-element elementor-element-53a424cc e-con-full e-flex e-con e-child\" data-id=\"53a424cc\" data-element_type=\"container\" data-e-type=\"container\">\n\t\t\t\t<div class=\"elementor-element elementor-element-43553be6 elementor-widget elementor-widget-heading\" data-id=\"43553be6\" data-element_type=\"widget\" data-e-type=\"widget\" data-widget_type=\"heading.default\">\n\t\t\t\t<div class=\"elementor-widget-container\">\n\t\t\t\t\t<h2 class=\"elementor-heading-title elementor-size-default\">Voluntario<\/h2>\t\t\t\t<\/div>\n\t\t\t\t<\/div>\n\t\t\t\t<div class=\"elementor-element elementor-element-7d78d57c elementor-widget elementor-widget-heading\" data-id=\"7d78d57c\" data-element_type=\"widget\" data-e-type=\"widget\" data-widget_type=\"heading.default\">\n\t\t\t\t<div class=\"elementor-widget-container\">\n\t\t\t\t\t<p class=\"elementor-heading-title elementor-size-default\">\u00danase a nuestro equipo de voluntarios, que aporta conexi\u00f3n y apoyo a la comunidad.<\/p>\t\t\t\t<\/div>\n\t\t\t\t<\/div>\n\t\t\t\t<\/div>\n\t\t\t\t<div class=\"elementor-element elementor-element-5187d97a elementor-widget elementor-widget-image\" data-id=\"5187d97a\" data-element_type=\"widget\" data-e-type=\"widget\" data-widget_type=\"image.default\">\n\t\t\t\t<div class=\"elementor-widget-container\">\n\t\t\t\t\t\t\t\t\t\t\t\t\t\t\t<img loading=\"lazy\" decoding=\"async\" width=\"800\" height=\"534\" src=\"https:\/\/myotonic.org\/wp-content\/uploads\/volenteer-img-1024x683.jpg\" class=\"attachment-large size-large wp-image-20981\" alt=\"\" srcset=\"https:\/\/myotonic.org\/wp-content\/uploads\/volenteer-img-1024x683.jpg 1024w, https:\/\/myotonic.org\/wp-content\/uploads\/volenteer-img-300x200.jpg 300w, https:\/\/myotonic.org\/wp-content\/uploads\/volenteer-img-768x512.jpg 768w, https:\/\/myotonic.org\/wp-content\/uploads\/volenteer-img.jpg 1300w\" sizes=\"(max-width: 800px) 100vw, 800px\" \/>\t\t\t\t\t\t\t\t\t\t\t\t\t\t\t<\/div>\n\t\t\t\t<\/div>\n\t\t\t\t<\/a>\n\t\t\t\t<\/div>\n\t\t\t\t\t<\/div>\n\t\t\t\t<\/div>\n\t\t\t\t<\/div>\n\t\t\t\t<\/div>\n\t\t\t\t\t\t<\/div>\n\t\t\t\t<\/div>\n\t\t\t\t<\/div>\n\t\t\t\t<\/div>\n\t\t","protected":false},"excerpt":{"rendered":"<p>Historia de la fundaci\u00f3n Fortalecer la comunidad de la DM mediante el apoyo, la atenci\u00f3n, la defensa y la investigaci\u00f3n, acerc\u00e1ndonos a tratamientos y a una cura. Despl\u00e1zate hacia abajo para obtener m\u00e1s informaci\u00f3n. Comunidad, Cuidado y una Cura La Myotonic Dystrophy Foundation (MDF) se fund\u00f3 en California en 2007 como una organizaci\u00f3n sin \u00e1nimo [&hellip;]<\/p>\n","protected":false},"author":7,"featured_media":0,"parent":0,"menu_order":21,"comment_status":"closed","ping_status":"closed","template":"","meta":{"footnotes":""},"class_list":["post-21209","page","type-page","status-publish","hentry"],"_links":{"self":[{"href":"https:\/\/myotonic.org\/es\/wp-json\/wp\/v2\/pages\/21209","targetHints":{"allow":["GET"]}}],"collection":[{"href":"https:\/\/myotonic.org\/es\/wp-json\/wp\/v2\/pages"}],"about":[{"href":"https:\/\/myotonic.org\/es\/wp-json\/wp\/v2\/types\/page"}],"author":[{"embeddable":true,"href":"https:\/\/myotonic.org\/es\/wp-json\/wp\/v2\/users\/7"}],"replies":[{"embeddable":true,"href":"https:\/\/myotonic.org\/es\/wp-json\/wp\/v2\/comments?post=21209"}],"version-history":[{"count":0,"href":"https:\/\/myotonic.org\/es\/wp-json\/wp\/v2\/pages\/21209\/revisions"}],"wp:attachment":[{"href":"https:\/\/myotonic.org\/es\/wp-json\/wp\/v2\/media?parent=21209"}],"curies":[{"name":"wp","href":"https:\/\/api.w.org\/{rel}","templated":true}]}}