{"id":21607,"date":"2026-01-07T14:14:47","date_gmt":"2026-01-07T22:14:47","guid":{"rendered":"https:\/\/mr66givry2.onrocket.site\/como-afecta-la-dm-al-cuerpo\/sistema-inmunitario\/"},"modified":"2026-01-07T14:14:47","modified_gmt":"2026-01-07T22:14:47","slug":"sistema-inmunitario","status":"publish","type":"page","link":"https:\/\/myotonic.org\/es\/como-afecta-la-dm-al-cuerpo\/sistema-inmunitario\/","title":{"rendered":"Sistema inmunitario"},"content":{"rendered":"<h2>Anticuerpos<\/h2>\n<p>La distrofia miot\u00f3nica est\u00e1 asociada con una reducci\u00f3n moderada de la cantidad de inmunoglobulina en la sangre (hipogammaglobulinemia). La producci\u00f3n de anticuerpos es normal; sin embargo, los anticuerpos no permanecen tanto tiempo en la circulaci\u00f3n, por lo que la cantidad en la sangre en un momento dado est\u00e1 algo reducida. La reducci\u00f3n de inmunoglobulina asociada a la distrofia miot\u00f3nica parece tolerarse bien. Hasta ahora no hay evidencia clara de que esta alteraci\u00f3n est\u00e9 asociada con una mayor frecuencia de infecciones.   <\/p>\n<h2>Tumores<\/h2>\n<p>Las personas con distrofia miot\u00f3nica DM1 tienen una mayor frecuencia de pilomatrixoma, un tipo de tumor cut\u00e1neo benigno. Este tipo de tumor es poco frecuente en la poblaci\u00f3n general, pero bastante com\u00fan en personas con distrofia miot\u00f3nica DM1. (No se ha informado de ninguna asociaci\u00f3n entre pilomatrixomas y DM2).  <\/p>\n<p>Los pilomatrixomas suelen aparecer alrededor de la cabeza o el cuello y se sienten como bultos firmes justo debajo de la superficie de la piel. Estos tumores son benignos y pueden curarse mediante extirpaci\u00f3n quir\u00fargica. Algunos investigadores han sugerido que la DM1 tambi\u00e9n puede estar asociada con una mayor frecuencia de otros tipos de tumores, como tumores de las gl\u00e1ndulas paratiroides, pituitaria o timo. Sin embargo, en este momento no hay evidencia clara que respalde esta idea.   <\/p>\n","protected":false},"excerpt":{"rendered":"<p>C\u00f3mo la DM puede influir en la respuesta inmunitaria y la resistencia general.<\/p>\n","protected":false},"author":7,"featured_media":21608,"parent":21412,"menu_order":5,"comment_status":"closed","ping_status":"closed","template":"","meta":{"footnotes":""},"class_list":["post-21607","page","type-page","status-publish","has-post-thumbnail","hentry"],"_links":{"self":[{"href":"https:\/\/myotonic.org\/es\/wp-json\/wp\/v2\/pages\/21607","targetHints":{"allow":["GET"]}}],"collection":[{"href":"https:\/\/myotonic.org\/es\/wp-json\/wp\/v2\/pages"}],"about":[{"href":"https:\/\/myotonic.org\/es\/wp-json\/wp\/v2\/types\/page"}],"author":[{"embeddable":true,"href":"https:\/\/myotonic.org\/es\/wp-json\/wp\/v2\/users\/7"}],"replies":[{"embeddable":true,"href":"https:\/\/myotonic.org\/es\/wp-json\/wp\/v2\/comments?post=21607"}],"version-history":[{"count":0,"href":"https:\/\/myotonic.org\/es\/wp-json\/wp\/v2\/pages\/21607\/revisions"}],"up":[{"embeddable":true,"href":"https:\/\/myotonic.org\/es\/wp-json\/wp\/v2\/pages\/21412"}],"wp:featuredmedia":[{"embeddable":true,"href":"https:\/\/myotonic.org\/es\/wp-json\/wp\/v2\/media\/21608"}],"wp:attachment":[{"href":"https:\/\/myotonic.org\/es\/wp-json\/wp\/v2\/media?parent=21607"}],"curies":[{"name":"wp","href":"https:\/\/api.w.org\/{rel}","templated":true}]}}