{"id":21642,"date":"2026-01-07T14:17:24","date_gmt":"2026-01-07T22:17:24","guid":{"rendered":"https:\/\/mr66givry2.onrocket.site\/como-afecta-la-dm-al-cuerpo\/endocrino\/"},"modified":"2026-01-07T14:17:24","modified_gmt":"2026-01-07T22:17:24","slug":"endocrino","status":"publish","type":"page","link":"https:\/\/myotonic.org\/es\/como-afecta-la-dm-al-cuerpo\/endocrino\/","title":{"rendered":"Endocrino"},"content":{"rendered":"<h2>Sistema endocrino &#8211; DM1<\/h2>\n<h3>Patrones:<\/h3>\n<ul>\n<li>Las anomal\u00edas endocrinas y metab\u00f3licas en la distrofia miot\u00f3nica tipo 1 (DM1) est\u00e1n bien documentadas.<\/li>\n<li>La hiperinsulinemia tras la ingesta de glucosa muestra valores de glucosa y hemoglobina glucosilada (HbA1c) t\u00edpicos de prediabetes o intolerancia a la glucosa.<\/li>\n<li>Mayor incidencia de disfunci\u00f3n tiroidea, paratiroidea y gonadal, junto con niveles sangu\u00edneos anormales de algunas hormonas suprarrenales.<\/li>\n<li>La insuficiencia gonadal contribuye a problemas de disfunci\u00f3n er\u00e9ctil, infertilidad y reserva ov\u00e1rica disminuida.<\/li>\n<li>Las mujeres pueden experimentar fertilidad reducida, aborto espont\u00e1neo y muerte fetal, y pueden tener una tasa algo mayor de menstruaciones excesivamente dolorosas e irregulares que la poblaci\u00f3n general.<\/li>\n<\/ul>\n<h3>S\u00edntomas:<\/h3>\n<ul>\n<li>Menstruaci\u00f3n dolorosa o irregular.<\/li>\n<li>Disfunci\u00f3n er\u00e9ctil.<\/li>\n<\/ul>\n<h3>Diagn\u00f3stico:<\/h3>\n<ul>\n<li>Consulte con su m\u00e9dico las siguientes pruebas:\n<ul>\n<li>Enzimas hep\u00e1ticas y niveles de bilirrubina.<\/li>\n<li>Funci\u00f3n tiroidea &#8211; niveles de TSH y T4 libre.<\/li>\n<li>Hiperlipidemia.<\/li>\n<li>Historial reproductivo y de fertilidad\/infertilidad &#8211; menstruaci\u00f3n irregular; quistes ov\u00e1ricos; endometriosis.<\/li>\n<\/ul>\n<\/li>\n<\/ul>\n<h3>Tratamiento:<\/h3>\n<ul>\n<li>Derivar a especialista en ginecolog\u00eda y obstetricia seg\u00fan corresponda.<\/li>\n<li>Planificaci\u00f3n familiar.<\/li>\n<li>Derivar a asesor gen\u00e9tico u otros especialistas seg\u00fan est\u00e9 indicado.<\/li>\n<li>Minoxidil (Rogaine) para la ca\u00edda del cabello.<\/li>\n<li>Cambios en el estilo de vida en la dieta y el ejercicio, y uso apropiado de medicamentos para normalizar los niveles de glucosa e insulina en sangre para el tratamiento de la resistencia a la insulina.<\/li>\n<li>Considere los posibles efectos secundarios cardiovasculares con algunos medicamentos para la disfunci\u00f3n er\u00e9ctil.<\/li>\n<\/ul>\n<h2>Sistema endocrino &#8211; DM2<\/h2>\n<h3>Patrones:<\/h3>\n<ul>\n<li>Est\u00e1 presente la misma frecuencia de diabetes tipo 1 o tipo 2 en comparaci\u00f3n con la poblaci\u00f3n general de la misma edad, pero son necesarios m\u00e1s estudios para establecer la exactitud de esta impresi\u00f3n.<\/li>\n<li>La DM2 puede provocar alteraciones en la regulaci\u00f3n de los niveles de hormonas tiroideas, suprarrenales y gonadales.<\/li>\n<li>El hipotiroidismo agrava la DM2.<\/li>\n<li>Algunos han notificado problemas con la funci\u00f3n sexual.<\/li>\n<li>Elevaci\u00f3n de las enzimas hep\u00e1ticas.<\/li>\n<\/ul>\n<h3>S\u00edntomas:<\/h3>\n<ul>\n<li>Niveles fluctuantes de dolor y fatiga.<\/li>\n<li>Debilidad muscular y rigidez muscular irregular.<\/li>\n<li>Menstruaci\u00f3n dolorosa o irregular.<\/li>\n<li>Signos\/s\u00edntomas de hipotiroidismo\/hipertiroidismo.<\/li>\n<\/ul>\n<h3>Diagn\u00f3stico:<\/h3>\n<ul>\n<li>Consulte con su m\u00e9dico las siguientes pruebas:\n<ul>\n<li>Funci\u00f3n tiroidea &#8211; niveles de TSH y T4 libre.<\/li>\n<li>Enzimas hep\u00e1ticas y niveles de bilirrubina.<\/li>\n<li>Hiperlipidemia mediante an\u00e1lisis de los niveles de l\u00edpidos s\u00e9ricos.<\/li>\n<li>Hormonas sexuales en mujeres, niveles de glucosa, HbA1c, PTH, vitamina D.<\/li>\n<\/ul>\n<\/li>\n<\/ul>\n<h3>Tratamiento:<\/h3>\n<ul>\n<li>Derivar a especialista en ginecolog\u00eda y obstetricia seg\u00fan corresponda.<\/li>\n<li>Cambios en el estilo de vida en la dieta y el ejercicio.<\/li>\n<li>Uso apropiado de medicamentos para normalizar los niveles de glucosa e insulina en sangre para el tratamiento de la resistencia a la insulina.<\/li>\n<li>Estatinas si es necesario debido a un mayor riesgo cardiovascular.<\/li>\n<\/ul>\n<h2>Sistema endocrino &#8211; CDM<\/h2>\n<h3>Patrones:<\/h3>\n<ul>\n<li>Las manifestaciones endocrinol\u00f3gicas de la enfermedad est\u00e1n bien descritas en adultos con DM1, pero rara vez se han notificado en ni\u00f1os.<\/li>\n<li>Existen informes que describen la presencia de disfunci\u00f3n tiroidea en la infancia, pero no son muy frecuentes.<\/li>\n<\/ul>\n<h3>S\u00edntomas:<\/h3>\n<ul>\n<li>Resistencia a la insulina.<\/li>\n<li>Hipotiroidismo.<\/li>\n<li>Hiperparatiroidismo.<\/li>\n<li>Otros s\u00edntomas endocrinos y metab\u00f3licos de aparici\u00f3n en la edad adulta a medida que envejecen.<\/li>\n<li>P\u00e9rdida de per\u00edodos menstruales o calambres y dolor con la menstruaci\u00f3n.<\/li>\n<li>Disfunci\u00f3n er\u00e9ctil en hombres.<\/li>\n<\/ul>\n<h3>Diagn\u00f3stico:<\/h3>\n<ul>\n<li>Consulte con su m\u00e9dico las siguientes pruebas:\n<ul>\n<li>Examen f\u00edsico detallado para revisar las complicaciones del sistema reproductor.<\/li>\n<li>Hormona estimulante de la tiroides (TSH) y nivel de T4 libre.<\/li>\n<li>L\u00edpidos en sangre en ayunas, glucosa plasm\u00e1tica, enzimas hep\u00e1ticas, niveles de bilirrubina.<\/li>\n<\/ul>\n<\/li>\n<\/ul>\n","protected":false},"excerpt":{"rendered":"<p>Desequilibrios hormonales que pueden afectar al metabolismo y la energ\u00eda.<\/p>\n","protected":false},"author":7,"featured_media":21643,"parent":21412,"menu_order":10,"comment_status":"closed","ping_status":"closed","template":"","meta":{"footnotes":""},"class_list":["post-21642","page","type-page","status-publish","has-post-thumbnail","hentry"],"_links":{"self":[{"href":"https:\/\/myotonic.org\/es\/wp-json\/wp\/v2\/pages\/21642","targetHints":{"allow":["GET"]}}],"collection":[{"href":"https:\/\/myotonic.org\/es\/wp-json\/wp\/v2\/pages"}],"about":[{"href":"https:\/\/myotonic.org\/es\/wp-json\/wp\/v2\/types\/page"}],"author":[{"embeddable":true,"href":"https:\/\/myotonic.org\/es\/wp-json\/wp\/v2\/users\/7"}],"replies":[{"embeddable":true,"href":"https:\/\/myotonic.org\/es\/wp-json\/wp\/v2\/comments?post=21642"}],"version-history":[{"count":0,"href":"https:\/\/myotonic.org\/es\/wp-json\/wp\/v2\/pages\/21642\/revisions"}],"up":[{"embeddable":true,"href":"https:\/\/myotonic.org\/es\/wp-json\/wp\/v2\/pages\/21412"}],"wp:featuredmedia":[{"embeddable":true,"href":"https:\/\/myotonic.org\/es\/wp-json\/wp\/v2\/media\/21643"}],"wp:attachment":[{"href":"https:\/\/myotonic.org\/es\/wp-json\/wp\/v2\/media?parent=21642"}],"curies":[{"name":"wp","href":"https:\/\/api.w.org\/{rel}","templated":true}]}}