{"id":21677,"date":"2026-01-07T14:13:55","date_gmt":"2026-01-07T22:13:55","guid":{"rendered":"https:\/\/mr66givry2.onrocket.site\/como-afecta-la-dm-al-cuerpo\/vision\/"},"modified":"2026-01-07T14:13:55","modified_gmt":"2026-01-07T22:13:55","slug":"vision","status":"publish","type":"page","link":"https:\/\/myotonic.org\/es\/como-afecta-la-dm-al-cuerpo\/vision\/","title":{"rendered":"Visi\u00f3n"},"content":{"rendered":"<h2>Visi\u00f3n &#8211; DM1<\/h2>\n<h3>Patrones:<\/h3>\n<ul>\n<li>Las manifestaciones oculares principales y cl\u00ednicamente relevantes en DM1 pueden incluir las siguientes: cataratas, ptosis palpebral y cierre incompleto de los p\u00e1rpados, anomal\u00edas en el movimiento ocular, cambios retinianos y presi\u00f3n intraocular baja.<\/li>\n<li>Las alteraciones visuales en DM1 est\u00e1n causadas con mayor frecuencia por cataratas. Las cataratas en DM1 pueden progresar m\u00e1s r\u00e1pido que las cataratas habituales y pueden presentarse como cataratas de inicio temprano. Las cataratas antes de los 55 a\u00f1os o antecedentes familiares de cataratas prematuras sugieren un diagn\u00f3stico de DM1 o DM2 en personas con s\u00edntomas musculares.  <\/li>\n<li>El deslumbramiento y la visi\u00f3n borrosa se desarrollan a medida que las opacidades del cristalino progresan a cataratas estrelladas y, finalmente, a cataratas maduras, que pueden ser indistinguibles de los tipos m\u00e1s comunes de cataratas.<\/li>\n<\/ul>\n<h3>S\u00edntomas:<\/h3>\n<ul>\n<li>S\u00edntomas de cataratas y otras manifestaciones oculares en DM1 (v\u00e9ase m\u00e1s arriba).<\/li>\n<\/ul>\n<h3>Diagn\u00f3stico:<\/h3>\n<ul>\n<li>Consulte las siguientes pruebas con su m\u00e9dico:\n<ul>\n<li>Manifestaciones oculares de DM1 mediante un examen con l\u00e1mpara de hendidura como parte de un examen ocular anual.<\/li>\n<li>Ptosis palpebral; si la ptosis se vuelve grave e interfiere con la visi\u00f3n, puede estar justificada una intervenci\u00f3n, como \u00abmuletas\u00bb palpebrales que se pueden insertar en las gafas. Pruebe las muletas como remedio para la ptosis antes de considerar la cirug\u00eda palpebral, debido a los riesgos de la anestesia y la debilidad concomitante del cierre ocular. <\/li>\n<\/ul>\n<\/li>\n<\/ul>\n<h3>Tratamiento:<\/h3>\n<ul>\n<li>Cirug\u00eda para extirpar las cataratas, pero se prefiere la anestesia local para evitar las complicaciones asociadas con la anestesia general.<\/li>\n<li>Derivar a:\n<ul>\n<li>Oftalm\u00f3logo quir\u00fargico cuando las cataratas interfieran con la capacidad de satisfacer las necesidades de la vida diaria y est\u00e9 indicada la extracci\u00f3n quir\u00fargica del cristalino opaco con implantaci\u00f3n de lente intraocular. Aseg\u00farese de que los riesgos y efectos secundarios de la anestesia est\u00e9n claros. <\/li>\n<li>Oftalm\u00f3logo para seguimiento regular respecto a la debilidad del cierre palpebral. Se pueden considerar lubricantes oft\u00e1lmicos para el ojo seco. <\/li>\n<\/ul>\n<\/li>\n<\/ul>\n<h2>Visi\u00f3n &#8211; DM2<\/h2>\n<h3>Patrones:<\/h3>\n<ul>\n<li>Las manifestaciones oculares principales y cl\u00ednicamente relevantes en DM2 pueden incluir las siguientes: cataratas, ptosis palpebral y cierre incompleto de los p\u00e1rpados, cambios retinianos y cambios en la presi\u00f3n intraocular.<\/li>\n<li>Las alteraciones visuales est\u00e1n causadas con mayor frecuencia por cataratas.<\/li>\n<li>Las cataratas en DM2 pueden progresar m\u00e1s r\u00e1pido que las cataratas habituales, por lo que las personas pueden presentar cataratas de inicio temprano. Las cataratas antes de los 55 a\u00f1os o antecedentes familiares de cataratas prematuras sugieren un diagn\u00f3stico de DM en personas con s\u00edntomas musculares. <\/li>\n<\/ul>\n<h3>S\u00edntomas:<\/h3>\n<ul>\n<li>S\u00edntomas de cataratas y otras manifestaciones oculares en DM2 (v\u00e9ase m\u00e1s arriba).<\/li>\n<\/ul>\n<h3>Diagn\u00f3stico:<\/h3>\n<ul>\n<li>Consulte las siguientes pruebas con su m\u00e9dico:\n<ul>\n<li>Manifestaciones oculares de DM2 mediante un examen con l\u00e1mpara de hendidura como parte de un examen ocular anual. Ex\u00e1menes oftalmol\u00f3gicos regulares despu\u00e9s de la cirug\u00eda de cataratas, ya que las cataratas pueden reaparecer. <\/li>\n<li>Ptosis palpebral; si la ptosis se vuelve grave e interfiere con la visi\u00f3n, puede estar justificada una intervenci\u00f3n, como \u00abmuletas\u00bb palpebrales que se pueden insertar en las gafas. Pruebe las muletas como remedio para la ptosis antes de considerar la cirug\u00eda palpebral, debido a los riesgos de la anestesia y la debilidad concomitante del cierre ocular. <\/li>\n<\/ul>\n<\/li>\n<\/ul>\n<h3>Tratamiento:<\/h3>\n<ul>\n<li>Se puede realizar cirug\u00eda para extirpar las cataratas, pero se prefiere la anestesia local para evitar las complicaciones asociadas con la anestesia general.<\/li>\n<li>Derivar a:\n<ul>\n<li>Oftalm\u00f3logo quir\u00fargico cuando las cataratas interfieran con la capacidad de satisfacer las necesidades de la vida diaria y est\u00e9 indicada la extracci\u00f3n quir\u00fargica del cristalino opaco con implantaci\u00f3n de lente intraocular. Aseg\u00farese de que los riesgos y efectos secundarios de la anestesia est\u00e9n claros. <\/li>\n<li>Oftalm\u00f3logo para seguimiento regular para evaluar la debilidad del cierre palpebral. Se pueden considerar lubricantes oft\u00e1lmicos para el ojo seco. <\/li>\n<\/ul>\n<\/li>\n<\/ul>\n<h2>Visi\u00f3n &#8211; DM cong\u00e9nita<\/h2>\n<h3>Patrones:<\/h3>\n<ul>\n<li>Las manifestaciones oculares principales y cl\u00ednicamente relevantes en la DM1 cong\u00e9nita y de inicio en la infancia pueden incluir hipermetrop\u00eda, ptosis palpebral, cierre incompleto de los p\u00e1rpados, estrabismo y otras anomal\u00edas en el movimiento ocular.<\/li>\n<li>Las cataratas, aunque son una preocupaci\u00f3n com\u00fan en adultos, casi nunca se observan en ni\u00f1os.<\/li>\n<li>La ptosis palpebral bilateral es una caracter\u00edstica frecuente. En casos graves, puede obstruir la visi\u00f3n y puede requerir intervenci\u00f3n quir\u00fargica o no quir\u00fargica. <\/li>\n<li>La debilidad de los m\u00fasculos de cierre palpebral tambi\u00e9n es un problema com\u00fan y puede causar da\u00f1o corneal.<\/li>\n<li>Las infecciones \u00f3ticas durante la infancia manifestadas como una infecci\u00f3n del tracto respiratorio superior son frecuentes y, por lo general, requieren intervenciones quir\u00fargicas, como timpanostom\u00eda uni o bilateral.<\/li>\n<\/ul>\n<h3>S\u00edntomas:<\/h3>\n<ul>\n<li>Signos de infecciones del tracto respiratorio superior, especialmente cuando se manifiestan como otitis media.<\/li>\n<\/ul>\n<h3>Diagn\u00f3stico:<\/h3>\n<ul>\n<li>Consulte las siguientes pruebas con su m\u00e9dico:\n<ul>\n<li>Audiometr\u00eda basal, especialmente en edad escolar.<\/li>\n<\/ul>\n<\/li>\n<\/ul>\n<h3>Tratamiento:<\/h3>\n<ul>\n<li>Signos de estrabismo u otro desalineamiento ocular mediante una prueba de cubrir\/descubrir. La mirada disconjugada persistente en la infancia puede resultar en ambliop\u00eda. <\/li>\n<li>Ptosis palpebral; si la ptosis se vuelve grave e interfiere con la visi\u00f3n, puede estar justificada una intervenci\u00f3n, como \u00abmuletas\u00bb palpebrales que se pueden insertar en las gafas. Pruebe las muletas como remedio para la ptosis antes de considerar la cirug\u00eda palpebral, debido a los riesgos de la anestesia. <\/li>\n<li>Derivar a:\n<ul>\n<li>Optometrista para examen en el momento del diagn\u00f3stico y posteriormente al menos anualmente para identificar hipermetrop\u00eda, astigmatismo, estrabismo.<\/li>\n<li>Otorrinolaring\u00f3logo si hay infecciones de o\u00eddo frecuentes.<\/li>\n<li>Oftalm\u00f3logo para seguimiento regular si las anomal\u00edas en el movimiento ocular o la debilidad del cierre palpebral est\u00e1n poniendo en riesgo la visi\u00f3n. Se pueden considerar lubricantes oft\u00e1lmicos para el ojo seco. <\/li>\n<\/ul>\n<\/li>\n<\/ul>\n","protected":false},"excerpt":{"rendered":"<p>Afecciones oculares y cambios en la visi\u00f3n com\u00fanmente observados en DM.<\/p>\n","protected":false},"author":7,"featured_media":21678,"parent":21412,"menu_order":11,"comment_status":"closed","ping_status":"closed","template":"","meta":{"footnotes":""},"class_list":["post-21677","page","type-page","status-publish","has-post-thumbnail","hentry"],"_links":{"self":[{"href":"https:\/\/myotonic.org\/es\/wp-json\/wp\/v2\/pages\/21677","targetHints":{"allow":["GET"]}}],"collection":[{"href":"https:\/\/myotonic.org\/es\/wp-json\/wp\/v2\/pages"}],"about":[{"href":"https:\/\/myotonic.org\/es\/wp-json\/wp\/v2\/types\/page"}],"author":[{"embeddable":true,"href":"https:\/\/myotonic.org\/es\/wp-json\/wp\/v2\/users\/7"}],"replies":[{"embeddable":true,"href":"https:\/\/myotonic.org\/es\/wp-json\/wp\/v2\/comments?post=21677"}],"version-history":[{"count":0,"href":"https:\/\/myotonic.org\/es\/wp-json\/wp\/v2\/pages\/21677\/revisions"}],"up":[{"embeddable":true,"href":"https:\/\/myotonic.org\/es\/wp-json\/wp\/v2\/pages\/21412"}],"wp:featuredmedia":[{"embeddable":true,"href":"https:\/\/myotonic.org\/es\/wp-json\/wp\/v2\/media\/21678"}],"wp:attachment":[{"href":"https:\/\/myotonic.org\/es\/wp-json\/wp\/v2\/media?parent=21677"}],"curies":[{"name":"wp","href":"https:\/\/api.w.org\/{rel}","templated":true}]}}