{"id":21683,"date":"2026-01-07T14:13:26","date_gmt":"2026-01-07T22:13:26","guid":{"rendered":"https:\/\/mr66givry2.onrocket.site\/como-afecta-la-dm-al-cuerpo\/sistema-nervioso-central\/"},"modified":"2026-01-07T14:13:26","modified_gmt":"2026-01-07T22:13:26","slug":"sistema-nervioso-central","status":"publish","type":"page","link":"https:\/\/myotonic.org\/es\/como-afecta-la-dm-al-cuerpo\/sistema-nervioso-central\/","title":{"rendered":"Sistema nervioso central"},"content":{"rendered":"<h2>C\u00f3mo afecta la DM al SNC &#8211; DM1<\/h2>\n<h3>Patrones:<\/h3>\n<ul>\n<li>La DM1 es tambi\u00e9n un \u00abtrastorno cerebral\u00bb y puede causar anomal\u00edas cognitivas y conductuales que pueden afectar a la calidad de vida.<\/li>\n<\/ul>\n<h3>S\u00edntomas:<\/h3>\n<ul>\n<li>Las anomal\u00edas cognitivas y conductuales pueden implicar d\u00e9ficits en la inteligencia, la funci\u00f3n ejecutiva, la construcci\u00f3n visoespacial, el pensamiento y la resoluci\u00f3n de problemas, y la atenci\u00f3n, aunque el alcance y el grado de afectaci\u00f3n pueden variar.<\/li>\n<li>Dificultad para organizar y planificar.<\/li>\n<li>Rasgos de personalidad como ansiedad, comportamiento evitativo, apat\u00eda, falta de iniciativa o inactividad.<\/li>\n<li>Trastornos de salud mental como ansiedad, abuso de sustancias o depresi\u00f3n.<\/li>\n<li>Problemas con las circunstancias sociales que van desde la negligencia infantil, la necesidad econ\u00f3mica aguda, la conducci\u00f3n insegura, un hogar inseguro o insalubre, y\/o la falta de vivienda.<\/li>\n<li>Somnolencia diurna excesiva (tambi\u00e9n conocida como hipersomnia) que se asocia con un sue\u00f1o impredecible y frecuente.<\/li>\n<\/ul>\n<h3>Diagn\u00f3stico:<\/h3>\n<ul>\n<li>Evaluaciones neuropsicol\u00f3gicas de referencia con su m\u00e9dico.<\/li>\n<li>Realice un examen\/reconocimiento m\u00e9dico anual con su m\u00e9dico para hablar de problemas psiqui\u00e1tricos o de comportamiento y\/o cambios cognitivos.<\/li>\n<\/ul>\n<h3>Tratamiento:<\/h3>\n<ul>\n<li>Hable con su m\u00e9dico sobre el posible uso de psicoestimulantes si tiene apat\u00eda y un nivel de fatiga o somnolencia diurna excesiva que le impida realizar sus actividades.<\/li>\n<\/ul>\n<h2>C\u00f3mo afecta la DM al SNC &#8211; DM2<\/h2>\n<h3>Patrones:<\/h3>\n<ul>\n<li>En la DM2 pueden observarse defectos cognitivos espec\u00edficos, pero se cree que son m\u00e1s leves que los observados en todas las formas de DM1. Adem\u00e1s de la alteraci\u00f3n primaria de la funci\u00f3n cerebral que se cree causada por la mutaci\u00f3n gen\u00e9tica de la DM2, puede haber contribuciones de los patrones de sue\u00f1o alterados o de las anomal\u00edas hormonales u otras sist\u00e9micas observadas en el trastorno. <\/li>\n<li>Reducci\u00f3n del flujo sangu\u00edneo en los l\u00f3bulos frontal y temporal del cerebro.<\/li>\n<\/ul>\n<h3>S\u00edntomas:<\/h3>\n<ul>\n<li>Las anomal\u00edas cognitivas y conductuales pueden implicar d\u00e9ficits en la inteligencia, la funci\u00f3n ejecutiva, la construcci\u00f3n visoespacial, el pensamiento y la resoluci\u00f3n de problemas, y la atenci\u00f3n. El alcance y el grado de estos s\u00edntomas pueden variar. <\/li>\n<li>Falta de funci\u00f3n ejecutiva que puede causar grandes dificultades para planificar y organizar la vida, afectando a \u00e1reas como el pago de facturas, el cumplimiento de citas y la organizaci\u00f3n de horarios.<\/li>\n<li>Trastornos de salud mental, incluida la depresi\u00f3n.<\/li>\n<li>Apat\u00eda.<\/li>\n<\/ul>\n<h3>Diagn\u00f3stico:<\/h3>\n<ul>\n<li>Consulte a un profesional de la salud mental (psic\u00f3logo o psiquiatra) para diagnosticar anomal\u00edas psiqui\u00e1tricas o de comportamiento.<\/li>\n<li>Realice pruebas de problemas psiqui\u00e1tricos o de comportamiento y cambios cognitivos como parte de su examen anual con su m\u00e9dico.<\/li>\n<li>Se recomienda una evaluaci\u00f3n neuropsicol\u00f3gica de referencia con su m\u00e9dico. Su m\u00e9dico puede indicar pruebas adicionales para su curso cl\u00ednico. <\/li>\n<\/ul>\n<h3>Tratamiento:<\/h3>\n<ul>\n<li>Hable con su m\u00e9dico sobre el posible uso de psicoestimulantes si tiene apat\u00eda y un nivel de fatiga o somnolencia diurna excesiva que le impida realizar sus actividades.<\/li>\n<li>Hable tambi\u00e9n con su m\u00e9dico sobre el posible uso de medicaci\u00f3n antidepresiva. Antes de iniciar el tratamiento, su m\u00e9dico debe realizar un examen card\u00edaco que incluya un ECG (electrocardiograma) de 12 derivaciones. <\/li>\n<\/ul>\n<h2>C\u00f3mo afecta la DM al SNC &#8211; DCM<\/h2>\n<h3>Patrones:<\/h3>\n<ul>\n<li>El deterioro cognitivo puede ser un problema importante en ni\u00f1os y adolescentes con DM1, mientras que los s\u00edntomas musculares pueden ser relativamente discretos o ausentes en la forma de inicio en la infancia.<\/li>\n<li>Los ni\u00f1os diagnosticados con DM1 pueden presentar una serie de caracter\u00edsticas f\u00edsicas, cognitivas, conductuales y de personalidad complejas que pueden tener un impacto sustancial en el desarrollo y el estado de la calidad de vida en la infancia y durante la transici\u00f3n a la edad adulta.<\/li>\n<\/ul>\n<h3>S\u00edntomas:<\/h3>\n<ul>\n<li>Reducci\u00f3n de las habilidades de organizaci\u00f3n perceptiva.<\/li>\n<li>Disminuci\u00f3n de la velocidad de procesamiento.<\/li>\n<li>D\u00e9ficits en la atenci\u00f3n visual, las habilidades constructivas visuales, la memoria de trabajo, la planificaci\u00f3n y la flexibilidad cognitiva.<\/li>\n<li>Problemas de comunicaci\u00f3n.<\/li>\n<li>Ansiedad social.<\/li>\n<li>Hiperactividad.<\/li>\n<\/ul>\n<h3>Diagn\u00f3stico:<\/h3>\n<ul>\n<li>Hable con el m\u00e9dico de su hijo sobre las siguientes pruebas: estas evaluaciones deben realizarse en el momento del diagn\u00f3stico, en preescolar si procede, y deben repetirse, seg\u00fan el nivel de funcionamiento, 2-3 veces antes de la edad adulta.<\/li>\n<li>Evaluaci\u00f3n psicom\u00e9trica de la capacidad intelectual global y el funcionamiento adaptativo.<\/li>\n<li>Evaluaci\u00f3n de las funciones ejecutivas.<\/li>\n<li>Evaluaci\u00f3n de la cognici\u00f3n social.<\/li>\n<li>Evaluaci\u00f3n de la integraci\u00f3n visomotora y la capacidad visoespacial.<\/li>\n<li>Evaluaci\u00f3n de la capacidad ling\u00fc\u00edstica receptiva y expresiva.<\/li>\n<li>Evaluaci\u00f3n de la somnolencia diurna excesiva (SDE).<\/li>\n<li>Evaluaci\u00f3n de la discapacidad de aprendizaje (pruebas espec\u00edficas para la discalculia, la dislexia y la dispraxia).<\/li>\n<li>Obtenga una derivaci\u00f3n a profesionales de la salud mental para problemas psiqui\u00e1tricos o de comportamiento para la evaluaci\u00f3n de trastornos del espectro autista, trastornos por d\u00e9ficit de atenci\u00f3n con o sin hiperactividad y otros problemas de comportamiento.<\/li>\n<\/ul>\n<h3>Tratamiento:<\/h3>\n<ul>\n<li>Hable con su m\u00e9dico sobre las siguientes opciones de tratamiento:\n<ul>\n<li>Psicoestimulantes si los d\u00e9ficits de atenci\u00f3n se asocian con un nivel de fatiga o somnolencia diurna excesiva que le impida realizar sus actividades.<\/li>\n<li>Antidepresivos que mejoran la serotonina si hay ansiedad excesiva u otros s\u00edntomas psiqui\u00e1tricos tratables.<\/li>\n<li>Programas espec\u00edficos de remediaci\u00f3n cognitiva para mejorar las habilidades sociales (contacto visual, atenci\u00f3n conjunta, regulaci\u00f3n emocional) o la eficiencia de las funciones ejecutivas (impulsividad, atenci\u00f3n, memoria de trabajo y flexibilidad mental) utilizando software dedicado (por ejemplo, Cogmed\u00ae).<\/li>\n<li>Remediaci\u00f3n del lenguaje y terapia de lectura en presencia de d\u00e9ficits cognitivos, incluso en ni\u00f1os con inteligencia normal. Estos d\u00e9ficits, incluyendo el d\u00e9ficit de atenci\u00f3n, la fatigabilidad y la discapacidad de construcci\u00f3n visoespacial, pueden resultar en dificultades de lectura y ortograf\u00eda, as\u00ed como en deterioro matem\u00e1tico. <\/li>\n<\/ul>\n<\/li>\n<\/ul>\n","protected":false},"excerpt":{"rendered":"<p>C\u00f3mo la DM puede afectar el pensamiento, el estado de \u00e1nimo, el sue\u00f1o y la funci\u00f3n cognitiva.<\/p>\n","protected":false},"author":7,"featured_media":21684,"parent":21412,"menu_order":1,"comment_status":"closed","ping_status":"closed","template":"","meta":{"footnotes":""},"class_list":["post-21683","page","type-page","status-publish","has-post-thumbnail","hentry"],"_links":{"self":[{"href":"https:\/\/myotonic.org\/es\/wp-json\/wp\/v2\/pages\/21683","targetHints":{"allow":["GET"]}}],"collection":[{"href":"https:\/\/myotonic.org\/es\/wp-json\/wp\/v2\/pages"}],"about":[{"href":"https:\/\/myotonic.org\/es\/wp-json\/wp\/v2\/types\/page"}],"author":[{"embeddable":true,"href":"https:\/\/myotonic.org\/es\/wp-json\/wp\/v2\/users\/7"}],"replies":[{"embeddable":true,"href":"https:\/\/myotonic.org\/es\/wp-json\/wp\/v2\/comments?post=21683"}],"version-history":[{"count":0,"href":"https:\/\/myotonic.org\/es\/wp-json\/wp\/v2\/pages\/21683\/revisions"}],"up":[{"embeddable":true,"href":"https:\/\/myotonic.org\/es\/wp-json\/wp\/v2\/pages\/21412"}],"wp:featuredmedia":[{"embeddable":true,"href":"https:\/\/myotonic.org\/es\/wp-json\/wp\/v2\/media\/21684"}],"wp:attachment":[{"href":"https:\/\/myotonic.org\/es\/wp-json\/wp\/v2\/media?parent=21683"}],"curies":[{"name":"wp","href":"https:\/\/api.w.org\/{rel}","templated":true}]}}