{"id":21152,"date":"2026-02-03T16:43:02","date_gmt":"2026-02-04T00:43:02","guid":{"rendered":"https:\/\/mr66givry2.onrocket.site\/facons-de-donner\/"},"modified":"2026-03-25T11:22:42","modified_gmt":"2026-03-25T18:22:42","slug":"facons-de-donner","status":"publish","type":"page","link":"https:\/\/myotonic.org\/fr\/simpliquer\/facons-de-donner\/","title":{"rendered":"Fa\u00e7ons de donner"},"content":{"rendered":"\t\t<div data-elementor-type=\"wp-page\" data-elementor-id=\"21152\" class=\"elementor elementor-21152 elementor-18052\" data-elementor-post-type=\"page\">\n\t\t\t\t<div class=\"elementor-element elementor-element-79e9f44 e-flex e-con-boxed e-con e-parent\" data-id=\"79e9f44\" data-element_type=\"container\" data-e-type=\"container\" data-settings=\"{&quot;background_background&quot;:&quot;classic&quot;}\">\n\t\t\t\t\t<div class=\"e-con-inner\">\n\t\t<div class=\"elementor-element elementor-element-007326f e-con-full e-flex e-con e-child\" data-id=\"007326f\" data-element_type=\"container\" data-e-type=\"container\">\n\t\t\t\t<div class=\"elementor-element elementor-element-ae51a2f elementor-align-left elementor-widget elementor-widget-breadcrumbs\" data-id=\"ae51a2f\" data-element_type=\"widget\" data-e-type=\"widget\" data-widget_type=\"breadcrumbs.default\">\n\t\t\t\t<div class=\"elementor-widget-container\">\n\t\t\t\t\t<nav><\/nav>\t\t\t\t<\/div>\n\t\t\t\t<\/div>\n\t\t\t\t<div class=\"elementor-element elementor-element-fb1c6d1 elementor-widget__width-initial elementor-widget elementor-widget-heading\" data-id=\"fb1c6d1\" data-element_type=\"widget\" data-e-type=\"widget\" data-widget_type=\"heading.default\">\n\t\t\t\t<div class=\"elementor-widget-container\">\n\t\t\t\t\t<h1 class=\"elementor-heading-title elementor-size-default\">Fa\u00e7ons de donner<\/h1>\t\t\t\t<\/div>\n\t\t\t\t<\/div>\n\t\t\t\t<div class=\"elementor-element elementor-element-e9761e5 elementor-widget__width-initial elementor-widget elementor-widget-heading\" data-id=\"e9761e5\" data-element_type=\"widget\" data-e-type=\"widget\" data-widget_type=\"heading.default\">\n\t\t\t\t<div class=\"elementor-widget-container\">\n\t\t\t\t\t<p class=\"elementor-heading-title elementor-size-default\">D\u00e9couvrez les nombreuses fa\u00e7ons de faire une diff\u00e9rence significative. Aidez \u00e0 sauver et \u00e0 am\u00e9liorer la vie des personnes atteintes de dystrophie myotonique. <\/p>\t\t\t\t<\/div>\n\t\t\t\t<\/div>\n\t\t\t\t<div class=\"elementor-element elementor-element-d459f7b elementor-widget elementor-widget-button\" data-id=\"d459f7b\" data-element_type=\"widget\" data-e-type=\"widget\" data-widget_type=\"button.default\">\n\t\t\t\t<div class=\"elementor-widget-container\">\n\t\t\t\t\t\t\t\t\t<div class=\"elementor-button-wrapper\">\n\t\t\t\t\t<a class=\"elementor-button elementor-button-link elementor-size-sm\" href=\"#learn-more\">\n\t\t\t\t\t\t<span class=\"elementor-button-content-wrapper\">\n\t\t\t\t\t\t\t\t\t<span class=\"elementor-button-text\">Faites d\u00e9filer pour en savoir plus<\/span>\n\t\t\t\t\t<\/span>\n\t\t\t\t\t<\/a>\n\t\t\t\t<\/div>\n\t\t\t\t\t\t\t\t<\/div>\n\t\t\t\t<\/div>\n\t\t\t\t<\/div>\n\t\t<div class=\"elementor-element elementor-element-c2c2eb1 e-con-full e-flex e-con e-child\" data-id=\"c2c2eb1\" data-element_type=\"container\" data-e-type=\"container\">\n\t\t\t\t<div class=\"elementor-element elementor-element-2fba568 elementor-widget-tablet__width-initial elementor-widget elementor-widget-image\" data-id=\"2fba568\" data-element_type=\"widget\" data-e-type=\"widget\" data-widget_type=\"image.default\">\n\t\t\t\t<div class=\"elementor-widget-container\">\n\t\t\t\t\t\t\t\t\t\t\t\t\t\t\t<img fetchpriority=\"high\" decoding=\"async\" width=\"800\" height=\"534\" src=\"https:\/\/myotonic.org\/wp-content\/uploads\/ways-to-give-img.jpg\" class=\"attachment-large size-large wp-image-20963\" alt=\"\" srcset=\"https:\/\/myotonic.org\/wp-content\/uploads\/ways-to-give-img.jpg 1000w, https:\/\/myotonic.org\/wp-content\/uploads\/ways-to-give-img-300x200.jpg 300w, https:\/\/myotonic.org\/wp-content\/uploads\/ways-to-give-img-768x512.jpg 768w\" sizes=\"(max-width: 800px) 100vw, 800px\" \/>\t\t\t\t\t\t\t\t\t\t\t\t\t\t\t<\/div>\n\t\t\t\t<\/div>\n\t\t\t\t<\/div>\n\t\t\t\t\t<\/div>\n\t\t\t\t<\/div>\n\t\t<div class=\"elementor-element elementor-element-5c7e6e0 e-flex e-con-boxed e-con e-parent\" data-id=\"5c7e6e0\" data-element_type=\"container\" data-e-type=\"container\" id=\"learn-more\">\n\t\t\t\t\t<div class=\"e-con-inner\">\n\t\t<div class=\"elementor-element elementor-element-86825a5 e-con-full e-flex e-con e-child\" data-id=\"86825a5\" data-element_type=\"container\" data-e-type=\"container\">\n\t\t\t\t<div class=\"elementor-element elementor-element-c7b812c elementor-widget-tablet__width-initial elementor-widget elementor-widget-image\" data-id=\"c7b812c\" data-element_type=\"widget\" data-e-type=\"widget\" data-widget_type=\"image.default\">\n\t\t\t\t<div class=\"elementor-widget-container\">\n\t\t\t\t\t\t\t\t\t\t\t\t\t\t\t<img decoding=\"async\" width=\"800\" height=\"534\" src=\"https:\/\/myotonic.org\/wp-content\/uploads\/donate-featured-1-1024x683.jpg\" class=\"attachment-large size-large wp-image-21154\" alt=\"\" srcset=\"https:\/\/myotonic.org\/wp-content\/uploads\/donate-featured-1-1024x683.jpg 1024w, https:\/\/myotonic.org\/wp-content\/uploads\/donate-featured-1-300x200.jpg 300w, https:\/\/myotonic.org\/wp-content\/uploads\/donate-featured-1-768x512.jpg 768w, https:\/\/myotonic.org\/wp-content\/uploads\/donate-featured-1.jpg 1300w\" sizes=\"(max-width: 800px) 100vw, 800px\" \/>\t\t\t\t\t\t\t\t\t\t\t\t\t\t\t<\/div>\n\t\t\t\t<\/div>\n\t\t\t\t<\/div>\n\t\t<div class=\"elementor-element elementor-element-792a87a e-con-full e-flex e-con e-child\" data-id=\"792a87a\" data-element_type=\"container\" data-e-type=\"container\">\n\t\t\t\t<div class=\"elementor-element elementor-element-9da3e5c elementor-widget-laptop__width-initial elementor-widget__width-initial elementor-widget elementor-widget-heading\" data-id=\"9da3e5c\" data-element_type=\"widget\" data-e-type=\"widget\" data-widget_type=\"heading.default\">\n\t\t\t\t<div class=\"elementor-widget-container\">\n\t\t\t\t\t<h2 class=\"elementor-heading-title elementor-size-default\">Faire un don \u00e0 la fondation<\/h2>\t\t\t\t<\/div>\n\t\t\t\t<\/div>\n\t\t\t\t<div class=\"elementor-element elementor-element-73c2eb9 elementor-widget-tablet__width-initial elementor-widget__width-initial elementor-widget elementor-widget-text-editor\" data-id=\"73c2eb9\" data-element_type=\"widget\" data-e-type=\"widget\" data-widget_type=\"text-editor.default\">\n\t\t\t\t<div class=\"elementor-widget-container\">\n\t\t\t\t\t\t\t\t\t<p>Votre don \u00e0 la Myotonic Dystrophy Foundation fait progresser notre mission : Communaut\u00e9, Soins et Gu\u00e9rison.<\/p>\t\t\t\t\t\t\t\t<\/div>\n\t\t\t\t<\/div>\n\t\t\t\t<div class=\"elementor-element elementor-element-1327c65 elementor-mobile-align-center elementor-icon-list--layout-traditional elementor-list-item-link-full_width elementor-widget elementor-widget-icon-list\" data-id=\"1327c65\" data-element_type=\"widget\" data-e-type=\"widget\" data-widget_type=\"icon-list.default\">\n\t\t\t\t<div class=\"elementor-widget-container\">\n\t\t\t\t\t\t\t<ul class=\"elementor-icon-list-items\">\n\t\t\t\t\t\t\t<li class=\"elementor-icon-list-item\">\n\t\t\t\t\t\t\t\t\t\t<span class=\"elementor-icon-list-text\">Faire un don en ligne ou par courrier<\/span>\n\t\t\t\t\t\t\t\t\t<\/li>\n\t\t\t\t\t\t\t\t<li class=\"elementor-icon-list-item\">\n\t\t\t\t\t\t\t\t\t\t<span class=\"elementor-icon-list-text\">Faire un don en m\u00e9moire ou en l\u2019honneur d\u2019une personne ch\u00e8re<\/span>\n\t\t\t\t\t\t\t\t\t<\/li>\n\t\t\t\t\t\t\t\t<li class=\"elementor-icon-list-item\">\n\t\t\t\t\t\t\t\t\t\t<span class=\"elementor-icon-list-text\">Faire don de votre corps \u00e0 la science pour faire avancer la recherche et les futurs traitements<\/span>\n\t\t\t\t\t\t\t\t\t<\/li>\n\t\t\t\t\t\t<\/ul>\n\t\t\t\t\t\t<\/div>\n\t\t\t\t<\/div>\n\t\t\t\t<div class=\"elementor-element elementor-element-f58b398 elementor-widget elementor-widget-button\" data-id=\"f58b398\" data-element_type=\"widget\" data-e-type=\"widget\" data-widget_type=\"button.default\">\n\t\t\t\t<div class=\"elementor-widget-container\">\n\t\t\t\t\t\t\t\t\t<div class=\"elementor-button-wrapper\">\n\t\t\t\t\t<a class=\"elementor-button elementor-button-link elementor-size-sm\" href=\"https:\/\/myotonic.org\/fr\/faire-un-don\/\">\n\t\t\t\t\t\t<span class=\"elementor-button-content-wrapper\">\n\t\t\t\t\t\t\t\t\t<span class=\"elementor-button-text\">En savoir plus<\/span>\n\t\t\t\t\t<\/span>\n\t\t\t\t\t<\/a>\n\t\t\t\t<\/div>\n\t\t\t\t\t\t\t\t<\/div>\n\t\t\t\t<\/div>\n\t\t\t\t<\/div>\n\t\t\t\t\t<\/div>\n\t\t\t\t<\/div>\n\t\t<div class=\"elementor-element elementor-element-79c9886 e-flex e-con-boxed e-con e-parent\" data-id=\"79c9886\" data-element_type=\"container\" data-e-type=\"container\">\n\t\t\t\t\t<div class=\"e-con-inner\">\n\t\t<div class=\"elementor-element elementor-element-1e85f0b e-con-full e-flex e-con e-child\" data-id=\"1e85f0b\" data-element_type=\"container\" data-e-type=\"container\">\n\t\t\t\t<div class=\"elementor-element elementor-element-c79d26b elementor-widget-laptop__width-initial elementor-widget__width-initial elementor-widget elementor-widget-heading\" data-id=\"c79d26b\" data-element_type=\"widget\" data-e-type=\"widget\" data-widget_type=\"heading.default\">\n\t\t\t\t<div class=\"elementor-widget-container\">\n\t\t\t\t\t<h2 class=\"elementor-heading-title elementor-size-default\">Lancer une collecte de fonds<\/h2>\t\t\t\t<\/div>\n\t\t\t\t<\/div>\n\t\t\t\t<div class=\"elementor-element elementor-element-0f1d5f1 elementor-widget-tablet__width-initial elementor-widget__width-initial elementor-widget elementor-widget-text-editor\" data-id=\"0f1d5f1\" data-element_type=\"widget\" data-e-type=\"widget\" data-widget_type=\"text-editor.default\">\n\t\t\t\t<div class=\"elementor-widget-container\">\n\t\t\t\t\t\t\t\t\t<p>Lancez une campagne personnelle ou communautaire et sensibilisez le public \u00e0 la dystrophie myotonique. <\/p>\t\t\t\t\t\t\t\t<\/div>\n\t\t\t\t<\/div>\n\t\t\t\t<div class=\"elementor-element elementor-element-1b02a1a elementor-mobile-align-center elementor-icon-list--layout-traditional elementor-list-item-link-full_width elementor-widget elementor-widget-icon-list\" data-id=\"1b02a1a\" data-element_type=\"widget\" data-e-type=\"widget\" data-widget_type=\"icon-list.default\">\n\t\t\t\t<div class=\"elementor-widget-container\">\n\t\t\t\t\t\t\t<ul class=\"elementor-icon-list-items\">\n\t\t\t\t\t\t\t<li class=\"elementor-icon-list-item\">\n\t\t\t\t\t\t\t\t\t\t<span class=\"elementor-icon-list-text\">Collectes de fonds pour un anniversaire ou un \u00e9v\u00e9nement marquant afin de c\u00e9l\u00e9brer une occasion sp\u00e9ciale<\/span>\n\t\t\t\t\t\t\t\t\t<\/li>\n\t\t\t\t\t\t\t\t<li class=\"elementor-icon-list-item\">\n\t\t\t\t\t\t\t\t\t\t<span class=\"elementor-icon-list-text\">Rassemblements communautaires et comm\u00e9morations qui r\u00e9unissent les gens<\/span>\n\t\t\t\t\t\t\t\t\t<\/li>\n\t\t\t\t\t\t\t\t<li class=\"elementor-icon-list-item\">\n\t\t\t\t\t\t\t\t\t\t<span class=\"elementor-icon-list-text\">Lancez une campagne DIY en cr\u00e9ant une collecte de fonds personnalis\u00e9e qui refl\u00e8te vos passions<\/span>\n\t\t\t\t\t\t\t\t\t<\/li>\n\t\t\t\t\t\t<\/ul>\n\t\t\t\t\t\t<\/div>\n\t\t\t\t<\/div>\n\t\t\t\t<div class=\"elementor-element elementor-element-de30a37 elementor-widget elementor-widget-button\" data-id=\"de30a37\" data-element_type=\"widget\" data-e-type=\"widget\" data-widget_type=\"button.default\">\n\t\t\t\t<div class=\"elementor-widget-container\">\n\t\t\t\t\t\t\t\t\t<div class=\"elementor-button-wrapper\">\n\t\t\t\t\t<a class=\"elementor-button elementor-button-link elementor-size-sm\" href=\"https:\/\/myotonic.org\/fr\/simpliquer\/collecte-de-fonds\/\">\n\t\t\t\t\t\t<span class=\"elementor-button-content-wrapper\">\n\t\t\t\t\t\t\t\t\t<span class=\"elementor-button-text\">Collecte de fonds<\/span>\n\t\t\t\t\t<\/span>\n\t\t\t\t\t<\/a>\n\t\t\t\t<\/div>\n\t\t\t\t\t\t\t\t<\/div>\n\t\t\t\t<\/div>\n\t\t\t\t<\/div>\n\t\t<div class=\"elementor-element elementor-element-3addef3 e-con-full e-flex e-con e-child\" data-id=\"3addef3\" data-element_type=\"container\" data-e-type=\"container\">\n\t\t\t\t<div class=\"elementor-element elementor-element-b97cc5f elementor-widget-tablet__width-initial elementor-widget elementor-widget-image\" data-id=\"b97cc5f\" data-element_type=\"widget\" data-e-type=\"widget\" data-widget_type=\"image.default\">\n\t\t\t\t<div class=\"elementor-widget-container\">\n\t\t\t\t\t\t\t\t\t\t\t\t\t\t\t<img decoding=\"async\" width=\"800\" height=\"534\" src=\"https:\/\/myotonic.org\/wp-content\/uploads\/ways-to-give-fundraiser.jpg\" class=\"attachment-large size-large wp-image-21153\" alt=\"\" srcset=\"https:\/\/myotonic.org\/wp-content\/uploads\/ways-to-give-fundraiser.jpg 800w, https:\/\/myotonic.org\/wp-content\/uploads\/ways-to-give-fundraiser-300x200.jpg 300w, https:\/\/myotonic.org\/wp-content\/uploads\/ways-to-give-fundraiser-768x513.jpg 768w\" sizes=\"(max-width: 800px) 100vw, 800px\" \/>\t\t\t\t\t\t\t\t\t\t\t\t\t\t\t<\/div>\n\t\t\t\t<\/div>\n\t\t\t\t<\/div>\n\t\t\t\t\t<\/div>\n\t\t\t\t<\/div>\n\t\t<div class=\"elementor-element elementor-element-a6cef86 e-flex e-con-boxed e-con e-parent\" data-id=\"a6cef86\" data-element_type=\"container\" data-e-type=\"container\">\n\t\t\t\t\t<div class=\"e-con-inner\">\n\t\t<div class=\"elementor-element elementor-element-5fd4e02 e-con-full e-flex e-con e-child\" data-id=\"5fd4e02\" data-element_type=\"container\" data-e-type=\"container\">\n\t\t<div class=\"elementor-element elementor-element-46d0ecd e-con-full e-flex e-con e-child\" data-id=\"46d0ecd\" data-element_type=\"container\" data-e-type=\"container\">\n\t\t\t\t<div class=\"elementor-element elementor-element-874216c elementor-widget__width-initial elementor-widget elementor-widget-heading\" data-id=\"874216c\" data-element_type=\"widget\" data-e-type=\"widget\" data-widget_type=\"heading.default\">\n\t\t\t\t<div class=\"elementor-widget-container\">\n\t\t\t\t\t<h2 class=\"elementor-heading-title elementor-size-default\">Dons et partenariats d\u2019entreprise<\/h2>\t\t\t\t<\/div>\n\t\t\t\t<\/div>\n\t\t\t\t<\/div>\n\t\t\t\t<div class=\"elementor-element elementor-element-062b209 elementor-widget-tablet__width-initial elementor-widget__width-initial elementor-widget elementor-widget-text-editor\" data-id=\"062b209\" data-element_type=\"widget\" data-e-type=\"widget\" data-widget_type=\"text-editor.default\">\n\t\t\t\t<div class=\"elementor-widget-container\">\n\t\t\t\t\t\t\t\t\t<p>Contactez la MDF par t\u00e9l\u00e9phone au 415-800-7777 ou par e-mail \u00e0 <a href=\"mailto:development@myotonic.org\"><strong>development@myotonic.org<\/strong><\/a> pour en savoir plus sur les dons et les partenariats d\u2019entreprise.<\/p>\t\t\t\t\t\t\t\t<\/div>\n\t\t\t\t<\/div>\n\t\t\t\t<\/div>\n\t\t\t\t\t<\/div>\n\t\t\t\t<\/div>\n\t\t<div class=\"elementor-element elementor-element-9c00d26 e-flex e-con-boxed e-con e-parent\" data-id=\"9c00d26\" data-element_type=\"container\" data-e-type=\"container\" data-settings=\"{&quot;background_background&quot;:&quot;classic&quot;}\">\n\t\t\t\t\t<div class=\"e-con-inner\">\n\t\t\t\t<div class=\"elementor-element elementor-element-76e05b0 elementor-widget elementor-widget-heading\" data-id=\"76e05b0\" data-element_type=\"widget\" data-e-type=\"widget\" data-widget_type=\"heading.default\">\n\t\t\t\t<div class=\"elementor-widget-container\">\n\t\t\t\t\t<h2 class=\"elementor-heading-title elementor-size-default\">Autres fa\u00e7ons de donner<\/h2>\t\t\t\t<\/div>\n\t\t\t\t<\/div>\n\t\t<div class=\"elementor-element elementor-element-4ee9c4e e-con-full e-flex e-con e-child\" data-id=\"4ee9c4e\" data-element_type=\"container\" data-e-type=\"container\">\n\t\t<a class=\"elementor-element elementor-element-59aeb50 e-con-full e-flex e-con e-child\" data-id=\"59aeb50\" data-element_type=\"container\" data-e-type=\"container\" data-settings=\"{&quot;background_background&quot;:&quot;classic&quot;}\" href=\"https:\/\/myotonic.org\/get-involved\/volunteer\/\">\n\t\t<div class=\"elementor-element elementor-element-dcfb4c6 e-con-full e-flex e-con e-child\" data-id=\"dcfb4c6\" data-element_type=\"container\" data-e-type=\"container\">\n\t\t\t\t<div class=\"elementor-element elementor-element-d564dd6 elementor-widget elementor-widget-heading\" data-id=\"d564dd6\" data-element_type=\"widget\" data-e-type=\"widget\" data-widget_type=\"heading.default\">\n\t\t\t\t<div class=\"elementor-widget-container\">\n\t\t\t\t\t<h3 class=\"elementor-heading-title elementor-size-default\">B\u00e9n\u00e9volat<\/h3>\t\t\t\t<\/div>\n\t\t\t\t<\/div>\n\t\t\t\t<div class=\"elementor-element elementor-element-bc964c0 elementor-widget elementor-widget-heading\" data-id=\"bc964c0\" data-element_type=\"widget\" data-e-type=\"widget\" data-widget_type=\"heading.default\">\n\t\t\t\t<div class=\"elementor-widget-container\">\n\t\t\t\t\t<p class=\"elementor-heading-title elementor-size-default\">Renforcer les programmes, soutenir les familles et faire progresser la mission pour la communaut\u00e9 DM.<\/p>\t\t\t\t<\/div>\n\t\t\t\t<\/div>\n\t\t\t\t<\/div>\n\t\t\t\t<div class=\"elementor-element elementor-element-d022362 elementor-widget-tablet__width-initial elementor-widget-mobile__width-inherit elementor-widget elementor-widget-image\" data-id=\"d022362\" data-element_type=\"widget\" data-e-type=\"widget\" data-widget_type=\"image.default\">\n\t\t\t\t<div class=\"elementor-widget-container\">\n\t\t\t\t\t\t\t\t\t\t\t\t\t\t\t<img loading=\"lazy\" decoding=\"async\" width=\"800\" height=\"534\" src=\"https:\/\/myotonic.org\/wp-content\/uploads\/volunteer-featured-1024x683.jpg\" class=\"attachment-large size-large wp-image-21155\" alt=\"\" srcset=\"https:\/\/myotonic.org\/wp-content\/uploads\/volunteer-featured-1024x683.jpg 1024w, https:\/\/myotonic.org\/wp-content\/uploads\/volunteer-featured-300x200.jpg 300w, https:\/\/myotonic.org\/wp-content\/uploads\/volunteer-featured-768x512.jpg 768w, https:\/\/myotonic.org\/wp-content\/uploads\/volunteer-featured.jpg 1300w\" sizes=\"(max-width: 800px) 100vw, 800px\" \/>\t\t\t\t\t\t\t\t\t\t\t\t\t\t\t<\/div>\n\t\t\t\t<\/div>\n\t\t\t\t<\/a>\n\t\t<a class=\"elementor-element elementor-element-bcdbdf2 e-con-full e-flex e-con e-child\" data-id=\"bcdbdf2\" data-element_type=\"container\" data-e-type=\"container\" data-settings=\"{&quot;background_background&quot;:&quot;classic&quot;}\" href=\"https:\/\/myotonic.org\/events\/\">\n\t\t<div class=\"elementor-element elementor-element-ac8d478 e-con-full e-flex e-con e-child\" data-id=\"ac8d478\" data-element_type=\"container\" data-e-type=\"container\">\n\t\t\t\t<div class=\"elementor-element elementor-element-3e83acd elementor-widget elementor-widget-heading\" data-id=\"3e83acd\" data-element_type=\"widget\" data-e-type=\"widget\" data-widget_type=\"heading.default\">\n\t\t\t\t<div class=\"elementor-widget-container\">\n\t\t\t\t\t<h3 class=\"elementor-heading-title elementor-size-default\">Participer \u00e0 un \u00e9v\u00e9nement<\/h3>\t\t\t\t<\/div>\n\t\t\t\t<\/div>\n\t\t\t\t<div class=\"elementor-element elementor-element-ee29424 elementor-widget elementor-widget-heading\" data-id=\"ee29424\" data-element_type=\"widget\" data-e-type=\"widget\" data-widget_type=\"heading.default\">\n\t\t\t\t<div class=\"elementor-widget-container\">\n\t\t\t\t\t<p class=\"elementor-heading-title elementor-size-default\">Participez \u00e0 des \u00e9v\u00e9nements qui sensibilisent et cr\u00e9ent des liens.<\/p>\t\t\t\t<\/div>\n\t\t\t\t<\/div>\n\t\t\t\t<\/div>\n\t\t\t\t<div class=\"elementor-element elementor-element-e99fe1c elementor-widget-tablet__width-initial elementor-widget-mobile__width-inherit elementor-widget elementor-widget-image\" data-id=\"e99fe1c\" data-element_type=\"widget\" data-e-type=\"widget\" data-widget_type=\"image.default\">\n\t\t\t\t<div class=\"elementor-widget-container\">\n\t\t\t\t\t\t\t\t\t\t\t\t\t\t\t<img loading=\"lazy\" decoding=\"async\" width=\"800\" height=\"534\" src=\"https:\/\/myotonic.org\/wp-content\/uploads\/events-img.jpg\" class=\"attachment-large size-large wp-image-20954\" alt=\"\" srcset=\"https:\/\/myotonic.org\/wp-content\/uploads\/events-img.jpg 1000w, https:\/\/myotonic.org\/wp-content\/uploads\/events-img-300x200.jpg 300w, https:\/\/myotonic.org\/wp-content\/uploads\/events-img-768x512.jpg 768w\" sizes=\"(max-width: 800px) 100vw, 800px\" \/>\t\t\t\t\t\t\t\t\t\t\t\t\t\t\t<\/div>\n\t\t\t\t<\/div>\n\t\t\t\t<\/a>\n\t\t<a class=\"elementor-element elementor-element-f9bf040 e-con-full e-flex e-con e-child\" data-id=\"f9bf040\" data-element_type=\"container\" data-e-type=\"container\" data-settings=\"{&quot;background_background&quot;:&quot;classic&quot;}\" href=\"https:\/\/myotonic.org\/get-involved\/advocate\/\">\n\t\t<div class=\"elementor-element elementor-element-9c76550 e-con-full e-flex e-con e-child\" data-id=\"9c76550\" data-element_type=\"container\" data-e-type=\"container\">\n\t\t\t\t<div class=\"elementor-element elementor-element-af3b2c1 elementor-widget elementor-widget-heading\" data-id=\"af3b2c1\" data-element_type=\"widget\" data-e-type=\"widget\" data-widget_type=\"heading.default\">\n\t\t\t\t<div class=\"elementor-widget-container\">\n\t\t\t\t\t<h3 class=\"elementor-heading-title elementor-size-default\">D\u00e9fendre la cause<\/h3>\t\t\t\t<\/div>\n\t\t\t\t<\/div>\n\t\t\t\t<div class=\"elementor-element elementor-element-40443a2 elementor-widget elementor-widget-heading\" data-id=\"40443a2\" data-element_type=\"widget\" data-e-type=\"widget\" data-widget_type=\"heading.default\">\n\t\t\t\t<div class=\"elementor-widget-container\">\n\t\t\t\t\t<p class=\"elementor-heading-title elementor-size-default\">Promouvoir des politiques et des financements qui acc\u00e9l\u00e8rent les progr\u00e8s pour la dystrophie myotonique.<\/p>\t\t\t\t<\/div>\n\t\t\t\t<\/div>\n\t\t\t\t<\/div>\n\t\t\t\t<div class=\"elementor-element elementor-element-cb83de8 elementor-widget-tablet__width-initial elementor-widget-mobile__width-inherit elementor-widget elementor-widget-image\" data-id=\"cb83de8\" data-element_type=\"widget\" data-e-type=\"widget\" data-widget_type=\"image.default\">\n\t\t\t\t<div class=\"elementor-widget-container\">\n\t\t\t\t\t\t\t\t\t\t\t\t\t\t\t<img loading=\"lazy\" decoding=\"async\" width=\"800\" height=\"534\" src=\"https:\/\/myotonic.org\/wp-content\/uploads\/advocate-img-1024x683.jpg\" class=\"attachment-large size-large wp-image-20991\" alt=\"\" srcset=\"https:\/\/myotonic.org\/wp-content\/uploads\/advocate-img-1024x683.jpg 1024w, https:\/\/myotonic.org\/wp-content\/uploads\/advocate-img-300x200.jpg 300w, https:\/\/myotonic.org\/wp-content\/uploads\/advocate-img-768x512.jpg 768w, https:\/\/myotonic.org\/wp-content\/uploads\/advocate-img.jpg 1300w\" sizes=\"(max-width: 800px) 100vw, 800px\" \/>\t\t\t\t\t\t\t\t\t\t\t\t\t\t\t<\/div>\n\t\t\t\t<\/div>\n\t\t\t\t<\/a>\n\t\t\t\t<\/div>\n\t\t\t\t\t<\/div>\n\t\t\t\t<\/div>\n\t\t\t\t<\/div>\n\t\t","protected":false},"excerpt":{"rendered":"<p>Fa\u00e7ons de donner D\u00e9couvrez les nombreuses fa\u00e7ons de faire une diff\u00e9rence significative. Aidez \u00e0 sauver et \u00e0 am\u00e9liorer la vie des personnes atteintes de dystrophie myotonique. Faites d\u00e9filer pour en savoir plus Faire un don \u00e0 la fondation Votre don \u00e0 la Myotonic Dystrophy Foundation fait progresser notre mission : Communaut\u00e9, Soins et Gu\u00e9rison. Faire [&hellip;]<\/p>\n","protected":false},"author":7,"featured_media":0,"parent":21832,"menu_order":0,"comment_status":"closed","ping_status":"closed","template":"","meta":{"footnotes":""},"class_list":["post-21152","page","type-page","status-publish","hentry"],"_links":{"self":[{"href":"https:\/\/myotonic.org\/fr\/wp-json\/wp\/v2\/pages\/21152","targetHints":{"allow":["GET"]}}],"collection":[{"href":"https:\/\/myotonic.org\/fr\/wp-json\/wp\/v2\/pages"}],"about":[{"href":"https:\/\/myotonic.org\/fr\/wp-json\/wp\/v2\/types\/page"}],"author":[{"embeddable":true,"href":"https:\/\/myotonic.org\/fr\/wp-json\/wp\/v2\/users\/7"}],"replies":[{"embeddable":true,"href":"https:\/\/myotonic.org\/fr\/wp-json\/wp\/v2\/comments?post=21152"}],"version-history":[{"count":0,"href":"https:\/\/myotonic.org\/fr\/wp-json\/wp\/v2\/pages\/21152\/revisions"}],"up":[{"embeddable":true,"href":"https:\/\/myotonic.org\/fr\/wp-json\/wp\/v2\/pages\/21832"}],"wp:attachment":[{"href":"https:\/\/myotonic.org\/fr\/wp-json\/wp\/v2\/media?parent=21152"}],"curies":[{"name":"wp","href":"https:\/\/api.w.org\/{rel}","templated":true}]}}