{"id":21213,"date":"2025-12-11T14:31:58","date_gmt":"2025-12-11T22:31:58","guid":{"rendered":"https:\/\/mr66givry2.onrocket.site\/notre-histoire\/"},"modified":"2026-03-24T20:40:44","modified_gmt":"2026-03-25T03:40:44","slug":"notre-histoire","status":"publish","type":"page","link":"https:\/\/myotonic.org\/fr\/notre-histoire\/","title":{"rendered":"Notre histoire"},"content":{"rendered":"\t\t<div data-elementor-type=\"wp-page\" data-elementor-id=\"21213\" class=\"elementor elementor-21213 elementor-9318\" data-elementor-post-type=\"page\">\n\t\t\t\t<div class=\"elementor-element elementor-element-1ddcc50 e-flex e-con-boxed e-con e-parent\" data-id=\"1ddcc50\" data-element_type=\"container\" data-e-type=\"container\" data-settings=\"{&quot;background_background&quot;:&quot;classic&quot;}\">\n\t\t\t\t\t<div class=\"e-con-inner\">\n\t\t<div class=\"elementor-element elementor-element-abbe7da e-con-full e-flex e-con e-child\" data-id=\"abbe7da\" data-element_type=\"container\" data-e-type=\"container\">\n\t\t\t\t<div class=\"elementor-element elementor-element-66560da elementor-align-left elementor-widget elementor-widget-breadcrumbs\" data-id=\"66560da\" data-element_type=\"widget\" data-e-type=\"widget\" data-widget_type=\"breadcrumbs.default\">\n\t\t\t\t<div class=\"elementor-widget-container\">\n\t\t\t\t\t<nav><\/nav>\t\t\t\t<\/div>\n\t\t\t\t<\/div>\n\t\t\t\t<div class=\"elementor-element elementor-element-14bca7b elementor-widget__width-initial elementor-widget elementor-widget-heading\" data-id=\"14bca7b\" data-element_type=\"widget\" data-e-type=\"widget\" data-widget_type=\"heading.default\">\n\t\t\t\t<div class=\"elementor-widget-container\">\n\t\t\t\t\t<h1 class=\"elementor-heading-title elementor-size-default\">Histoire de la fondation<\/h1>\t\t\t\t<\/div>\n\t\t\t\t<\/div>\n\t\t\t\t<div class=\"elementor-element elementor-element-4df8c07 elementor-widget-laptop__width-initial elementor-widget__width-initial elementor-widget elementor-widget-heading\" data-id=\"4df8c07\" data-element_type=\"widget\" data-e-type=\"widget\" data-widget_type=\"heading.default\">\n\t\t\t\t<div class=\"elementor-widget-container\">\n\t\t\t\t\t<p class=\"elementor-heading-title elementor-size-default\">Renforcer la communaut\u00e9 DM par le soutien, les soins, la d\u00e9fense des droits et la recherche qui nous rapprochent des traitements et d'un rem\u00e8de.<\/p>\t\t\t\t<\/div>\n\t\t\t\t<\/div>\n\t\t<div class=\"elementor-element elementor-element-7ffa2e4 e-con-full e-flex e-con e-child\" data-id=\"7ffa2e4\" data-element_type=\"container\" data-e-type=\"container\">\n\t\t\t\t<div class=\"elementor-element elementor-element-ed818fb elementor-widget elementor-widget-button\" data-id=\"ed818fb\" data-element_type=\"widget\" data-e-type=\"widget\" data-widget_type=\"button.default\">\n\t\t\t\t<div class=\"elementor-widget-container\">\n\t\t\t\t\t\t\t\t\t<div class=\"elementor-button-wrapper\">\n\t\t\t\t\t<a class=\"elementor-button elementor-button-link elementor-size-sm\" href=\"#learn-more\">\n\t\t\t\t\t\t<span class=\"elementor-button-content-wrapper\">\n\t\t\t\t\t\t\t\t\t<span class=\"elementor-button-text\">Faites d\u00e9filer pour en savoir plus<\/span>\n\t\t\t\t\t<\/span>\n\t\t\t\t\t<\/a>\n\t\t\t\t<\/div>\n\t\t\t\t\t\t\t\t<\/div>\n\t\t\t\t<\/div>\n\t\t\t\t<\/div>\n\t\t\t\t<\/div>\n\t\t<div class=\"elementor-element elementor-element-5f00799 e-con-full e-flex e-con e-child\" data-id=\"5f00799\" data-element_type=\"container\" data-e-type=\"container\">\n\t\t\t\t<div class=\"elementor-element elementor-element-30f2150 elementor-widget-tablet__width-initial elementor-widget elementor-widget-image\" data-id=\"30f2150\" data-element_type=\"widget\" data-e-type=\"widget\" data-widget_type=\"image.default\">\n\t\t\t\t<div class=\"elementor-widget-container\">\n\t\t\t\t\t\t\t\t\t\t\t\t\t\t\t<img fetchpriority=\"high\" decoding=\"async\" width=\"800\" height=\"534\" src=\"https:\/\/myotonic.org\/wp-content\/uploads\/history-featured-1024x683.jpg\" class=\"attachment-large size-large wp-image-21197\" alt=\"\" srcset=\"https:\/\/myotonic.org\/wp-content\/uploads\/history-featured-1024x683.jpg 1024w, https:\/\/myotonic.org\/wp-content\/uploads\/history-featured-300x200.jpg 300w, https:\/\/myotonic.org\/wp-content\/uploads\/history-featured-768x512.jpg 768w, https:\/\/myotonic.org\/wp-content\/uploads\/history-featured.jpg 1300w\" sizes=\"(max-width: 800px) 100vw, 800px\" \/>\t\t\t\t\t\t\t\t\t\t\t\t\t\t\t<\/div>\n\t\t\t\t<\/div>\n\t\t\t\t<\/div>\n\t\t\t\t\t<\/div>\n\t\t\t\t<\/div>\n\t\t<div class=\"elementor-element elementor-element-5e908c1 e-flex e-con-boxed e-con e-parent\" data-id=\"5e908c1\" data-element_type=\"container\" data-e-type=\"container\" id=\"learn-more\">\n\t\t\t\t\t<div class=\"e-con-inner\">\n\t\t<div class=\"elementor-element elementor-element-071f147 e-con-full e-flex e-con e-child\" data-id=\"071f147\" data-element_type=\"container\" data-e-type=\"container\">\n\t\t\t\t<div class=\"elementor-element elementor-element-503bca1 elementor-widget-tablet__width-initial elementor-widget elementor-widget-image\" data-id=\"503bca1\" data-element_type=\"widget\" data-e-type=\"widget\" data-widget_type=\"image.default\">\n\t\t\t\t<div class=\"elementor-widget-container\">\n\t\t\t\t\t\t\t\t\t\t\t\t\t\t\t<img decoding=\"async\" width=\"800\" height=\"534\" src=\"https:\/\/myotonic.org\/wp-content\/uploads\/community-and-cure-img-1024x683.jpg\" class=\"attachment-large size-large wp-image-21198\" alt=\"\" srcset=\"https:\/\/myotonic.org\/wp-content\/uploads\/community-and-cure-img-1024x683.jpg 1024w, https:\/\/myotonic.org\/wp-content\/uploads\/community-and-cure-img-300x200.jpg 300w, https:\/\/myotonic.org\/wp-content\/uploads\/community-and-cure-img-768x512.jpg 768w, https:\/\/myotonic.org\/wp-content\/uploads\/community-and-cure-img.jpg 1300w\" sizes=\"(max-width: 800px) 100vw, 800px\" \/>\t\t\t\t\t\t\t\t\t\t\t\t\t\t\t<\/div>\n\t\t\t\t<\/div>\n\t\t\t\t<\/div>\n\t\t<div class=\"elementor-element elementor-element-0fd324b e-con-full e-flex e-con e-child\" data-id=\"0fd324b\" data-element_type=\"container\" data-e-type=\"container\">\n\t\t\t\t<div class=\"elementor-element elementor-element-eca5df6 elementor-widget-laptop__width-initial elementor-widget-tablet__width-inherit elementor-widget elementor-widget-heading\" data-id=\"eca5df6\" data-element_type=\"widget\" data-e-type=\"widget\" data-widget_type=\"heading.default\">\n\t\t\t\t<div class=\"elementor-widget-container\">\n\t\t\t\t\t<h2 class=\"elementor-heading-title elementor-size-default\">Communaut\u00e9, prise en charge et gu\u00e9rison<\/h2>\t\t\t\t<\/div>\n\t\t\t\t<\/div>\n\t\t\t\t<div class=\"elementor-element elementor-element-a729be6 elementor-widget-tablet__width-initial elementor-widget elementor-widget-text-editor\" data-id=\"a729be6\" data-element_type=\"widget\" data-e-type=\"widget\" data-widget_type=\"text-editor.default\">\n\t\t\t\t<div class=\"elementor-widget-container\">\n\t\t\t\t\t\t\t\t\t<p>La Myotonic Dystrophy Foundation (MDF) a \u00e9t\u00e9 fond\u00e9e en Californie en 2007 en tant qu&rsquo;organisation \u00e0 but non lucratif 501(c)(3). D\u00e8s le d\u00e9but, notre mission de \u00ab prise en charge et gu\u00e9rison \u00bb s&rsquo;est concentr\u00e9e sur la mise en relation des personnes atteintes de dystrophie myotonique (DM), de leurs familles et de leurs aidants avec des informations fiables, du soutien et entre eux. Notre logo original, repr\u00e9sentant deux mains serr\u00e9es, refl\u00e9tait la communaut\u00e9, la confiance et le respect qui continuent de guider notre travail.  <\/p><p data-start=\"601\" data-end=\"951\">Aujourd&rsquo;hui, la MDF est la plus grande organisation mondiale de d\u00e9fense des patients atteints de dystrophie myotonique, au service de milliers de personnes et de familles dans plus de 139 pays. Avec notre communaut\u00e9 et nos sympathisants, nous avons collect\u00e9 et investi plus de 39 millions de dollars pour am\u00e9liorer les soins, faire progresser la recherche et soutenir le d\u00e9veloppement de nouveaux traitements pour la DM. <\/p>\t\t\t\t\t\t\t\t<\/div>\n\t\t\t\t<\/div>\n\t\t\t\t<div class=\"elementor-element elementor-element-dc8ddab elementor-widget elementor-widget-button\" data-id=\"dc8ddab\" data-element_type=\"widget\" data-e-type=\"widget\" data-widget_type=\"button.default\">\n\t\t\t\t<div class=\"elementor-widget-container\">\n\t\t\t\t\t\t\t\t\t<div class=\"elementor-button-wrapper\">\n\t\t\t\t\t<a class=\"elementor-button elementor-button-link elementor-size-sm\" href=\"https:\/\/myotonic.org\/fr\/notre-impact\/\">\n\t\t\t\t\t\t<span class=\"elementor-button-content-wrapper\">\n\t\t\t\t\t\t\t\t\t<span class=\"elementor-button-text\">En savoir plus sur notre impact<\/span>\n\t\t\t\t\t<\/span>\n\t\t\t\t\t<\/a>\n\t\t\t\t<\/div>\n\t\t\t\t\t\t\t\t<\/div>\n\t\t\t\t<\/div>\n\t\t\t\t<\/div>\n\t\t\t\t\t<\/div>\n\t\t\t\t<\/div>\n\t\t<div class=\"elementor-element elementor-element-57e89a0 e-flex e-con-boxed e-con e-parent\" data-id=\"57e89a0\" data-element_type=\"container\" data-e-type=\"container\">\n\t\t\t\t\t<div class=\"e-con-inner\">\n\t\t<div class=\"elementor-element elementor-element-c3a0d66 e-con-full e-flex e-con e-child\" data-id=\"c3a0d66\" data-element_type=\"container\" data-e-type=\"container\">\n\t\t\t\t<div class=\"elementor-element elementor-element-60b777e elementor-widget-laptop__width-initial elementor-widget elementor-widget-heading\" data-id=\"60b777e\" data-element_type=\"widget\" data-e-type=\"widget\" data-widget_type=\"heading.default\">\n\t\t\t\t<div class=\"elementor-widget-container\">\n\t\t\t\t\t<h2 class=\"elementor-heading-title elementor-size-default\">Histoire de notre nom et de notre marque<\/h2>\t\t\t\t<\/div>\n\t\t\t\t<\/div>\n\t\t\t\t<div class=\"elementor-element elementor-element-bae9e23 elementor-widget-tablet__width-initial elementor-widget elementor-widget-text-editor\" data-id=\"bae9e23\" data-element_type=\"widget\" data-e-type=\"widget\" data-widget_type=\"text-editor.default\">\n\t\t\t\t<div class=\"elementor-widget-container\">\n\t\t\t\t\t\t\t\t\t<p>En septembre 2019, nous avons lanc\u00e9 une initiative visant \u00e0 mieux diff\u00e9rencier la Myotonic Dystrophy Foundation (MDF) en raccourcissant le nom de l&rsquo;organisation \u00e0 Myotonic. Notre objectif \u00e9tait de faire \u00e9voluer la marque de l&rsquo;organisation pour souligner notre approche chaleureuse et accueillante, ainsi que pour aider \u00e0 distinguer la dystrophie myotonique des autres maladies rares. <\/p><p>Apr\u00e8s des enqu\u00eates aupr\u00e8s de la communaut\u00e9 et de nombreux entretiens avec les parties prenantes de tous les domaines de l&rsquo;\u00e9cosyst\u00e8me de la Fondation, il est devenu \u00e9vident que l&rsquo;adoption du nom Myotonic n&rsquo;avait pas l&rsquo;impact initialement pr\u00e9vu. Il existe une pr\u00e9f\u00e9rence pour le nom d&rsquo;organisation original \u00ab Myotonic Dystrophy Foundation \u00bb plut\u00f4t que \u00ab Myotonic \u00bb. Ce processus a soulign\u00e9 la force et l&rsquo;importance du nom complet de l&rsquo;organisation, c&rsquo;est pourquoi en 2020, nous avons mis \u00e0 jour notre logo et sommes fi\u00e8rement revenus \u00e0 notre nom original : la <b>Myotonic Dystrophy Foundation.<\/b>  <\/p>\t\t\t\t\t\t\t\t<\/div>\n\t\t\t\t<\/div>\n\t\t\t\t<\/div>\n\t\t<div class=\"elementor-element elementor-element-7846c95 e-con-full e-flex e-con e-child\" data-id=\"7846c95\" data-element_type=\"container\" data-e-type=\"container\">\n\t\t\t\t<div class=\"elementor-element elementor-element-784e500 elementor-widget-tablet__width-initial elementor-widget elementor-widget-image\" data-id=\"784e500\" data-element_type=\"widget\" data-e-type=\"widget\" data-widget_type=\"image.default\">\n\t\t\t\t<div class=\"elementor-widget-container\">\n\t\t\t\t\t\t\t\t\t\t\t\t\t\t\t<img decoding=\"async\" width=\"800\" height=\"534\" src=\"https:\/\/myotonic.org\/wp-content\/uploads\/history-of-name-and-brand-mdf-1024x683.jpg\" class=\"attachment-large size-large wp-image-21199\" alt=\"\" srcset=\"https:\/\/myotonic.org\/wp-content\/uploads\/history-of-name-and-brand-mdf-1024x683.jpg 1024w, https:\/\/myotonic.org\/wp-content\/uploads\/history-of-name-and-brand-mdf-300x200.jpg 300w, https:\/\/myotonic.org\/wp-content\/uploads\/history-of-name-and-brand-mdf-768x512.jpg 768w, https:\/\/myotonic.org\/wp-content\/uploads\/history-of-name-and-brand-mdf.jpg 1300w\" sizes=\"(max-width: 800px) 100vw, 800px\" \/>\t\t\t\t\t\t\t\t\t\t\t\t\t\t\t<\/div>\n\t\t\t\t<\/div>\n\t\t\t\t<\/div>\n\t\t\t\t\t<\/div>\n\t\t\t\t<\/div>\n\t\t<div class=\"elementor-element elementor-element-f9846a7 e-flex e-con-boxed e-con e-parent\" data-id=\"f9846a7\" data-element_type=\"container\" data-e-type=\"container\">\n\t\t\t\t\t<div class=\"e-con-inner\">\n\t\t<div class=\"elementor-element elementor-element-34f6e8e e-con-full e-flex e-con e-child\" data-id=\"34f6e8e\" data-element_type=\"container\" data-e-type=\"container\">\n\t\t\t\t<div class=\"elementor-element elementor-element-feaa8a6 elementor-widget-tablet__width-initial elementor-widget elementor-widget-image\" data-id=\"feaa8a6\" data-element_type=\"widget\" data-e-type=\"widget\" data-widget_type=\"image.default\">\n\t\t\t\t<div class=\"elementor-widget-container\">\n\t\t\t\t\t\t\t\t\t\t\t\t\t\t\t<img loading=\"lazy\" decoding=\"async\" width=\"800\" height=\"534\" src=\"https:\/\/myotonic.org\/wp-content\/uploads\/mdf-uk-img-1024x683.jpg\" class=\"attachment-large size-large wp-image-21200\" alt=\"\" srcset=\"https:\/\/myotonic.org\/wp-content\/uploads\/mdf-uk-img-1024x683.jpg 1024w, https:\/\/myotonic.org\/wp-content\/uploads\/mdf-uk-img-300x200.jpg 300w, https:\/\/myotonic.org\/wp-content\/uploads\/mdf-uk-img-768x512.jpg 768w, https:\/\/myotonic.org\/wp-content\/uploads\/mdf-uk-img.jpg 1300w\" sizes=\"(max-width: 800px) 100vw, 800px\" \/>\t\t\t\t\t\t\t\t\t\t\t\t\t\t\t<\/div>\n\t\t\t\t<\/div>\n\t\t\t\t<\/div>\n\t\t<div class=\"elementor-element elementor-element-9212b6b e-con-full e-flex e-con e-child\" data-id=\"9212b6b\" data-element_type=\"container\" data-e-type=\"container\">\n\t\t\t\t<div class=\"elementor-element elementor-element-145c68f elementor-widget-laptop__width-initial elementor-widget-tablet__width-initial elementor-widget__width-initial elementor-widget elementor-widget-heading\" data-id=\"145c68f\" data-element_type=\"widget\" data-e-type=\"widget\" data-widget_type=\"heading.default\">\n\t\t\t\t<div class=\"elementor-widget-container\">\n\t\t\t\t\t<h2 class=\"elementor-heading-title elementor-size-default\">\u00c0 propos de MDF UK (anciennement la Wyck Foundation)<\/h2>\t\t\t\t<\/div>\n\t\t\t\t<\/div>\n\t\t\t\t<div class=\"elementor-element elementor-element-62939bc elementor-widget-tablet__width-initial elementor-widget elementor-widget-text-editor\" data-id=\"62939bc\" data-element_type=\"widget\" data-e-type=\"widget\" data-widget_type=\"text-editor.default\">\n\t\t\t\t<div class=\"elementor-widget-container\">\n\t\t\t\t\t\t\t\t\t<p><strong>En d\u00e9cembre 2024, apr\u00e8s neuf ann\u00e9es d&rsquo;impact, les administrateurs de la Myotonic Dystrophy Foundation UK (MDF UK) ont pris la difficile d\u00e9cision de cesser leurs activit\u00e9s, estimant que c&rsquo;\u00e9tait dans le meilleur int\u00e9r\u00eat de l&rsquo;association caritative et de sa mission.<\/strong><\/p><p>La MDF UK, initialement cr\u00e9\u00e9e en 2015 sous le nom de <em>Wyck Foundation,<\/em> a \u00e9t\u00e9 fond\u00e9e \u00e0 Londres par un groupe d\u00e9vou\u00e9 de personnes engag\u00e9es \u00e0 soutenir les efforts mondiaux visant \u00e0 am\u00e9liorer la qualit\u00e9 de vie des personnes atteintes de dystrophie myotonique (DM). D\u00e8s sa cr\u00e9ation, la MDF UK s&rsquo;est concentr\u00e9e sur l&rsquo;acc\u00e9l\u00e9ration de la d\u00e9couverte de traitements et la promotion des avanc\u00e9es dans les soins et la recherche sur la DM. <\/p>\t\t\t\t\t\t\t\t<\/div>\n\t\t\t\t<\/div>\n\t\t\t\t<div class=\"elementor-element elementor-element-75e58e0 elementor-widget elementor-widget-button\" data-id=\"75e58e0\" data-element_type=\"widget\" data-e-type=\"widget\" data-widget_type=\"button.default\">\n\t\t\t\t<div class=\"elementor-widget-container\">\n\t\t\t\t\t\t\t\t\t<div class=\"elementor-button-wrapper\">\n\t\t\t\t\t<a class=\"elementor-button elementor-button-link elementor-size-sm\" href=\"https:\/\/myotonic.org\/fr\/notre-histoire\/mdf-royaume-uni\/\">\n\t\t\t\t\t\t<span class=\"elementor-button-content-wrapper\">\n\t\t\t\t\t\t\t\t\t<span class=\"elementor-button-text\">Les investissements de la MDF UK dans la recherche sur la DM <\/span>\n\t\t\t\t\t<\/span>\n\t\t\t\t\t<\/a>\n\t\t\t\t<\/div>\n\t\t\t\t\t\t\t\t<\/div>\n\t\t\t\t<\/div>\n\t\t\t\t<\/div>\n\t\t\t\t\t<\/div>\n\t\t\t\t<\/div>\n\t\t<div class=\"elementor-element elementor-element-8c40345 e-con-full e-flex e-con e-parent\" data-id=\"8c40345\" data-element_type=\"container\" data-e-type=\"container\">\n\t\t\t\t<div class=\"elementor-element elementor-element-d58b2c1 elementor-widget elementor-widget-template\" data-id=\"d58b2c1\" data-element_type=\"widget\" data-e-type=\"widget\" data-widget_type=\"template.default\">\n\t\t\t\t<div class=\"elementor-widget-container\">\n\t\t\t\t\t\t\t<div class=\"elementor-template\">\n\t\t\t\t\t<div data-elementor-type=\"container\" data-elementor-id=\"21907\" class=\"elementor elementor-21907 elementor-9327 elementor-9327\" data-elementor-post-type=\"elementor_library\">\n\t\t\t\t<div class=\"elementor-element elementor-element-4da26a03 e-flex e-con-boxed e-con e-parent\" data-id=\"4da26a03\" data-element_type=\"container\" data-e-type=\"container\" data-settings=\"{&quot;background_background&quot;:&quot;classic&quot;}\">\n\t\t\t\t\t<div class=\"e-con-inner\">\n\t\t\t\t<div class=\"elementor-element elementor-element-7c7106fb elementor-widget elementor-widget-heading\" data-id=\"7c7106fb\" data-element_type=\"widget\" data-e-type=\"widget\" data-widget_type=\"heading.default\">\n\t\t\t\t<div class=\"elementor-widget-container\">\n\t\t\t\t\t<h2 class=\"elementor-heading-title elementor-size-default\">Rejoignez-nous pour faire la diff\u00e9rence<\/h2>\t\t\t\t<\/div>\n\t\t\t\t<\/div>\n\t\t<div class=\"elementor-element elementor-element-1761fd93 e-con-full e-flex e-con e-child\" data-id=\"1761fd93\" data-element_type=\"container\" data-e-type=\"container\">\n\t\t<a class=\"elementor-element elementor-element-2ecd0645 e-con-full e-flex e-con e-child\" data-id=\"2ecd0645\" data-element_type=\"container\" data-e-type=\"container\" data-settings=\"{&quot;background_background&quot;:&quot;classic&quot;}\" href=\"https:\/\/myotonic.org\/get-involved\/advocate\/\">\n\t\t<div class=\"elementor-element elementor-element-52a30c89 e-con-full e-flex e-con e-child\" data-id=\"52a30c89\" data-element_type=\"container\" data-e-type=\"container\">\n\t\t\t\t<div class=\"elementor-element elementor-element-5360b2a6 elementor-widget elementor-widget-heading\" data-id=\"5360b2a6\" data-element_type=\"widget\" data-e-type=\"widget\" data-widget_type=\"heading.default\">\n\t\t\t\t<div class=\"elementor-widget-container\">\n\t\t\t\t\t<h2 class=\"elementor-heading-title elementor-size-default\">D\u00e9fendre la cause<\/h2>\t\t\t\t<\/div>\n\t\t\t\t<\/div>\n\t\t\t\t<div class=\"elementor-element elementor-element-34f989c4 elementor-widget elementor-widget-heading\" data-id=\"34f989c4\" data-element_type=\"widget\" data-e-type=\"widget\" data-widget_type=\"heading.default\">\n\t\t\t\t<div class=\"elementor-widget-container\">\n\t\t\t\t\t<p class=\"elementor-heading-title elementor-size-default\">Contribuez \u00e0 faire \u00e9voluer les politiques et \u00e0 acc\u00e9l\u00e9rer les progr\u00e8s pour les personnes vivant avec la DM.<\/p>\t\t\t\t<\/div>\n\t\t\t\t<\/div>\n\t\t\t\t<\/div>\n\t\t\t\t<div class=\"elementor-element elementor-element-29d67350 elementor-widget elementor-widget-image\" data-id=\"29d67350\" data-element_type=\"widget\" data-e-type=\"widget\" data-widget_type=\"image.default\">\n\t\t\t\t<div class=\"elementor-widget-container\">\n\t\t\t\t\t\t\t\t\t\t\t\t\t\t\t<img loading=\"lazy\" decoding=\"async\" width=\"800\" height=\"534\" src=\"https:\/\/myotonic.org\/wp-content\/uploads\/advocate-img-1024x683.jpg\" class=\"attachment-large size-large wp-image-20991\" alt=\"\" srcset=\"https:\/\/myotonic.org\/wp-content\/uploads\/advocate-img-1024x683.jpg 1024w, https:\/\/myotonic.org\/wp-content\/uploads\/advocate-img-300x200.jpg 300w, https:\/\/myotonic.org\/wp-content\/uploads\/advocate-img-768x512.jpg 768w, https:\/\/myotonic.org\/wp-content\/uploads\/advocate-img.jpg 1300w\" sizes=\"(max-width: 800px) 100vw, 800px\" \/>\t\t\t\t\t\t\t\t\t\t\t\t\t\t\t<\/div>\n\t\t\t\t<\/div>\n\t\t\t\t<\/a>\n\t\t<a class=\"elementor-element elementor-element-2486fb71 e-con-full e-flex e-con e-child\" data-id=\"2486fb71\" data-element_type=\"container\" data-e-type=\"container\" data-settings=\"{&quot;background_background&quot;:&quot;classic&quot;}\" href=\"https:\/\/myotonic.org\/get-involved\/fundraise\/\">\n\t\t<div class=\"elementor-element elementor-element-396ded59 e-con-full e-flex e-con e-child\" data-id=\"396ded59\" data-element_type=\"container\" data-e-type=\"container\">\n\t\t\t\t<div class=\"elementor-element elementor-element-290f4cc elementor-widget elementor-widget-heading\" data-id=\"290f4cc\" data-element_type=\"widget\" data-e-type=\"widget\" data-widget_type=\"heading.default\">\n\t\t\t\t<div class=\"elementor-widget-container\">\n\t\t\t\t\t<h2 class=\"elementor-heading-title elementor-size-default\">Collecte de fonds<\/h2>\t\t\t\t<\/div>\n\t\t\t\t<\/div>\n\t\t\t\t<div class=\"elementor-element elementor-element-6f7d9f2e elementor-widget elementor-widget-heading\" data-id=\"6f7d9f2e\" data-element_type=\"widget\" data-e-type=\"widget\" data-widget_type=\"heading.default\">\n\t\t\t\t<div class=\"elementor-widget-container\">\n\t\t\t\t\t<p class=\"elementor-heading-title elementor-size-default\">Mobilisez votre communaut\u00e9 pour soutenir des ressources essentielles et une recherche qui change des vies.<\/p>\t\t\t\t<\/div>\n\t\t\t\t<\/div>\n\t\t\t\t<\/div>\n\t\t\t\t<div class=\"elementor-element elementor-element-61b60249 elementor-widget elementor-widget-image\" data-id=\"61b60249\" data-element_type=\"widget\" data-e-type=\"widget\" data-widget_type=\"image.default\">\n\t\t\t\t<div class=\"elementor-widget-container\">\n\t\t\t\t\t\t\t\t\t\t\t\t\t\t\t<img loading=\"lazy\" decoding=\"async\" width=\"800\" height=\"534\" src=\"https:\/\/myotonic.org\/wp-content\/uploads\/fundraise-img-1024x683.jpg\" class=\"attachment-large size-large wp-image-20992\" alt=\"\" srcset=\"https:\/\/myotonic.org\/wp-content\/uploads\/fundraise-img-1024x683.jpg 1024w, https:\/\/myotonic.org\/wp-content\/uploads\/fundraise-img-300x200.jpg 300w, https:\/\/myotonic.org\/wp-content\/uploads\/fundraise-img-768x512.jpg 768w, https:\/\/myotonic.org\/wp-content\/uploads\/fundraise-img.jpg 1300w\" sizes=\"(max-width: 800px) 100vw, 800px\" \/>\t\t\t\t\t\t\t\t\t\t\t\t\t\t\t<\/div>\n\t\t\t\t<\/div>\n\t\t\t\t<\/a>\n\t\t<a class=\"elementor-element elementor-element-4e985d8c e-con-full e-flex e-con e-child\" data-id=\"4e985d8c\" data-element_type=\"container\" data-e-type=\"container\" data-settings=\"{&quot;background_background&quot;:&quot;classic&quot;}\" href=\"https:\/\/myotonic.org\/get-involved\/volunteer\/\">\n\t\t<div class=\"elementor-element elementor-element-53a424cc e-con-full e-flex e-con e-child\" data-id=\"53a424cc\" data-element_type=\"container\" data-e-type=\"container\">\n\t\t\t\t<div class=\"elementor-element elementor-element-43553be6 elementor-widget elementor-widget-heading\" data-id=\"43553be6\" data-element_type=\"widget\" data-e-type=\"widget\" data-widget_type=\"heading.default\">\n\t\t\t\t<div class=\"elementor-widget-container\">\n\t\t\t\t\t<h2 class=\"elementor-heading-title elementor-size-default\">B\u00e9n\u00e9volat<\/h2>\t\t\t\t<\/div>\n\t\t\t\t<\/div>\n\t\t\t\t<div class=\"elementor-element elementor-element-7d78d57c elementor-widget elementor-widget-heading\" data-id=\"7d78d57c\" data-element_type=\"widget\" data-e-type=\"widget\" data-widget_type=\"heading.default\">\n\t\t\t\t<div class=\"elementor-widget-container\">\n\t\t\t\t\t<p class=\"elementor-heading-title elementor-size-default\">Rejoignez notre \u00e9quipe de b\u00e9n\u00e9voles qui apportent des liens et du soutien \u00e0 la communaut\u00e9.<\/p>\t\t\t\t<\/div>\n\t\t\t\t<\/div>\n\t\t\t\t<\/div>\n\t\t\t\t<div class=\"elementor-element elementor-element-5187d97a elementor-widget elementor-widget-image\" data-id=\"5187d97a\" data-element_type=\"widget\" data-e-type=\"widget\" data-widget_type=\"image.default\">\n\t\t\t\t<div class=\"elementor-widget-container\">\n\t\t\t\t\t\t\t\t\t\t\t\t\t\t\t<img loading=\"lazy\" decoding=\"async\" width=\"800\" height=\"534\" src=\"https:\/\/myotonic.org\/wp-content\/uploads\/volenteer-img-1024x683.jpg\" class=\"attachment-large size-large wp-image-20993\" alt=\"\" srcset=\"https:\/\/myotonic.org\/wp-content\/uploads\/volenteer-img-1024x683.jpg 1024w, https:\/\/myotonic.org\/wp-content\/uploads\/volenteer-img-300x200.jpg 300w, https:\/\/myotonic.org\/wp-content\/uploads\/volenteer-img-768x512.jpg 768w, https:\/\/myotonic.org\/wp-content\/uploads\/volenteer-img.jpg 1300w\" sizes=\"(max-width: 800px) 100vw, 800px\" \/>\t\t\t\t\t\t\t\t\t\t\t\t\t\t\t<\/div>\n\t\t\t\t<\/div>\n\t\t\t\t<\/a>\n\t\t\t\t<\/div>\n\t\t\t\t\t<\/div>\n\t\t\t\t<\/div>\n\t\t\t\t<\/div>\n\t\t\t\t<\/div>\n\t\t\t\t\t\t<\/div>\n\t\t\t\t<\/div>\n\t\t\t\t<\/div>\n\t\t\t\t<\/div>\n\t\t","protected":false},"excerpt":{"rendered":"<p>Histoire de la fondation Renforcer la communaut\u00e9 DM par le soutien, les soins, la d\u00e9fense des droits et la recherche qui nous rapprochent des traitements et d&rsquo;un rem\u00e8de. Faites d\u00e9filer pour en savoir plus Communaut\u00e9, prise en charge et gu\u00e9rison La Myotonic Dystrophy Foundation (MDF) a \u00e9t\u00e9 fond\u00e9e en Californie en 2007 en tant qu&rsquo;organisation [&hellip;]<\/p>\n","protected":false},"author":7,"featured_media":0,"parent":0,"menu_order":21,"comment_status":"closed","ping_status":"closed","template":"","meta":{"footnotes":""},"class_list":["post-21213","page","type-page","status-publish","hentry"],"_links":{"self":[{"href":"https:\/\/myotonic.org\/fr\/wp-json\/wp\/v2\/pages\/21213","targetHints":{"allow":["GET"]}}],"collection":[{"href":"https:\/\/myotonic.org\/fr\/wp-json\/wp\/v2\/pages"}],"about":[{"href":"https:\/\/myotonic.org\/fr\/wp-json\/wp\/v2\/types\/page"}],"author":[{"embeddable":true,"href":"https:\/\/myotonic.org\/fr\/wp-json\/wp\/v2\/users\/7"}],"replies":[{"embeddable":true,"href":"https:\/\/myotonic.org\/fr\/wp-json\/wp\/v2\/comments?post=21213"}],"version-history":[{"count":0,"href":"https:\/\/myotonic.org\/fr\/wp-json\/wp\/v2\/pages\/21213\/revisions"}],"wp:attachment":[{"href":"https:\/\/myotonic.org\/fr\/wp-json\/wp\/v2\/media?parent=21213"}],"curies":[{"name":"wp","href":"https:\/\/api.w.org\/{rel}","templated":true}]}}