{"id":21579,"date":"2026-01-07T14:17:52","date_gmt":"2026-01-07T22:17:52","guid":{"rendered":"https:\/\/mr66givry2.onrocket.site\/comment-la-dm-affecte-le-corps\/peau\/"},"modified":"2026-01-07T14:17:52","modified_gmt":"2026-01-07T22:17:52","slug":"peau","status":"publish","type":"page","link":"https:\/\/myotonic.org\/fr\/comment-la-dm-affecte-le-corps\/peau\/","title":{"rendered":"Peau"},"content":{"rendered":"<h2>Peau &#8211; DM1<\/h2>\n<h3>Tableaux :<\/h3>\n<ul>\n<li>Les personnes atteintes de dystrophie myotonique DM1 pr\u00e9sentent une fr\u00e9quence accrue de pilomatricome, un type de tumeur cutan\u00e9e b\u00e9nigne. Ce type de tumeur est rare dans la population g\u00e9n\u00e9rale, mais assez fr\u00e9quent chez les personnes atteintes de dystrophie myotonique DM1. <\/li>\n<\/ul>\n<h3>Sympt\u00f4mes :<\/h3>\n<ul>\n<li>Les pilomatricomes surviennent souvent au niveau de la t\u00eate ou du cou et se pr\u00e9sentent comme des nodules fermes juste sous la surface de la peau. Certains chercheurs ont sugg\u00e9r\u00e9 que la DM1 pourrait \u00e9galement \u00eatre associ\u00e9e \u00e0 une fr\u00e9quence accrue d\u2019autres types de tumeurs, telles que des tumeurs des glandes parathyro\u00efdes, hypophyse ou thymus. Cependant, \u00e0 ce stade, il n\u2019existe aucune preuve claire pour \u00e9tayer cette hypoth\u00e8se.  <\/li>\n<\/ul>\n<h3>Traitement :<\/h3>\n<ul>\n<li>Ces tumeurs sont b\u00e9nignes et peuvent \u00eatre gu\u00e9ries par ablation chirurgicale.<\/li>\n<\/ul>\n<h2>Peau &#8211; DM2<\/h2>\n<h3>Tableaux :<\/h3>\n<ul>\n<li>Un d\u00e9s\u00e9quilibre hormonal ou des probl\u00e8mes sous-jacents de la peau et des follicules pileux peuvent contribuer \u00e0 l\u2019alop\u00e9cie et \u00e0 d\u2019autres affections cutan\u00e9es, telles que les n\u00e6vus dysplasiques et la dermatite s\u00e9borrh\u00e9ique.<\/li>\n<\/ul>\n<h2>Peau &#8211; DMC<\/h2>\n<h3>Traitement :<\/h3>\n<ul>\n<li>Pr\u00e9venir les l\u00e9sions cutan\u00e9es li\u00e9es \u00e0 la pression par des changements de position fr\u00e9quents et en \u00e9vitant les points d\u2019appui dans les berceaux ou les si\u00e8ges auto chez les nourrissons dont les mouvements sont r\u00e9duits en raison d\u2019une faiblesse s\u00e9v\u00e8re.<\/li>\n<\/ul>\n<h2><span class=\"field field--name-title field--type-string field--label-hidden\">Tumeurs<\/span><\/h2>\n<p>Les personnes atteintes de dystrophie myotonique DM1 pr\u00e9sentent une fr\u00e9quence accrue de pilomatricome, un type de tumeur cutan\u00e9e b\u00e9nigne. Ce type de tumeur est rare dans la population g\u00e9n\u00e9rale, mais assez fr\u00e9quent chez les personnes atteintes de dystrophie myotonique DM1. (Aucune association entre les pilomatricomes et la DM2 n\u2019a \u00e9t\u00e9 rapport\u00e9e).  <\/p>\n<p>Les pilomatricomes surviennent souvent au niveau de la t\u00eate ou du cou et se pr\u00e9sentent comme des nodules fermes juste sous la surface de la peau. Ces tumeurs sont b\u00e9nignes et peuvent \u00eatre gu\u00e9ries par ablation chirurgicale. Certains chercheurs ont sugg\u00e9r\u00e9 que la DM1 pourrait \u00e9galement \u00eatre associ\u00e9e \u00e0 une fr\u00e9quence accrue d\u2019autres types de tumeurs, telles que des tumeurs des glandes parathyro\u00efdes, hypophyse ou thymus. Cependant, \u00e0 ce stade, il n\u2019existe aucune preuve claire pour \u00e9tayer cette hypoth\u00e8se.   <\/p>\n","protected":false},"excerpt":{"rendered":"<p>Modifications et affections cutan\u00e9es associ\u00e9es \u00e0 la dystrophie myotonique.<\/p>\n","protected":false},"author":7,"featured_media":21580,"parent":21420,"menu_order":9,"comment_status":"closed","ping_status":"closed","template":"","meta":{"footnotes":""},"class_list":["post-21579","page","type-page","status-publish","has-post-thumbnail","hentry"],"_links":{"self":[{"href":"https:\/\/myotonic.org\/fr\/wp-json\/wp\/v2\/pages\/21579","targetHints":{"allow":["GET"]}}],"collection":[{"href":"https:\/\/myotonic.org\/fr\/wp-json\/wp\/v2\/pages"}],"about":[{"href":"https:\/\/myotonic.org\/fr\/wp-json\/wp\/v2\/types\/page"}],"author":[{"embeddable":true,"href":"https:\/\/myotonic.org\/fr\/wp-json\/wp\/v2\/users\/7"}],"replies":[{"embeddable":true,"href":"https:\/\/myotonic.org\/fr\/wp-json\/wp\/v2\/comments?post=21579"}],"version-history":[{"count":0,"href":"https:\/\/myotonic.org\/fr\/wp-json\/wp\/v2\/pages\/21579\/revisions"}],"up":[{"embeddable":true,"href":"https:\/\/myotonic.org\/fr\/wp-json\/wp\/v2\/pages\/21420"}],"wp:featuredmedia":[{"embeddable":true,"href":"https:\/\/myotonic.org\/fr\/wp-json\/wp\/v2\/media\/21580"}],"wp:attachment":[{"href":"https:\/\/myotonic.org\/fr\/wp-json\/wp\/v2\/media?parent=21579"}],"curies":[{"name":"wp","href":"https:\/\/api.w.org\/{rel}","templated":true}]}}