{"id":21627,"date":"2026-01-07T14:14:47","date_gmt":"2026-01-07T22:14:47","guid":{"rendered":"https:\/\/mr66givry2.onrocket.site\/comment-la-dm-affecte-le-corps\/systeme-immunitaire\/"},"modified":"2026-01-07T14:14:47","modified_gmt":"2026-01-07T22:14:47","slug":"systeme-immunitaire","status":"publish","type":"page","link":"https:\/\/myotonic.org\/fr\/comment-la-dm-affecte-le-corps\/systeme-immunitaire\/","title":{"rendered":"Syst\u00e8me immunitaire"},"content":{"rendered":"<h2>Anticorps<\/h2>\n<p>La dystrophie myotonique est associ\u00e9e \u00e0 une r\u00e9duction modeste de la quantit\u00e9 d&rsquo;immunoglobulines dans le sang (hypogammaglobulin\u00e9mie). La production d&rsquo;anticorps est normale, mais les anticorps ne durent pas aussi longtemps dans la circulation, ce qui r\u00e9duit quelque peu leur quantit\u00e9 dans le sang \u00e0 tout moment. La r\u00e9duction d&rsquo;immunoglobulines associ\u00e9e \u00e0 la dystrophie myotonique semble \u00eatre bien tol\u00e9r\u00e9e. Jusqu&rsquo;\u00e0 pr\u00e9sent, il n&rsquo;y a pas de preuve claire que cette alt\u00e9ration soit associ\u00e9e \u00e0 une fr\u00e9quence accrue d&rsquo;infections.   <\/p>\n<h2>Tumeurs<\/h2>\n<p>Les personnes atteintes de dystrophie myotonique DM1 pr\u00e9sentent une fr\u00e9quence accrue de pilomatrixomes, un type de tumeur cutan\u00e9e b\u00e9nigne. Ce type de tumeur est rare dans la population g\u00e9n\u00e9rale, mais assez courant chez les personnes atteintes de dystrophie myotonique DM1. (Aucune association entre les pilomatrixomes et la DM2 n&rsquo;a \u00e9t\u00e9 rapport\u00e9e).  <\/p>\n<p>Les pilomatrixomes apparaissent souvent autour de la t\u00eate ou du cou et se pr\u00e9sentent comme des masses fermes juste sous la surface de la peau. Ces tumeurs sont b\u00e9nignes et peuvent \u00eatre gu\u00e9ries par ablation chirurgicale. Certains chercheurs ont sugg\u00e9r\u00e9 que la DM1 pourrait \u00e9galement \u00eatre associ\u00e9e \u00e0 une fr\u00e9quence accrue d&rsquo;autres types de tumeurs, telles que les tumeurs des glandes parathyro\u00efdes, hypophysaires ou thymiques. Cependant, \u00e0 ce stade, il n&rsquo;y a pas de preuve claire pour \u00e9tayer cette id\u00e9e.   <\/p>\n","protected":false},"excerpt":{"rendered":"<p>Comment la DM peut influencer la r\u00e9ponse immunitaire et la r\u00e9silience globale.<\/p>\n","protected":false},"author":7,"featured_media":21628,"parent":21420,"menu_order":5,"comment_status":"closed","ping_status":"closed","template":"","meta":{"footnotes":""},"class_list":["post-21627","page","type-page","status-publish","has-post-thumbnail","hentry"],"_links":{"self":[{"href":"https:\/\/myotonic.org\/fr\/wp-json\/wp\/v2\/pages\/21627","targetHints":{"allow":["GET"]}}],"collection":[{"href":"https:\/\/myotonic.org\/fr\/wp-json\/wp\/v2\/pages"}],"about":[{"href":"https:\/\/myotonic.org\/fr\/wp-json\/wp\/v2\/types\/page"}],"author":[{"embeddable":true,"href":"https:\/\/myotonic.org\/fr\/wp-json\/wp\/v2\/users\/7"}],"replies":[{"embeddable":true,"href":"https:\/\/myotonic.org\/fr\/wp-json\/wp\/v2\/comments?post=21627"}],"version-history":[{"count":0,"href":"https:\/\/myotonic.org\/fr\/wp-json\/wp\/v2\/pages\/21627\/revisions"}],"up":[{"embeddable":true,"href":"https:\/\/myotonic.org\/fr\/wp-json\/wp\/v2\/pages\/21420"}],"wp:featuredmedia":[{"embeddable":true,"href":"https:\/\/myotonic.org\/fr\/wp-json\/wp\/v2\/media\/21628"}],"wp:attachment":[{"href":"https:\/\/myotonic.org\/fr\/wp-json\/wp\/v2\/media?parent=21627"}],"curies":[{"name":"wp","href":"https:\/\/api.w.org\/{rel}","templated":true}]}}