{"id":21650,"date":"2026-01-07T14:17:44","date_gmt":"2026-01-07T22:17:44","guid":{"rendered":"https:\/\/mr66givry2.onrocket.site\/comment-la-dm-affecte-le-corps\/systeme-reproducteur\/"},"modified":"2026-01-07T14:17:44","modified_gmt":"2026-01-07T22:17:44","slug":"systeme-reproducteur","status":"publish","type":"page","link":"https:\/\/myotonic.org\/fr\/comment-la-dm-affecte-le-corps\/systeme-reproducteur\/","title":{"rendered":"Syst\u00e8me reproducteur"},"content":{"rendered":"<h2>Syst\u00e8me reproducteur &#8211; DM1<\/h2>\n<h3>Tableaux :<\/h3>\n<ul>\n<li>Les effets d\u00e9l\u00e9t\u00e8res de la DM1 sur les muscles lisses et stri\u00e9s peuvent compliquer la grossesse, le travail et l\u2019accouchement.<\/li>\n<li>\u00c0 ces complications maternelles s\u2019ajoute la possibilit\u00e9 que le b\u00e9b\u00e9 pr\u00e9sente une DM1 \u00e0 d\u00e9but cong\u00e9nital, avec de graves complications n\u00e9onatales, notamment des anomalies respiratoires et de d\u00e9glutition.<\/li>\n<li>Les femmes atteintes de DM1 pr\u00e9sentent un taux de fausse couche spontan\u00e9e et de mortinaissance sup\u00e9rieur \u00e0 la moyenne, bien que la plupart puissent s\u2019attendre \u00e0 un accouchement vaginal normal.<\/li>\n<\/ul>\n<h3>Sympt\u00f4mes :<\/h3>\n<ul>\n<li>Les m\u00e8res atteintes de DM1 sont plus susceptibles que la population g\u00e9n\u00e9rale de pr\u00e9senter les \u00e9l\u00e9ments suivants :\n<ul>\n<li>Grossesse extra-ut\u00e9rine.<\/li>\n<li>Accouchement pr\u00e9matur\u00e9.<\/li>\n<li>Travail et accouchement prolong\u00e9s.<\/li>\n<li>H\u00e9morragie du post-partum.<\/li>\n<li>Surdistension ut\u00e9rine avec hydramnios, pouvant entra\u00eener un travail pr\u00e9matur\u00e9, des contractions insuffisantes pendant le travail, une rupture pr\u00e9matur\u00e9e des membranes ou une h\u00e9morragie du post-partum.<\/li>\n<li>R\u00e9actions ind\u00e9sirables aux antalgiques ou \u00e0 l\u2019anesth\u00e9sie pendant le travail et l\u2019accouchement.<\/li>\n<li>Diminution de la r\u00e9serve ovarienne avec apparition retard\u00e9e de la gonadotrophine chorionique humaine (hCG) due \u00e0 une insuffisance gonadique.<\/li>\n<\/ul>\n<\/li>\n<li>Ant\u00e9c\u00e9dents reproductifs et ant\u00e9c\u00e9dents personnels et familiaux li\u00e9s \u00e0 la DM1, y compris les sympt\u00f4mes actuels de la DM1.<\/li>\n<li>Fatigue d\u2019apparition plus rapide que la moyenne pendant le travail et risque accru d\u2019h\u00e9morragie du post-partum (HPP).<\/li>\n<\/ul>\n<h3>Diagnostic :<\/h3>\n<ul>\n<li>Discutez des examens suivants avec votre m\u00e9decin :\n<ul>\n<li>Diagnostic g\u00e9n\u00e9tique pr\u00e9implantatoire afin de d\u00e9terminer si l\u2019embryon est atteint.<\/li>\n<li>Diagnostic g\u00e9n\u00e9tique pr\u00e9natal afin de d\u00e9terminer si le f\u0153tus pr\u00e9sente l\u2019expansion g\u00e9n\u00e9tique de la DM1 (voir Conseil g\u00e9n\u00e9tique).<\/li>\n<\/ul>\n<\/li>\n<\/ul>\n<h3>Traitement :<\/h3>\n<ul>\n<li>Le diagnostic g\u00e9n\u00e9tique pr\u00e9implantatoire peut permettre l\u2019implantation s\u00e9lective d\u2019embryons non atteints.<\/li>\n<li>Le diagnostic pr\u00e9natal par amniocent\u00e8se ou biopsie de villosit\u00e9s choriales peut permettre l\u2019interruption d\u2019une grossesse atteinte.<\/li>\n<li>Obst\u00e9tricien sp\u00e9cialis\u00e9 dans les grossesses \u00e0 haut risque (sp\u00e9cialiste en m\u00e9decine materno-f\u0153tale) pour le suivi pr\u00e9natal et l\u2019accouchement.<\/li>\n<li>Les antalgiques ou les m\u00e9dicaments anesth\u00e9siques s\u00e9datifs doivent \u00eatre utilis\u00e9s avec une extr\u00eame prudence.<\/li>\n<li>Dispositifs d\u2019alerte m\u00e9dicale d\u2019urgence.<\/li>\n<li>Sp\u00e9cialiste p\u00e9diatrique ou n\u00e9onatal lors de l\u2019accouchement si la m\u00e8re est atteinte de DM1.<\/li>\n<li>Disponibilit\u00e9 de soins intensifs n\u00e9onatals, y compris une \u00e9ventuelle alimentation par sonde ou une assistance ventilatoire, pour les nouveau-n\u00e9s connus ou suspect\u00e9s d\u2019\u00eatre atteints de DM1.<\/li>\n<li>Consultation d\u2019un obst\u00e9tricien avant de d\u00e9cider de d\u00e9clencher le travail.<\/li>\n<li>Services de conseil g\u00e9n\u00e9tique et de planification familiale.<\/li>\n<\/ul>\n<h2>Syst\u00e8me reproducteur &#8211; DM2<\/h2>\n<h3>Tableaux :<\/h3>\n<ul>\n<li>La grossesse peut exacerber la DM2. Quelques rapports indiquent que la grossesse peut exacerber ou r\u00e9v\u00e9ler l\u2019apparition de la myotonie et entra\u00eener une augmentation de la douleur dans la DM2. Des recherches suppl\u00e9mentaires sont n\u00e9cessaires pour confirmer ces observations.  <\/li>\n<li>Les effets de la DM2 sur les muscles lisses et stri\u00e9s peuvent compliquer la grossesse, le travail et l\u2019accouchement.<\/li>\n<\/ul>\n<h3>Diagnostic :<\/h3>\n<ul>\n<li>Discutez des examens suivants avec votre m\u00e9decin :\n<ul>\n<li>Diagnostic g\u00e9n\u00e9tique pr\u00e9implantatoire afin de d\u00e9terminer si l\u2019embryon est atteint, ou diagnostic g\u00e9n\u00e9tique pr\u00e9natal afin de d\u00e9terminer si le f\u0153tus pr\u00e9sente l\u2019expansion g\u00e9n\u00e9tique de la DM2.<\/li>\n<li>Ant\u00e9c\u00e9dents reproductifs et de fertilit\u00e9\/infertilit\u00e9, y compris les ant\u00e9c\u00e9dents personnels et familiaux.<\/li>\n<\/ul>\n<\/li>\n<\/ul>\n<h3>Traitement :<\/h3>\n<ul>\n<li>Planification familiale.<\/li>\n<li>Orientation vers le conseil g\u00e9n\u00e9tique, la planification familiale et d\u2019autres sp\u00e9cialistes selon les besoins.<\/li>\n<li>Le diagnostic g\u00e9n\u00e9tique pr\u00e9natal et pr\u00e9implantatoire peut permettre l\u2019interruption de la grossesse ou l\u2019implantation s\u00e9lective d\u2019embryons non atteints.<\/li>\n<\/ul>\n<h2>Syst\u00e8me reproducteur &#8211; DMC<\/h2>\n<h3>Tableaux :<\/h3>\n<ul>\n<li>Les femmes atteintes de DM1 peuvent avoir une grossesse, un travail et un accouchement compliqu\u00e9s, notamment un accouchement pr\u00e9matur\u00e9 ou un travail prolong\u00e9 pouvant avoir un impact sur le nouveau-n\u00e9.<\/li>\n<li>Le b\u00e9b\u00e9 peut na\u00eetre avec une DM1 \u00e0 d\u00e9but cong\u00e9nital, avec de graves complications n\u00e9onatales, notamment des anomalies respiratoires et de d\u00e9glutition.<\/li>\n<li>Savoir si un f\u0153tus pr\u00e9sente un risque de DMC permet \u00e9galement aux parents et \u00e0 l\u2019\u00e9quipe obst\u00e9tricale de se pr\u00e9parer \u00e0 la naissance d\u2019un b\u00e9b\u00e9 atteint de DM1.<\/li>\n<\/ul>\n<h3>Sympt\u00f4mes :<\/h3>\n<ul>\n<li>Les b\u00e9b\u00e9s atteints de DM1 \u00e0 d\u00e9but cong\u00e9nital peuvent pr\u00e9senter les signes pr\u00e9nataux et n\u00e9onataux suivants, de gravit\u00e9 variable :\n<ul>\n<li>Difficult\u00e9s de d\u00e9glutition, entra\u00eenant un hydramnios pendant la grossesse et une mauvaise alimentation \u00e0 la naissance, pouvant n\u00e9cessiter une alimentation par sonde.<\/li>\n<li>Anomalies des muscles respiratoires, pouvant n\u00e9cessiter une ventilation m\u00e9canique \u00e0 la naissance.<\/li>\n<li>Hypotonie et absence de mouvements f\u0153taux.<\/li>\n<li>Pr\u00e9sentation anormale.<\/li>\n<li>Pied bot ou autres probl\u00e8mes articulaires.<\/li>\n<li>Accumulation anormale de liquide dans le corps.<\/li>\n<li>Ventricules c\u00e9r\u00e9braux dilat\u00e9s.<\/li>\n<li>Diminution des mouvements f\u0153taux.<\/li>\n<\/ul>\n<\/li>\n<\/ul>\n<h3>Diagnostic :<\/h3>\n<ul>\n<li>Discutez des examens suivants avec votre m\u00e9decin :\n<ul>\n<li>Diagnostic g\u00e9n\u00e9tique pr\u00e9implantatoire afin de d\u00e9terminer si l\u2019embryon est atteint.<\/li>\n<li>Diagnostic g\u00e9n\u00e9tique pr\u00e9natal afin de d\u00e9terminer si le f\u0153tus pr\u00e9sente l\u2019expansion g\u00e9n\u00e9tique de la DM1 (voir Conseil g\u00e9n\u00e9tique).<\/li>\n<\/ul>\n<\/li>\n<\/ul>\n<h3>Traitement :<\/h3>\n<ul>\n<li>Obst\u00e9tricien sp\u00e9cialis\u00e9 dans les grossesses \u00e0 haut risque ou sp\u00e9cialiste n\u00e9onatal lors de l\u2019accouchement si la m\u00e8re est atteinte.<\/li>\n<li>Disponibilit\u00e9 de soins intensifs n\u00e9onatals, y compris une \u00e9ventuelle alimentation par sonde ou une assistance ventilatoire.<\/li>\n<li>Acc\u00e8s \u00e0 des sp\u00e9cialistes n\u00e9onatals et consultants capables de prendre en charge les probl\u00e8mes g\u00e9n\u00e9tiques, respiratoires, gastro-intestinaux, orthop\u00e9diques, neuromusculaires, neurochirurgicaux et cardiaques.<\/li>\n<li>Orientation vers une clinique p\u00e9diatrique neuromusculaire multidisciplinaire \u00e0 la sortie de l\u2019unit\u00e9 n\u00e9onatale afin de prendre en charge les nombreux probl\u00e8mes auxquels les enfants atteints de DMC seront confront\u00e9s.<\/li>\n<\/ul>\n","protected":false},"excerpt":{"rendered":"<p>Consid\u00e9rations relatives \u00e0 la fertilit\u00e9, \u00e0 la grossesse et \u00e0 la sant\u00e9 reproductive dans la DM.<\/p>\n","protected":false},"author":7,"featured_media":21651,"parent":21420,"menu_order":6,"comment_status":"closed","ping_status":"closed","template":"","meta":{"footnotes":""},"class_list":["post-21650","page","type-page","status-publish","has-post-thumbnail","hentry"],"_links":{"self":[{"href":"https:\/\/myotonic.org\/fr\/wp-json\/wp\/v2\/pages\/21650","targetHints":{"allow":["GET"]}}],"collection":[{"href":"https:\/\/myotonic.org\/fr\/wp-json\/wp\/v2\/pages"}],"about":[{"href":"https:\/\/myotonic.org\/fr\/wp-json\/wp\/v2\/types\/page"}],"author":[{"embeddable":true,"href":"https:\/\/myotonic.org\/fr\/wp-json\/wp\/v2\/users\/7"}],"replies":[{"embeddable":true,"href":"https:\/\/myotonic.org\/fr\/wp-json\/wp\/v2\/comments?post=21650"}],"version-history":[{"count":0,"href":"https:\/\/myotonic.org\/fr\/wp-json\/wp\/v2\/pages\/21650\/revisions"}],"up":[{"embeddable":true,"href":"https:\/\/myotonic.org\/fr\/wp-json\/wp\/v2\/pages\/21420"}],"wp:featuredmedia":[{"embeddable":true,"href":"https:\/\/myotonic.org\/fr\/wp-json\/wp\/v2\/media\/21651"}],"wp:attachment":[{"href":"https:\/\/myotonic.org\/fr\/wp-json\/wp\/v2\/media?parent=21650"}],"curies":[{"name":"wp","href":"https:\/\/api.w.org\/{rel}","templated":true}]}}